{"id":192,"date":"2025-09-21T22:27:41","date_gmt":"2025-09-21T20:27:41","guid":{"rendered":"https:\/\/eureloy.eu\/?page_id=192"},"modified":"2025-11-14T21:53:16","modified_gmt":"2025-11-14T20:53:16","slug":"vie-de-saint-eloi","status":"publish","type":"page","link":"https:\/\/eureloy.eu\/?page_id=192","title":{"rendered":"Vie de Saint Eloi"},"content":{"rendered":"\n<p>&nbsp;Saint Eloi   est n\u00e9 \u00e0 Chaptelat , village juste \u00e0 c\u00f4t\u00e9 de Limoges, au centre de la France<\/p>\n\n\n\n<p>Il est n\u00e9 en 588 , nous sommes \u00e0 la fin du VI \u00e8me si\u00e8cle. C&rsquo;est l&rsquo;\u00e9poque des Rois Francs. M\u00e9rovingiens.<\/p>\n\n\n\n<p>Il est gaulois et il est chr\u00e9tien.<\/p>\n\n\n\n<p>A &nbsp;sa naissance, un homme d&rsquo;\u00e9glise&nbsp; a&nbsp; dit \u00e0 ses parents que leur enfant &nbsp;\u00e9tait choisi par Dieu pour faire le bien. Il re\u00e7u donc le nom d&rsquo;Eligius, qui veut&nbsp; dire \u00a0\u00bb l&rsquo; \u00e9lu \u00a0\u00bb et qui a \u00e9t\u00e9 traduit en fran\u00e7ais par \u00a0\u00bb Eloi \u00ab\u00a0<\/p>\n\n\n\n<figure class=\"wp-block-image size-large is-resized\"><img loading=\"lazy\" decoding=\"async\" width=\"704\" height=\"1024\" src=\"http:\/\/eureloy.eu\/wp-content\/uploads\/2025\/09\/2-Naissance-dEloi-l-Elu-de-Dieu-Copie-2-704x1024.jpg\" alt=\"\" class=\"wp-image-193\" style=\"width:503px;height:auto\" srcset=\"https:\/\/eureloy.eu\/wp-content\/uploads\/2025\/09\/2-Naissance-dEloi-l-Elu-de-Dieu-Copie-2-704x1024.jpg 704w, https:\/\/eureloy.eu\/wp-content\/uploads\/2025\/09\/2-Naissance-dEloi-l-Elu-de-Dieu-Copie-2-206x300.jpg 206w, https:\/\/eureloy.eu\/wp-content\/uploads\/2025\/09\/2-Naissance-dEloi-l-Elu-de-Dieu-Copie-2-768x1117.jpg 768w, https:\/\/eureloy.eu\/wp-content\/uploads\/2025\/09\/2-Naissance-dEloi-l-Elu-de-Dieu-Copie-2-1057x1536.jpg 1057w, https:\/\/eureloy.eu\/wp-content\/uploads\/2025\/09\/2-Naissance-dEloi-l-Elu-de-Dieu-Copie-2-600x872.jpg 600w, https:\/\/eureloy.eu\/wp-content\/uploads\/2025\/09\/2-Naissance-dEloi-l-Elu-de-Dieu-Copie-2-945x1374.jpg 945w, https:\/\/eureloy.eu\/wp-content\/uploads\/2025\/09\/2-Naissance-dEloi-l-Elu-de-Dieu-Copie-2.jpg 1212w\" sizes=\"auto, (max-width: 704px) 100vw, 704px\" \/><\/figure>\n\n\n\n<p>Il a &nbsp;7 ans, quand ses parents l&rsquo;envoient &nbsp;\u00e0 Limoges, en pension chez un orf\u00e8vre qui s&rsquo;appelle Abbon pour apprendre le m\u00e9tier d&rsquo;orf\u00e8vre.<\/p>\n\n\n\n<figure class=\"wp-block-image size-full\"><img loading=\"lazy\" decoding=\"async\" width=\"498\" height=\"786\" src=\"http:\/\/eureloy.eu\/wp-content\/uploads\/2025\/09\/2b-Eloi-2-Abbon-Copie.jpg\" alt=\"\" class=\"wp-image-194\" srcset=\"https:\/\/eureloy.eu\/wp-content\/uploads\/2025\/09\/2b-Eloi-2-Abbon-Copie.jpg 498w, https:\/\/eureloy.eu\/wp-content\/uploads\/2025\/09\/2b-Eloi-2-Abbon-Copie-190x300.jpg 190w\" sizes=\"auto, (max-width: 498px) 100vw, 498px\" \/><\/figure>\n\n\n\n<p>&nbsp;Orf\u00e8vre : \u00e9tymologiquement, c&rsquo;est celui qui travaille l&rsquo;or. C&rsquo;est un m\u00e9tier d&rsquo;art. Il fabrique des bijoux mais aussi des objets sacr\u00e9s ou d\u00e9coratifs.<\/p>\n\n\n\n<p>&nbsp;Il a aussi la chance d&rsquo;aller &nbsp;\u00e0 l&rsquo;\u00e9cole.<\/p>\n\n\n\n<p>Mais, m\u00eame si&nbsp; Eloi est devenu un&nbsp; saint tr\u00e8s c\u00e9l\u00e8bre, quand il \u00e9tait jeune, il \u00e9tait comme tous les enfants de son \u00e2ge.<\/p>\n\n\n\n<p>&nbsp;Un jour , dans la forge de sa maison, \u00e0 Chaptelat, il se mit en col\u00e8re parce qu&rsquo;il n&rsquo;arrivait pas \u00e0 faire ce qu&rsquo;il voulait, et de rage, lan\u00e7a son marteau par la fen\u00eatre, et l\u00e0 o\u00f9 atterrit&nbsp; le marteau, jaillit une source&#8230;Cette fontaine existe toujours. <\/p>\n\n\n\n<figure class=\"wp-block-image size-full is-resized\"><img loading=\"lazy\" decoding=\"async\" width=\"998\" height=\"665\" src=\"http:\/\/eureloy.eu\/wp-content\/uploads\/2025\/09\/St-Eloi-2-b-Fontaine-Chaptelat.jpg\" alt=\"\" class=\"wp-image-201\" style=\"width:498px;height:auto\" srcset=\"https:\/\/eureloy.eu\/wp-content\/uploads\/2025\/09\/St-Eloi-2-b-Fontaine-Chaptelat.jpg 998w, https:\/\/eureloy.eu\/wp-content\/uploads\/2025\/09\/St-Eloi-2-b-Fontaine-Chaptelat-300x200.jpg 300w, https:\/\/eureloy.eu\/wp-content\/uploads\/2025\/09\/St-Eloi-2-b-Fontaine-Chaptelat-768x512.jpg 768w, https:\/\/eureloy.eu\/wp-content\/uploads\/2025\/09\/St-Eloi-2-b-Fontaine-Chaptelat-600x400.jpg 600w, https:\/\/eureloy.eu\/wp-content\/uploads\/2025\/09\/St-Eloi-2-b-Fontaine-Chaptelat-945x630.jpg 945w\" sizes=\"auto, (max-width: 998px) 100vw, 998px\" \/><\/figure>\n\n\n\n<p>&nbsp;Ce qui est extraordinaire, c&rsquo;est que la source est \u00e0 plus d&rsquo;un kilom\u00e8tre de la maison d&rsquo;Eloi, eh bien, cela reste le record du monde du lancer du marteau&#8230;.<\/p>\n\n\n\n<p>Vers 17 ans, il part travailler \u00e0 Paris, dans l&rsquo;atelier du mon\u00e9taire royal.<\/p>\n\n\n\n<figure class=\"wp-block-image size-full is-resized\"><img loading=\"lazy\" decoding=\"async\" width=\"879\" height=\"658\" src=\"http:\/\/eureloy.eu\/wp-content\/uploads\/2025\/09\/St-Eloi-3-Monetaire-du-Roi.jpg\" alt=\"\" class=\"wp-image-202\" style=\"width:499px;height:auto\" srcset=\"https:\/\/eureloy.eu\/wp-content\/uploads\/2025\/09\/St-Eloi-3-Monetaire-du-Roi.jpg 879w, https:\/\/eureloy.eu\/wp-content\/uploads\/2025\/09\/St-Eloi-3-Monetaire-du-Roi-300x225.jpg 300w, https:\/\/eureloy.eu\/wp-content\/uploads\/2025\/09\/St-Eloi-3-Monetaire-du-Roi-768x575.jpg 768w, https:\/\/eureloy.eu\/wp-content\/uploads\/2025\/09\/St-Eloi-3-Monetaire-du-Roi-600x449.jpg 600w\" sizes=\"auto, (max-width: 879px) 100vw, 879px\" \/><\/figure>\n\n\n\n<p>Un mon\u00e9taire est un orf\u00e8vre qui a le droit de \u00ab\u00a0frapper monnaie\u00a0\u00bb( c&rsquo;est \u00e0 dire fabriquer des pi\u00e8ces de monnaie en or) pour le compte du roi Clothaire II.<\/p>\n\n\n\n<figure class=\"wp-block-image size-full is-resized\"><img loading=\"lazy\" decoding=\"async\" width=\"1022\" height=\"870\" src=\"http:\/\/eureloy.eu\/wp-content\/uploads\/2025\/09\/4b-Eloi-4-frappe-monnaie-et-la-signe-Eligi-.jpg\" alt=\"\" class=\"wp-image-197\" style=\"width:508px;height:auto\" srcset=\"https:\/\/eureloy.eu\/wp-content\/uploads\/2025\/09\/4b-Eloi-4-frappe-monnaie-et-la-signe-Eligi-.jpg 1022w, https:\/\/eureloy.eu\/wp-content\/uploads\/2025\/09\/4b-Eloi-4-frappe-monnaie-et-la-signe-Eligi--300x255.jpg 300w, https:\/\/eureloy.eu\/wp-content\/uploads\/2025\/09\/4b-Eloi-4-frappe-monnaie-et-la-signe-Eligi--768x654.jpg 768w, https:\/\/eureloy.eu\/wp-content\/uploads\/2025\/09\/4b-Eloi-4-frappe-monnaie-et-la-signe-Eligi--600x511.jpg 600w, https:\/\/eureloy.eu\/wp-content\/uploads\/2025\/09\/4b-Eloi-4-frappe-monnaie-et-la-signe-Eligi--945x804.jpg 945w\" sizes=\"auto, (max-width: 1022px) 100vw, 1022px\" \/><\/figure>\n\n\n\n<p>L&rsquo;atelier de cet orf\u00e8vre, se situait \u00e0 Paris au Quai des Orf\u00e8vres, pr\u00e9s de la rue de la Monnaie.<\/p>\n\n\n\n<p>&nbsp;&nbsp;&nbsp;&nbsp;&nbsp;&nbsp;&nbsp;&nbsp; CLOTHAIRE II le remarque pour son talent&nbsp; d&rsquo;orf\u00e8vre: le roi lui demande de lui fabriquer un si\u00e8ge recouvert d&rsquo;or.<\/p>\n\n\n\n<p>&nbsp;Le roi lui donne donc une certaine quantit\u00e9 d&rsquo;or pour fabriquer le si\u00e8ge.<\/p>\n\n\n\n<p>&nbsp;Quand il vient chercher son si\u00e8ge, Eloi lui en donne<strong><u> deux<\/u><\/strong>&#8230;<\/p>\n\n\n\n<p>Car son habilet\u00e9 lui a permis qu&rsquo;avec l&rsquo;or pour fabriquer un si\u00e8ge, il arrive \u00e0 en fabriquer 2 !!! <\/p>\n\n\n\n<figure class=\"wp-block-image size-large is-resized\"><img loading=\"lazy\" decoding=\"async\" width=\"830\" height=\"1024\" src=\"http:\/\/eureloy.eu\/wp-content\/uploads\/2025\/09\/St-Eloi-5-aa-3-Eloi-remet-2-sieges-a-Clotaire-II-830x1024.jpg\" alt=\"\" class=\"wp-image-204\" style=\"width:487px;height:auto\" srcset=\"https:\/\/eureloy.eu\/wp-content\/uploads\/2025\/09\/St-Eloi-5-aa-3-Eloi-remet-2-sieges-a-Clotaire-II-830x1024.jpg 830w, https:\/\/eureloy.eu\/wp-content\/uploads\/2025\/09\/St-Eloi-5-aa-3-Eloi-remet-2-sieges-a-Clotaire-II-243x300.jpg 243w, https:\/\/eureloy.eu\/wp-content\/uploads\/2025\/09\/St-Eloi-5-aa-3-Eloi-remet-2-sieges-a-Clotaire-II-768x947.jpg 768w, https:\/\/eureloy.eu\/wp-content\/uploads\/2025\/09\/St-Eloi-5-aa-3-Eloi-remet-2-sieges-a-Clotaire-II-600x740.jpg 600w, https:\/\/eureloy.eu\/wp-content\/uploads\/2025\/09\/St-Eloi-5-aa-3-Eloi-remet-2-sieges-a-Clotaire-II-945x1166.jpg 945w, https:\/\/eureloy.eu\/wp-content\/uploads\/2025\/09\/St-Eloi-5-aa-3-Eloi-remet-2-sieges-a-Clotaire-II.jpg 1212w\" sizes=\"auto, (max-width: 830px) 100vw, 830px\" \/><\/figure>\n\n\n\n<p><strong><u>Le roi est tr\u00e8s impressionn\u00e9<\/u><\/strong> par <strong><u>l&rsquo;habilet\u00e9 d&rsquo;Eloi<\/u><\/strong>, mais aussi par &nbsp;son <strong><u>honn\u00eatet\u00e9<\/u><\/strong>, car il n&rsquo;a pas gard\u00e9 pour lui l&rsquo;or en trop.&nbsp;<\/p>\n\n\n\n<p><strong>&nbsp;<\/strong>Le roi le fait entrer &nbsp;\u00e0 l&rsquo;\u00e9cole du Palais, qui forme les ministres du Royaume.<\/p>\n\n\n\n<p>Il est ensuite nomm\u00e9 Ma\u00eetre des Monnaies, c&rsquo;est \u00e0 dire ministre des finances.<\/p>\n\n\n\n<p>\u00a0C&rsquo;est un poste tr\u00e8s important car le roi lui confie le budget du royaume.<\/p>\n\n\n\n<p><\/p>\n\n\n\n<p>St Eloi est envoy\u00e9 \u00e0 Marseille pour contr\u00f4ler la frappe des Monnaies et pour g\u00e9rer le port, port le plus important de France. Outre ses fonctions r\u00e9galiennes, il secoure les pauvres, et rach\u00e8te de nombreux esclaves pour les lib\u00e9rer et les former. Il est tr\u00e8s aim\u00e9 du peuple. Aujourd&rsquo;hui encore, sa v\u00e9n\u00e9ration est tr\u00e8s importante. Sur le seul d\u00e9partement des Bouches du Rh\u00f4ne, on compte pas moins de quinze Confr\u00e9ries qui lui sont d\u00e9di\u00e9es. <\/p>\n\n\n\n<p><\/p>\n\n\n\n<p>A la mort du roi &nbsp;Clotaire II, son fils, Dagobert lui succ\u00e8de, &nbsp;et il nomme Eloi &nbsp;\u00ab\u00a01er ministre\u00a0\u00bb.<\/p>\n\n\n\n<p>Eloi continue n\u00e9anmoins \u00e0 exercer son m\u00e9tier d&rsquo;orf\u00e8vre,<\/p>\n\n\n\n<p>&nbsp;et Dagobert lui demande de fabriquer une croix la plus belle possible, (on trouve une repr\u00e9sentation de cette croix sur un tableau du XVI\u00e8me si\u00e8cle) <\/p>\n\n\n\n<figure class=\"wp-block-image size-full is-resized\"><img loading=\"lazy\" decoding=\"async\" width=\"492\" height=\"673\" src=\"http:\/\/eureloy.eu\/wp-content\/uploads\/2025\/09\/St-Eloi-5-ab.jpg\" alt=\"\" class=\"wp-image-205\" style=\"width:374px;height:auto\" srcset=\"https:\/\/eureloy.eu\/wp-content\/uploads\/2025\/09\/St-Eloi-5-ab.jpg 492w, https:\/\/eureloy.eu\/wp-content\/uploads\/2025\/09\/St-Eloi-5-ab-219x300.jpg 219w\" sizes=\"auto, (max-width: 492px) 100vw, 492px\" \/><\/figure>\n\n\n\n<p>Cette croix, qui se situe au dessus de l&rsquo;autel, a \u00e9t\u00e9 d\u00e9truite \u00e0 la R\u00e9volution.<\/p>\n\n\n\n<p>Seul un morceau a pu \u00eatre sauv\u00e9 et est conserv\u00e9 \u00e0 Paris. C&rsquo;est de l&rsquo;or.<\/p>\n\n\n\n<figure class=\"wp-block-image size-full is-resized\"><img loading=\"lazy\" decoding=\"async\" width=\"623\" height=\"551\" src=\"http:\/\/eureloy.eu\/wp-content\/uploads\/2025\/09\/St-Eloi-5-Croix-de-St-Eloi-2.jpg\" alt=\"\" class=\"wp-image-207\" style=\"width:492px;height:auto\" srcset=\"https:\/\/eureloy.eu\/wp-content\/uploads\/2025\/09\/St-Eloi-5-Croix-de-St-Eloi-2.jpg 623w, https:\/\/eureloy.eu\/wp-content\/uploads\/2025\/09\/St-Eloi-5-Croix-de-St-Eloi-2-300x265.jpg 300w, https:\/\/eureloy.eu\/wp-content\/uploads\/2025\/09\/St-Eloi-5-Croix-de-St-Eloi-2-600x531.jpg 600w\" sizes=\"auto, (max-width: 623px) 100vw, 623px\" \/><\/figure>\n\n\n\n<p>Technique du cloisonn\u00e9. Les pierres sont des pierres pr\u00e9cieuses<\/p>\n\n\n\n<p>Des orf\u00e8vres d&rsquo;aujourd&rsquo;hui ne savent pas s&rsquo;ils seraient capables de r\u00e9aliser une telle pi\u00e8ce, tellement elle est compliqu\u00e9e \u00e0 r\u00e9aliser.<\/p>\n\n\n\n<p>Regardez bien cette pi\u00e8ce, elle a \u00e9t\u00e9 fabriqu\u00e9e des mains de St Eloi. C&rsquo;est tr\u00e8s \u00e9mouvant.<\/p>\n\n\n\n<p>Bien qu&rsquo;Eloi c\u00f4toie la richesse, il sait qu&rsquo;il y a beaucoup de <strong><u>gens tr\u00e8s pauvres<\/u><\/strong>.<\/p>\n\n\n\n<p><strong><u>il veut les rendre<\/u><\/strong> <strong><u>plus heureux<\/u><\/strong>. Il leur donne de la nourriture et de l&rsquo;argent. &nbsp;<\/p>\n\n\n\n<p>Il pratique <strong><u>la Charit\u00e9<\/u><\/strong>.<\/p>\n\n\n\n<figure class=\"wp-block-image size-full is-resized\"><img loading=\"lazy\" decoding=\"async\" width=\"1217\" height=\"1582\" src=\"http:\/\/eureloy.eu\/wp-content\/uploads\/2025\/09\/5-Eloi-donne-son-argent-aux-pauvres-Copie.jpg\" alt=\"\" class=\"wp-image-198\" style=\"width:494px;height:auto\" srcset=\"https:\/\/eureloy.eu\/wp-content\/uploads\/2025\/09\/5-Eloi-donne-son-argent-aux-pauvres-Copie.jpg 1217w, https:\/\/eureloy.eu\/wp-content\/uploads\/2025\/09\/5-Eloi-donne-son-argent-aux-pauvres-Copie-231x300.jpg 231w, https:\/\/eureloy.eu\/wp-content\/uploads\/2025\/09\/5-Eloi-donne-son-argent-aux-pauvres-Copie-788x1024.jpg 788w, https:\/\/eureloy.eu\/wp-content\/uploads\/2025\/09\/5-Eloi-donne-son-argent-aux-pauvres-Copie-768x998.jpg 768w, https:\/\/eureloy.eu\/wp-content\/uploads\/2025\/09\/5-Eloi-donne-son-argent-aux-pauvres-Copie-1182x1536.jpg 1182w, https:\/\/eureloy.eu\/wp-content\/uploads\/2025\/09\/5-Eloi-donne-son-argent-aux-pauvres-Copie-600x780.jpg 600w, https:\/\/eureloy.eu\/wp-content\/uploads\/2025\/09\/5-Eloi-donne-son-argent-aux-pauvres-Copie-945x1228.jpg 945w\" sizes=\"auto, (max-width: 1217px) 100vw, 1217px\" \/><\/figure>\n\n\n\n<p>Il cr\u00e9e de nombreux monast\u00e8res (dont celui de Solignac, \u00e0 c\u00f4t\u00e9 de Limoges( Photo), celui d&rsquo;Ourscamp ou de &nbsp;St Martial \u00e0 Paris.<\/p>\n\n\n\n<figure class=\"wp-block-image size-full is-resized\"><img loading=\"lazy\" decoding=\"async\" width=\"1018\" height=\"630\" src=\"http:\/\/eureloy.eu\/wp-content\/uploads\/2025\/09\/St-Eloi-6-bc.jpg\" alt=\"\" class=\"wp-image-209\" style=\"width:491px;height:auto\" srcset=\"https:\/\/eureloy.eu\/wp-content\/uploads\/2025\/09\/St-Eloi-6-bc.jpg 1018w, https:\/\/eureloy.eu\/wp-content\/uploads\/2025\/09\/St-Eloi-6-bc-300x186.jpg 300w, https:\/\/eureloy.eu\/wp-content\/uploads\/2025\/09\/St-Eloi-6-bc-768x475.jpg 768w, https:\/\/eureloy.eu\/wp-content\/uploads\/2025\/09\/St-Eloi-6-bc-600x371.jpg 600w, https:\/\/eureloy.eu\/wp-content\/uploads\/2025\/09\/St-Eloi-6-bc-945x585.jpg 945w\" sizes=\"auto, (max-width: 1018px) 100vw, 1018px\" \/><\/figure>\n\n\n\n<p>c&rsquo;est important, car les moines dirigent des ateliers et font travailler les habitants alentour. &nbsp;&nbsp;<\/p>\n\n\n\n<p>Ce monast\u00e8re existe toujours<\/p>\n\n\n\n<p>&nbsp;Il y a encore de nombreuses guerres entre les diff\u00e9rentes r\u00e9gions, avec la Bretagne notamment, et ceux qui perdent les guerres sont fait&nbsp; prisonniers et deviennent des esclaves.<\/p>\n\n\n\n<p><strong><u>&nbsp;Eloi, avec Dagobert, arrivent \u00e0 \u00e9tablir la paix en Gaule<\/u><\/strong>. Il <strong><u>rach\u00e8te&nbsp; des esclaves<\/u><\/strong>,<\/p>\n\n\n\n<p>&nbsp;il les lib\u00e8re. <\/p>\n\n\n\n<p>et les fait \u00e9duquer dans des monast\u00e8res, dont Solignac.<\/p>\n\n\n\n<figure class=\"wp-block-image size-full is-resized\"><img loading=\"lazy\" decoding=\"async\" width=\"340\" height=\"541\" src=\"http:\/\/eureloy.eu\/wp-content\/uploads\/2025\/09\/St-Eloi-7-liberant-des-esclaves.jpg\" alt=\"\" class=\"wp-image-215\" style=\"width:436px;height:auto\" srcset=\"https:\/\/eureloy.eu\/wp-content\/uploads\/2025\/09\/St-Eloi-7-liberant-des-esclaves.jpg 340w, https:\/\/eureloy.eu\/wp-content\/uploads\/2025\/09\/St-Eloi-7-liberant-des-esclaves-189x300.jpg 189w\" sizes=\"auto, (max-width: 340px) 100vw, 340px\" \/><\/figure>\n\n\n\n<p>A la mort du roi Dagobert, en 639, Eloi devient pr\u00eatre et il est nomm\u00e9 \u00e9v\u00eaque de Noyon et Tournai. ( Tournai est aujourd&rsquo;hui en Belgique.)<\/p>\n\n\n\n<figure class=\"wp-block-image size-full is-resized\"><img loading=\"lazy\" decoding=\"async\" width=\"680\" height=\"615\" src=\"http:\/\/eureloy.eu\/wp-content\/uploads\/2025\/09\/St-Eloi-8-Eveque.jpg\" alt=\"\" class=\"wp-image-216\" style=\"width:486px;height:auto\" srcset=\"https:\/\/eureloy.eu\/wp-content\/uploads\/2025\/09\/St-Eloi-8-Eveque.jpg 680w, https:\/\/eureloy.eu\/wp-content\/uploads\/2025\/09\/St-Eloi-8-Eveque-300x271.jpg 300w, https:\/\/eureloy.eu\/wp-content\/uploads\/2025\/09\/St-Eloi-8-Eveque-600x543.jpg 600w\" sizes=\"auto, (max-width: 680px) 100vw, 680px\" \/><\/figure>\n\n\n\n<p>&nbsp;C&rsquo;est une tr\u00e8s tr\u00e8s grande r\u00e9gion,<\/p>\n\n\n\n<p>&nbsp;les gens l&rsquo;aiment beaucoup car il aide toujours autant les pauvres.<\/p>\n\n\n\n<p>Il y cr\u00e9e de nouveaux monast\u00e8res autour desquels des villes se cr\u00e9ent: comme St Quentin&nbsp; ou&nbsp; Dunkerque&#8230;<\/p>\n\n\n\n<p>Mais Eloi vieillit,<\/p>\n\n\n\n<p>et il meurt \u00e0 71 ans,&nbsp; le 1er d\u00e9cembre 660,<\/p>\n\n\n\n<p>il est proclam\u00e9 \u00ab\u00a0saint\u00a0\u00bb par la Vox Populi.<\/p>\n\n\n\n<figure class=\"wp-block-image size-full is-resized\"><img loading=\"lazy\" decoding=\"async\" width=\"523\" height=\"716\" src=\"http:\/\/eureloy.eu\/wp-content\/uploads\/2025\/09\/St-Eloi-9.jpg\" alt=\"\" class=\"wp-image-217\" style=\"width:448px;height:auto\" srcset=\"https:\/\/eureloy.eu\/wp-content\/uploads\/2025\/09\/St-Eloi-9.jpg 523w, https:\/\/eureloy.eu\/wp-content\/uploads\/2025\/09\/St-Eloi-9-219x300.jpg 219w\" sizes=\"auto, (max-width: 523px) 100vw, 523px\" \/><\/figure>\n\n\n\n<p>Les orf\u00e8vres, mais aussi les autres m\u00e9tiers qui utilisent le marteau comme outil, comme les mar\u00e9chaux ferrants, les forgerons le reconnaissent comme un des leurs, et le v\u00e9n\u00e8rent comme Saint Patron.<\/p>\n\n\n\n<p>&nbsp;Saint Patron : celui qui prot\u00e8ge.<\/p>\n\n\n\n<p>&nbsp;Les statues de St Eloi le repr\u00e9sentent souvent tenant un marteau et avec, \u00e0 ses pieds, une enclume. <\/p>\n\n\n\n<figure class=\"wp-block-image size-large is-resized\"><img loading=\"lazy\" decoding=\"async\" width=\"736\" height=\"1024\" src=\"http:\/\/eureloy.eu\/wp-content\/uploads\/2025\/09\/St-Eloi-10-aa-patron-736x1024.jpg\" alt=\"\" class=\"wp-image-218\" style=\"width:472px;height:auto\" srcset=\"https:\/\/eureloy.eu\/wp-content\/uploads\/2025\/09\/St-Eloi-10-aa-patron-736x1024.jpg 736w, https:\/\/eureloy.eu\/wp-content\/uploads\/2025\/09\/St-Eloi-10-aa-patron-215x300.jpg 215w, https:\/\/eureloy.eu\/wp-content\/uploads\/2025\/09\/St-Eloi-10-aa-patron-768x1069.jpg 768w, https:\/\/eureloy.eu\/wp-content\/uploads\/2025\/09\/St-Eloi-10-aa-patron-1103x1536.jpg 1103w, https:\/\/eureloy.eu\/wp-content\/uploads\/2025\/09\/St-Eloi-10-aa-patron-1471x2048.jpg 1471w, https:\/\/eureloy.eu\/wp-content\/uploads\/2025\/09\/St-Eloi-10-aa-patron-600x835.jpg 600w, https:\/\/eureloy.eu\/wp-content\/uploads\/2025\/09\/St-Eloi-10-aa-patron-945x1316.jpg 945w, https:\/\/eureloy.eu\/wp-content\/uploads\/2025\/09\/St-Eloi-10-aa-patron.jpg 1665w\" sizes=\"auto, (max-width: 736px) 100vw, 736px\" \/><\/figure>\n\n\n\n<p>&nbsp;&nbsp;&nbsp;&nbsp;&nbsp;&nbsp;&nbsp;&nbsp; Les mar\u00e9chaux ferrants et les forgerons, \u00e0 la fin de leur formation, fabriquent <strong>des \u00ab\u00a0<u>bouquets<\/u><\/strong> <strong>de St Eloi<\/strong><strong>\u00ab\u00a0,<\/strong> \u00e0 partir de fers \u00e0 cheval,&nbsp; qui sont expos\u00e9s lors des f\u00eates de la St Eloi,<\/p>\n\n\n\n<p>&nbsp;puis&nbsp;sont install\u00e9s sur leur atelier, comme enseigne et pour montrer leur savoir-faire.<\/p>\n\n\n\n<figure class=\"wp-block-image size-full is-resized\"><img loading=\"lazy\" decoding=\"async\" width=\"843\" height=\"633\" src=\"http:\/\/eureloy.eu\/wp-content\/uploads\/2025\/09\/St-Eloi-10-abc-Bouquet-de-la-St-Eloi-b.jpg\" alt=\"\" class=\"wp-image-221\" style=\"width:510px;height:auto\" srcset=\"https:\/\/eureloy.eu\/wp-content\/uploads\/2025\/09\/St-Eloi-10-abc-Bouquet-de-la-St-Eloi-b.jpg 843w, https:\/\/eureloy.eu\/wp-content\/uploads\/2025\/09\/St-Eloi-10-abc-Bouquet-de-la-St-Eloi-b-300x225.jpg 300w, https:\/\/eureloy.eu\/wp-content\/uploads\/2025\/09\/St-Eloi-10-abc-Bouquet-de-la-St-Eloi-b-768x577.jpg 768w, https:\/\/eureloy.eu\/wp-content\/uploads\/2025\/09\/St-Eloi-10-abc-Bouquet-de-la-St-Eloi-b-600x451.jpg 600w\" sizes=\"auto, (max-width: 843px) 100vw, 843px\" \/><\/figure>\n\n\n\n<p>St Eloi est \u00e9galement devenu le protecteur des chevaux puisque les mar\u00e9chaux ferrants soignent les pieds des chevaux.<\/p>\n\n\n\n<p>Tr\u00e8s souvent, lors des f\u00eates de la St Eloi, <strong><u>des chevaux<\/u><\/strong> <strong><u>participent aux d\u00e9fil\u00e9s<\/u><\/strong> <strong><u>ou bien les chevaux eux-m\u00eames sont<\/u><\/strong> <strong><u>f\u00eat\u00e9s.<\/u><\/strong> &nbsp;<\/p>\n\n\n\n<figure class=\"wp-block-image size-full is-resized\"><img loading=\"lazy\" decoding=\"async\" width=\"949\" height=\"772\" src=\"http:\/\/eureloy.eu\/wp-content\/uploads\/2025\/09\/St-Eloi-11-Charette-de-St-Eloi.jpg\" alt=\"\" class=\"wp-image-210\" style=\"width:508px;height:auto\" srcset=\"https:\/\/eureloy.eu\/wp-content\/uploads\/2025\/09\/St-Eloi-11-Charette-de-St-Eloi.jpg 949w, https:\/\/eureloy.eu\/wp-content\/uploads\/2025\/09\/St-Eloi-11-Charette-de-St-Eloi-300x244.jpg 300w, https:\/\/eureloy.eu\/wp-content\/uploads\/2025\/09\/St-Eloi-11-Charette-de-St-Eloi-768x625.jpg 768w, https:\/\/eureloy.eu\/wp-content\/uploads\/2025\/09\/St-Eloi-11-Charette-de-St-Eloi-600x488.jpg 600w, https:\/\/eureloy.eu\/wp-content\/uploads\/2025\/09\/St-Eloi-11-Charette-de-St-Eloi-945x769.jpg 945w\" sizes=\"auto, (max-width: 949px) 100vw, 949px\" \/><\/figure>\n\n\n\n<p>&nbsp;Les chevaux ayant \u00e9t\u00e9 remplac\u00e9s par les automobiles,<\/p>\n\n\n\n<p>&nbsp;il est maintenant le Saint Patron des m\u00e9caniciens automobile&nbsp; et, par extension des m\u00e9caniciens &nbsp;de l&rsquo;aviation, qui encore <strong><u>aujourd&rsquo;hui<\/u><\/strong> le v\u00e9n\u00e8rent. <\/p>\n\n\n\n<figure class=\"wp-block-image size-full is-resized\"><img loading=\"lazy\" decoding=\"async\" width=\"686\" height=\"915\" src=\"http:\/\/eureloy.eu\/wp-content\/uploads\/2025\/09\/St-Eloi-11-cj.jpg\" alt=\"\" class=\"wp-image-211\" style=\"width:482px;height:auto\" srcset=\"https:\/\/eureloy.eu\/wp-content\/uploads\/2025\/09\/St-Eloi-11-cj.jpg 686w, https:\/\/eureloy.eu\/wp-content\/uploads\/2025\/09\/St-Eloi-11-cj-225x300.jpg 225w, https:\/\/eureloy.eu\/wp-content\/uploads\/2025\/09\/St-Eloi-11-cj-600x800.jpg 600w\" sizes=\"auto, (max-width: 686px) 100vw, 686px\" \/><\/figure>\n\n\n\n<p>Naturellement, il est aussi le saint patron des bijoutiers&#8230;<\/p>\n\n\n\n<p>&nbsp;et ceci dans toute la France, mais aussi en Belgique, aux Pays Bas, en Allemagne, en Italie&#8230; et m\u00eame au Canada.<\/p>\n\n\n\n<figure class=\"wp-block-image size-full is-resized\"><img loading=\"lazy\" decoding=\"async\" width=\"562\" height=\"763\" src=\"http:\/\/eureloy.eu\/wp-content\/uploads\/2025\/09\/St-Eloi-11-d-SantEligio-a.jpg\" alt=\"\" class=\"wp-image-212\" style=\"width:424px;height:auto\" srcset=\"https:\/\/eureloy.eu\/wp-content\/uploads\/2025\/09\/St-Eloi-11-d-SantEligio-a.jpg 562w, https:\/\/eureloy.eu\/wp-content\/uploads\/2025\/09\/St-Eloi-11-d-SantEligio-a-221x300.jpg 221w\" sizes=\"auto, (max-width: 562px) 100vw, 562px\" \/><\/figure>\n\n\n\n<p>Tous ces m\u00e9tiers, dont <strong><u>les Compagnons<\/u><\/strong> ainsi que des <strong><u>Confr\u00e9ries,<\/u><\/strong> organisent les f\u00eates en l&rsquo;honneur de St Eloi.<\/p>\n\n\n\n<figure class=\"wp-block-image size-large is-resized\"><img loading=\"lazy\" decoding=\"async\" width=\"1024\" height=\"370\" src=\"http:\/\/eureloy.eu\/wp-content\/uploads\/2025\/09\/ST-Eloi-16-Signature-dEloi-1024x370.jpg\" alt=\"\" class=\"wp-image-370\" style=\"width:531px;height:auto\" srcset=\"https:\/\/eureloy.eu\/wp-content\/uploads\/2025\/09\/ST-Eloi-16-Signature-dEloi-1024x370.jpg 1024w, https:\/\/eureloy.eu\/wp-content\/uploads\/2025\/09\/ST-Eloi-16-Signature-dEloi-300x108.jpg 300w, https:\/\/eureloy.eu\/wp-content\/uploads\/2025\/09\/ST-Eloi-16-Signature-dEloi-768x277.jpg 768w, https:\/\/eureloy.eu\/wp-content\/uploads\/2025\/09\/ST-Eloi-16-Signature-dEloi-600x217.jpg 600w, https:\/\/eureloy.eu\/wp-content\/uploads\/2025\/09\/ST-Eloi-16-Signature-dEloi-945x341.jpg 945w, https:\/\/eureloy.eu\/wp-content\/uploads\/2025\/09\/ST-Eloi-16-Signature-dEloi.jpg 1471w\" sizes=\"auto, (max-width: 1024px) 100vw, 1024px\" \/><\/figure>\n\n\n\n<p><\/p>\n\n\n\n<p><\/p>\n","protected":false},"excerpt":{"rendered":"<p>&nbsp;Saint Eloi est n\u00e9 \u00e0 Chaptelat , village juste \u00e0 c\u00f4t\u00e9 de Limoges, au centre de la France Il est n\u00e9 en 588 , nous sommes \u00e0 la fin du VI \u00e8me si\u00e8cle. C&rsquo;est l&rsquo;\u00e9poque des Rois Francs. M\u00e9rovingiens. Il&#8230; <a class=\"more-link\" href=\"https:\/\/eureloy.eu\/?page_id=192\">Continue Reading &rarr;<\/a><\/p>\n","protected":false},"author":1,"featured_media":0,"parent":0,"menu_order":0,"comment_status":"closed","ping_status":"closed","template":"template-nosidebar.php","meta":{"footnotes":""},"class_list":["post-192","page","type-page","status-publish","hentry"],"_links":{"self":[{"href":"https:\/\/eureloy.eu\/index.php?rest_route=\/wp\/v2\/pages\/192","targetHints":{"allow":["GET"]}}],"collection":[{"href":"https:\/\/eureloy.eu\/index.php?rest_route=\/wp\/v2\/pages"}],"about":[{"href":"https:\/\/eureloy.eu\/index.php?rest_route=\/wp\/v2\/types\/page"}],"author":[{"embeddable":true,"href":"https:\/\/eureloy.eu\/index.php?rest_route=\/wp\/v2\/users\/1"}],"replies":[{"embeddable":true,"href":"https:\/\/eureloy.eu\/index.php?rest_route=%2Fwp%2Fv2%2Fcomments&post=192"}],"version-history":[{"count":6,"href":"https:\/\/eureloy.eu\/index.php?rest_route=\/wp\/v2\/pages\/192\/revisions"}],"predecessor-version":[{"id":798,"href":"https:\/\/eureloy.eu\/index.php?rest_route=\/wp\/v2\/pages\/192\/revisions\/798"}],"wp:attachment":[{"href":"https:\/\/eureloy.eu\/index.php?rest_route=%2Fwp%2Fv2%2Fmedia&parent=192"}],"curies":[{"name":"wp","href":"https:\/\/api.w.org\/{rel}","templated":true}]}}