{"id":297,"date":"2025-09-24T18:19:03","date_gmt":"2025-09-24T16:19:03","guid":{"rendered":"https:\/\/eureloy.eu\/?page_id=297"},"modified":"2025-11-02T19:07:23","modified_gmt":"2025-11-02T18:07:23","slug":"france-2","status":"publish","type":"page","link":"https:\/\/eureloy.eu\/?page_id=297","title":{"rendered":"FRANCE"},"content":{"rendered":"\n<p><\/p>\n\n\n\n<figure class=\"wp-block-image size-large is-resized\"><img loading=\"lazy\" decoding=\"async\" width=\"634\" height=\"1024\" src=\"http:\/\/eureloy.eu\/wp-content\/uploads\/2025\/10\/Email-Noyon-634x1024.jpg\" alt=\"\" class=\"wp-image-564\" style=\"width:313px;height:auto\" srcset=\"https:\/\/eureloy.eu\/wp-content\/uploads\/2025\/10\/Email-Noyon-634x1024.jpg 634w, https:\/\/eureloy.eu\/wp-content\/uploads\/2025\/10\/Email-Noyon-186x300.jpg 186w, https:\/\/eureloy.eu\/wp-content\/uploads\/2025\/10\/Email-Noyon-768x1240.jpg 768w, https:\/\/eureloy.eu\/wp-content\/uploads\/2025\/10\/Email-Noyon-952x1536.jpg 952w, https:\/\/eureloy.eu\/wp-content\/uploads\/2025\/10\/Email-Noyon-600x969.jpg 600w, https:\/\/eureloy.eu\/wp-content\/uploads\/2025\/10\/Email-Noyon-945x1525.jpg 945w, https:\/\/eureloy.eu\/wp-content\/uploads\/2025\/10\/Email-Noyon.jpg 1239w\" sizes=\"auto, (max-width: 634px) 100vw, 634px\" \/><\/figure>\n\n\n\n<p>Email de St Eloi par Jean B\u00e9tourn\u00e9, Ma\u00eetre Emailleur de Limoges, <\/p>\n\n\n\n<p>Confr\u00e8re de St Eloi en Limousin, de Chaptelat.<\/p>\n\n\n\n<p>Cet \u00e9mail est dans la Cath\u00e9drale de Noyon, si\u00e8ge \u00e9piscopal de St Eloi.<\/p>\n\n\n\n<p> Une copie, en vitrail, est dans l\u2019\u00e9glise de Chaptelat, pays natal du Bon Saint.<\/p>\n\n\n\n<p><\/p>\n","protected":false},"excerpt":{"rendered":"<p>Email de St Eloi par Jean B\u00e9tourn\u00e9, Ma\u00eetre Emailleur de Limoges, Confr\u00e8re de St Eloi en Limousin, de Chaptelat. Cet \u00e9mail est dans la Cath\u00e9drale de Noyon, si\u00e8ge \u00e9piscopal de St Eloi. Une copie, en vitrail, est dans l\u2019\u00e9glise de&#8230; <a class=\"more-link\" href=\"https:\/\/eureloy.eu\/?page_id=297\">Continue Reading &rarr;<\/a><\/p>\n","protected":false},"author":1,"featured_media":0,"parent":0,"menu_order":8,"comment_status":"closed","ping_status":"closed","template":"template-nosidebar.php","meta":{"footnotes":""},"class_list":["post-297","page","type-page","status-publish","hentry"],"_links":{"self":[{"href":"https:\/\/eureloy.eu\/index.php?rest_route=\/wp\/v2\/pages\/297","targetHints":{"allow":["GET"]}}],"collection":[{"href":"https:\/\/eureloy.eu\/index.php?rest_route=\/wp\/v2\/pages"}],"about":[{"href":"https:\/\/eureloy.eu\/index.php?rest_route=\/wp\/v2\/types\/page"}],"author":[{"embeddable":true,"href":"https:\/\/eureloy.eu\/index.php?rest_route=\/wp\/v2\/users\/1"}],"replies":[{"embeddable":true,"href":"https:\/\/eureloy.eu\/index.php?rest_route=%2Fwp%2Fv2%2Fcomments&post=297"}],"version-history":[{"count":4,"href":"https:\/\/eureloy.eu\/index.php?rest_route=\/wp\/v2\/pages\/297\/revisions"}],"predecessor-version":[{"id":676,"href":"https:\/\/eureloy.eu\/index.php?rest_route=\/wp\/v2\/pages\/297\/revisions\/676"}],"wp:attachment":[{"href":"https:\/\/eureloy.eu\/index.php?rest_route=%2Fwp%2Fv2%2Fmedia&parent=297"}],"curies":[{"name":"wp","href":"https:\/\/api.w.org\/{rel}","templated":true}]}}