{"id":351,"date":"2025-09-24T21:59:36","date_gmt":"2025-09-24T19:59:36","guid":{"rendered":"https:\/\/eureloy.eu\/?page_id=351"},"modified":"2025-11-05T23:16:46","modified_gmt":"2025-11-05T22:16:46","slug":"histoire-de-la-confrerie-de-st-eloi-en-limousin-et-des-ostensions","status":"publish","type":"page","link":"https:\/\/eureloy.eu\/?page_id=351","title":{"rendered":"Histoire de la Confr\u00e9rie de St Eloi en Limousin et des Ostensions."},"content":{"rendered":"\n<p><strong><u>Origines de la Confr\u00e9rie de St Eloi en Limousin.<\/u><\/strong><\/p>\n\n\n\n<p><strong>1\/. Le culte de <\/strong><a href=\"http:\/\/chaptelat-ostensions-2016.fr\/?page_id=20\"><strong>Saint Eloi<\/strong><\/a><strong> et ses premi\u00e8res ostensions \u00e0 Chaptelat (1880-1953)&nbsp;<\/strong><\/p>\n\n\n\n<p>A Chaptelat, \u00e0 cot\u00e9 de Limoges, en son pays natal, la v\u00e9n\u00e9ration envers saint Eloi remonte \u00e0 des temps imm\u00e9moriaux, aupr\u00e8s de sa <strong>\u00ab&nbsp;Bonne fontaine&nbsp;\u00bb<\/strong> \u00e0 Sourue dont l\u2019eau \u00e9tait reconnue gu\u00e9rir les convulsions des b\u00e9b\u00e9s et les coliques des chevaux .<\/p>\n\n\n\n<p>En 1846, avec l\u2019arriv\u00e9e d\u2019un nouveau cur\u00e9, l\u2019<strong>abb\u00e9 Rousseau<\/strong>, originaire du Nord de la France o\u00f9 saint Eloi est particuli\u00e8rement v\u00e9n\u00e9r\u00e9, le culte de notre grand saint va prendre une nouvelle dimension \u00e0 Chaptelat. Tous les 25 juin, lors de la St Eloi d&rsquo;\u00e9t\u00e9, il organise une procession en son honneur. Celui-ci aboutira, \u00e0 partir de 1883, \u00e0 une v\u00e9ritable <strong>\u00ab&nbsp;ostension&nbsp;de saint Eloi&nbsp;\u00bb<\/strong> <strong>(<a href=\"#_edn1\" id=\"_ednref1\"><strong>[1]<\/strong><\/a>)<\/strong>, \u00e0 la suite de l\u2019obtention d\u2019une relique \u2013 une dent &#8211; accord\u00e9e par le Chapitre de la Cath\u00e9drale de Noyon o\u00f9 reposent les reliques du saint <strong>(<a href=\"#_edn2\" id=\"_ednref2\"><strong>[2]<\/strong><\/a>)<\/strong><\/p>\n\n\n\n<figure class=\"wp-block-image size-large is-resized\"><img loading=\"lazy\" decoding=\"async\" width=\"679\" height=\"1024\" src=\"http:\/\/eureloy.eu\/wp-content\/uploads\/2025\/09\/St-Eloi-13-Reliquaire-679x1024.jpg\" alt=\"\" class=\"wp-image-213\" style=\"width:410px;height:auto\" srcset=\"https:\/\/eureloy.eu\/wp-content\/uploads\/2025\/09\/St-Eloi-13-Reliquaire-679x1024.jpg 679w, https:\/\/eureloy.eu\/wp-content\/uploads\/2025\/09\/St-Eloi-13-Reliquaire-199x300.jpg 199w, https:\/\/eureloy.eu\/wp-content\/uploads\/2025\/09\/St-Eloi-13-Reliquaire-768x1158.jpg 768w, https:\/\/eureloy.eu\/wp-content\/uploads\/2025\/09\/St-Eloi-13-Reliquaire-1019x1536.jpg 1019w, https:\/\/eureloy.eu\/wp-content\/uploads\/2025\/09\/St-Eloi-13-Reliquaire-1358x2048.jpg 1358w, https:\/\/eureloy.eu\/wp-content\/uploads\/2025\/09\/St-Eloi-13-Reliquaire-600x905.jpg 600w, https:\/\/eureloy.eu\/wp-content\/uploads\/2025\/09\/St-Eloi-13-Reliquaire-945x1425.jpg 945w, https:\/\/eureloy.eu\/wp-content\/uploads\/2025\/09\/St-Eloi-13-Reliquaire.jpg 1496w\" sizes=\"auto, (max-width: 679px) 100vw, 679px\" \/><figcaption class=\"wp-element-caption\">Buste reliquaire de St Eloi, en bois, de 1883.<\/figcaption><\/figure>\n\n\n\n<figure class=\"wp-block-image size-large is-resized\"><img loading=\"lazy\" decoding=\"async\" width=\"1024\" height=\"683\" src=\"http:\/\/eureloy.eu\/wp-content\/uploads\/2025\/09\/St-Eloi-14-Dent-1-1024x683.jpg\" alt=\"\" class=\"wp-image-214\" style=\"width:405px;height:auto\" srcset=\"https:\/\/eureloy.eu\/wp-content\/uploads\/2025\/09\/St-Eloi-14-Dent-1-1024x683.jpg 1024w, https:\/\/eureloy.eu\/wp-content\/uploads\/2025\/09\/St-Eloi-14-Dent-1-300x200.jpg 300w, https:\/\/eureloy.eu\/wp-content\/uploads\/2025\/09\/St-Eloi-14-Dent-1-768x512.jpg 768w, https:\/\/eureloy.eu\/wp-content\/uploads\/2025\/09\/St-Eloi-14-Dent-1-600x400.jpg 600w, https:\/\/eureloy.eu\/wp-content\/uploads\/2025\/09\/St-Eloi-14-Dent-1-945x630.jpg 945w, https:\/\/eureloy.eu\/wp-content\/uploads\/2025\/09\/St-Eloi-14-Dent-1.jpg 1035w\" sizes=\"auto, (max-width: 1024px) 100vw, 1024px\" \/><\/figure>\n\n\n\n<p>Apr\u00e8s la mort de l\u2019abb\u00e9 Rousseau en 1898, puis la s\u00e9paration de l\u2019Eglise et de l\u2019Etat en 1905, l\u2019<em>Ostension de Saint Eloi<\/em> tombe en d\u00e9su\u00e9tude <strong>(<a href=\"#_edn3\" id=\"_ednref3\"><strong>[3]<\/strong><\/a>)<\/strong>.<\/p>\n\n\n\n<p><strong>2\/. La reconnaissance des <em>Ostensions de Saint Eloi<\/em> dans le cadre des <em>Ostensions limousines<\/em> (1953-1994)<\/strong><\/p>\n\n\n\n<p>&nbsp;Apr\u00e8s la Seconde Guerre Mondiale, le cur\u00e9 de Couzeix, l\u2019abb\u00e9 Beldio, avec l\u2019appui de monsieur Charruyer, nouveau propri\u00e9taire du ch\u00e2teau de Sourue et confr\u00e8re de Saint Martial, obtient de&nbsp;Monseigneur Rastouil l\u2019inscription d\u2019une<strong> ostension d\u00e9di\u00e9e&nbsp;\u00e0 saint Eloi<\/strong> et sa reconnaissance dans le cadre des <em>Ostensions limousines<\/em>.<\/p>\n\n\n\n<p>La <strong>premi\u00e8re ostension<\/strong> ainsi reconnue a lieu en 1953, ann\u00e9e de la renaissance de la v\u00e9n\u00e9ration du peuple de Chaptelat \u00e0 son saint <strong>(<a href=\"#_edn4\" id=\"_ednref4\"><strong>[4]<\/strong><\/a>)<\/strong>.<\/p>\n\n\n\n<p>Par la suite et conform\u00e9ment \u00e0 la tradition des <em>Ostensions limousines, les Ostensions de Saint Eloi<\/em> se succ\u00e8dent tous les sept ans, avec des rep\u00e8res particuliers <strong>(<a href=\"#_edn5\" id=\"_ednref5\"><strong>[5]<\/strong><\/a>) (<a href=\"#_edn6\" id=\"_ednref6\"><strong>[6]<\/strong><\/a>)<\/strong>. Ainsi :<\/p>\n\n\n\n<ul class=\"wp-block-list\">\n<li>1981 sera l\u2019occasion d\u2019\u00e9tablir des contacts avec <strong>la confr\u00e9rie des Marguilliers de Saint Eloi de Noyon<\/strong> (Oise) venue participer aux Ostensions de Limoges <strong>(<a href=\"#_edn7\" id=\"_ednref7\"><strong>[7]<\/strong><\/a>)<\/strong>.<\/li>\n\n\n\n<li>1988, ann\u00e9e du 1400 \u00e8me anniversaire de la naissance de Saint Eloi <strong>(<a href=\"#_edn8\" id=\"_ednref8\"><strong>[8]<\/strong><\/a>)<\/strong>, accueille, outre les Confr\u00e9ries Limousines, de nombreux p\u00e8lerins de confr\u00e9ries Saint-Eloi venus de Noyon, de B\u00e9thune, de Belgique, d\u2019Allemagne \u2026<\/li>\n<\/ul>\n\n\n\n<p>Le projet de cr\u00e9er \u00e0 Chaptelat une confr\u00e9rie de Saint Eloi commence alors \u00e0 prendre forme <strong>(<a href=\"#_edn9\" id=\"_ednref9\"><strong>[9]<\/strong><\/a>)<\/strong>.<\/p>\n\n\n\n<p>Parall\u00e8lement d\u2019autres rep\u00e8res, non ostensionnaires, pr\u00e9parent la cr\u00e9ation de la confr\u00e9rie, dont deux plus particuliers&nbsp;: En 1990, le 24 juin, \u00e0 Noyon, \u00e0 l\u2019occasion de la <em>Saint Eloi d\u2019Et\u00e9<\/em>, les liens avec les Marguilliers de Saint Eloi se consolident <strong>(<a href=\"#_edn10\" id=\"_ednref10\"><strong>[10]<\/strong><\/a>)<\/strong>. Et surtout, le m\u00eame jour, est sign\u00e9e, en pr\u00e9sence du Nonce apostolique en France, la <strong>Charte d\u2019Eureloy<\/strong> destin\u00e9e \u00e0 f\u00e9d\u00e9rer les confr\u00e9ries de Saint Eloi d\u2019Europe <strong>(<a href=\"#_edn11\" id=\"_ednref11\"><strong>[11]<\/strong><\/a>) (<a href=\"#_edn12\" id=\"_ednref12\"><strong>[12]<\/strong><\/a>)<\/strong>.<\/p>\n\n\n\n<p><strong>3\u00b0\/. Fondation de la <em>Confr\u00e9rie de Saint Eloi en Limousin<\/em> et Ostensions 1994-2016<\/strong><\/p>\n\n\n\n<p>En 1994, le 26 avril, a lieu, la fondation de la <a href=\"https:\/\/confreriesainteloienlimousinchaptelat.wordpress.com\/\" target=\"_blank\" rel=\"noreferrer noopener\"><strong><em>Confr\u00e9rie de Saint Eloi en Limousin <\/em><\/strong><\/a>de Chaptelat (<a href=\"#_edn13\" id=\"_ednref13\">[13]<\/a>), suivie, le 4 d\u00e9cembre 1994, en la f\u00eate de la <em>Saint Eloi d\u2019Hiver<\/em> <strong>(<a href=\"#_edn14\" id=\"_ednref14\"><strong>[14]<\/strong><\/a>)<\/strong>, de l\u2019intronisation de 21 confr\u00e8res et consoeurs. La confr\u00e9rie de Saint Eloi en Limousin devient alors partie prenante des <a href=\"http:\/\/www.ostensions-limousines.fr\/\" target=\"_blank\" rel=\"noreferrer noopener\"><strong>Ostensions limousines septennales<\/strong><\/a> <strong>(<a href=\"#_edn15\" id=\"_ednref15\"><strong>[15]<\/strong><\/a>)<\/strong>. Elle envoie \u00e9galement des d\u00e9l\u00e9gations aux f\u00eates de confr\u00e9ries ext\u00e9rieures au dioc\u00e8se de Limoges <strong>(<a href=\"#_edn16\" id=\"_ednref16\"><strong>[16]<\/strong><\/a>)<\/strong> et aux r\u00e9unions d\u2019Eureloy <strong>(<a href=\"#_edn17\" id=\"_ednref17\"><strong>[17]<\/strong><\/a>)<\/strong><\/p>\n\n\n\n<p>Depuis, les <strong>Ostensions septennales de Saint Eloi<\/strong>, en lien avec les autres confr\u00e9ries limousines<strong> (<a href=\"#_edn18\" id=\"_ednref18\"><strong>[18]<\/strong><\/a>)<\/strong>, constituent un \u00e9v\u00e9nement populaire marquant qui rassemble jusqu\u2019\u00e0 1.500 personnes selon les ann\u00e9es&nbsp;: habitants de Chaptelat et des hameaux environnants, membres des confr\u00e9ries des saints limousins, \u2026, p\u00e8lerins venus du reste de la France et d\u2019Europe, d\u00e9sireux d\u2019honorer ce grand homme, enfant du pays, qui fut orf\u00e8vre, homme d\u2019\u00e9tat et \u00e9v\u00eaque, avec une priorit\u00e9 au service du bien commun et des personnes&nbsp;dans le besoin.<\/p>\n\n\n\n<p>&nbsp;&nbsp;&nbsp;&nbsp;&nbsp;&nbsp;&nbsp;&nbsp;&nbsp;&nbsp;&nbsp; Les <strong>ostensions de 2016<\/strong> ont \u00e9t\u00e9 les premi\u00e8res&nbsp;\u00e0&nbsp;\u00eatre c\u00e9l\u00e9br\u00e9es&nbsp;\u00e0 la suite de l\u2019inscription des Ostensions limousines sur <strong>la liste du <em>Patrimoine culturel immat\u00e9riel de l\u2019Humanit\u00e9 de l\u2019UNESCO<\/em><\/strong>, donnant ainsi \u00e0 notre village, Chaptelat, une dimension suppl\u00e9mentaire en ce d\u00e9but du XXI\u00e8 si\u00e8cle.<\/p>\n\n\n\n<p><strong>4\u00b0\/. La <em>Confr\u00e9rie de Saint Eloi en Limousin<\/em> aujourd\u2019hui \u2013 Les Ostensions&nbsp;de 2023<\/strong><\/p>\n\n\n\n<p>Aujourd\u2019hui la <strong>confr\u00e9rie Saint Eloi en Limousin<\/strong> comprend une quarantaine de membres, hommes et femmes, son \u00e9charpe est form\u00e9e d\u2019une bande centrale violette (pour l\u2019\u00e9v\u00eaque) sur fond jaune or (pour l\u2019orf\u00e8vre) et c\u00e9l\u00e8bre sa f\u00eate le 1<sup>er<\/sup> dimanche du mois de d\u00e9cembre au plus pr\u00e8s de celle indiqu\u00e9e dans le calendrier liturgique (1<sup>er<\/sup> d\u00e9cembre). Comme d\u00e9j\u00e0 indiqu\u00e9, elle fait partie d\u2019Eureloy. <\/p>\n\n\n\n<p><\/p>\n\n\n\n<p>______________________________________<\/p>\n\n\n\n<hr class=\"wp-block-separator has-alpha-channel-opacity\"\/>\n\n\n\n<p><a href=\"#_ednref1\" id=\"_edn1\"><\/a>([1]) &nbsp;&nbsp;&nbsp;&nbsp;&nbsp;&nbsp;&nbsp;&nbsp;&nbsp; Le parcours \u00e9tait tr\u00e8s d\u00e9cor\u00e9, le cort\u00e8ge passait \u00e0 la source <em>Saint Eloi <\/em>dans le parc du ch\u00e2teau de Sourue et p\u00e9n\u00e9trait dans la cave vo\u00fbt\u00e9e de la maison et en ressortait par la salle \u00e0 manger. La l\u00e9gende dit que c\u2019est l\u00e0 qu\u2019\u00e9tait la forge des grands parents de saint Eloi et que c\u2019est de l\u00e0 qu\u2019il lan\u00e7a son marteau qui retomba \u00e0 l\u2019endroit d\u2019o\u00f9 est sortie la source que l\u2019on connait aujourd\u2019hui.<\/p>\n\n\n\n<p><a href=\"#_ednref2\" id=\"_edn2\"><\/a>([2]) &nbsp;&nbsp;&nbsp;&nbsp;&nbsp;&nbsp;&nbsp;&nbsp;&nbsp; Apr\u00e8s avoir obtenu du Chapitre de la Cath\u00e9drale de Noyon (Oise) une relique \u2013 une dent &#8211; du bon Saint, l\u2019abb\u00e9 Rousseau a fait faire un reliquaire pr\u00e9cieux destin\u00e9 \u00e0 \u00eatre ench\u00e2ss\u00e9 dans le buste en bois peint que nous lui connaissons aujourd\u2019hui. La confr\u00e9rie poss\u00e8de une photocopie de l\u2019attestation officielle en latin de Mgr D\u00e9sir\u00e9 Joseph Dennel, \u00e9v\u00eaque de Beauvais, Noyon et Senlis, en date du 29 juillet 1883, accompagn\u00e9e de sa traduction. Selon la base donn\u00e9e \u00ab&nbsp;Mistral&nbsp;\u00bb du mobilier de l\u2019\u00e9glise de Chaptelat, ce buste-reliquaire en bois color\u00e9 d\u00fb \u00e0 un auteur inconnu daterait du 18\u00e8, 19\u00e8 si\u00e8cle .<\/p>\n\n\n\n<p><a href=\"#_ednref3\" id=\"_edn3\"><\/a>([3]) &nbsp;&nbsp;&nbsp;&nbsp;&nbsp;&nbsp;&nbsp;&nbsp;&nbsp; Et ce malgr\u00e9 les efforts de Mademoiselle Palmyre, sa ni\u00e8ce. Une telle situation n\u2019emp\u00eache pas madame de La Gu\u00e9ronni\u00e8re, alors propri\u00e9taire du ch\u00e2teau de Sourue, de faire \u00e9difier une statue d\u00e9di\u00e9e \u00e0 Saint Eloi qui sera situ\u00e9e au-dessus de la source&nbsp;; cette statue est toujours en place aujourd\u2019hui.<\/p>\n\n\n\n<p><a href=\"#_ednref4\" id=\"_edn4\"><\/a>([4]) &nbsp;&nbsp;&nbsp;&nbsp;&nbsp;&nbsp;&nbsp;&nbsp;&nbsp; Les confr\u00e8res de Saint Martial ouvrent le cort\u00e8ge avec leur chasse et les paroisses environnantes suivent avec leurs reliquaires. A Sourue, un podium avait \u00e9t\u00e9 install\u00e9 construit dans le terrain mar\u00e9cageux situ\u00e9 juste en aval de la source&nbsp;; il s\u2019est affaiss\u00e9&nbsp;durant la c\u00e9r\u00e9monie d\u2019une trentaine de centim\u00e8tres sans provoquer d\u2019accident ! \u00ab&nbsp;Merci, saint Eloi&nbsp;!&nbsp;\u00bb.<\/p>\n\n\n\n<p><a href=\"#_ednref5\" id=\"_edn5\"><\/a>([5])&nbsp;&nbsp;&nbsp;&nbsp;&nbsp;&nbsp;&nbsp;&nbsp;&nbsp;&nbsp; Comme pour tout \u00e9v\u00e8nement se r\u00e9p\u00e9tant au cours des temps, on pourrait citer aussi bien des anecdotes que des \u00e9v\u00e8nements heureux ou malheureux&nbsp;: pluies particuli\u00e8rement insistantes, \u00e9tat de sant\u00e9 du c\u00e9l\u00e9brant, d\u00e9c\u00e8s, \u2026, bref des \u00e9v\u00e8nements qui incarnent bien les ostensions dans notre humanit\u00e9&nbsp;!<\/p>\n\n\n\n<p><a href=\"#_ednref6\" id=\"_edn6\"><\/a>([6])&nbsp;&nbsp;&nbsp;&nbsp;&nbsp;&nbsp;&nbsp;&nbsp;&nbsp;&nbsp; 1960 verra la premi\u00e8re participation remarqu\u00e9e des autres Confr\u00e9ries Limousines, renouvel\u00e9e pour les ostensions suivantes.<\/p>\n\n\n\n<p><a href=\"#_ednref7\" id=\"_edn7\"><\/a>([7]) &nbsp;&nbsp;&nbsp;&nbsp;&nbsp;&nbsp;&nbsp;&nbsp;&nbsp; \u00ab&nbsp;Les marguilliers de Saint-Eloi de Noyon (Oise) assument, pour la plupart, une responsabilit\u00e9 au service de l\u2019Eglise&nbsp;: l\u2019accompagnement des d\u00e9funts au cimeti\u00e8re \u00e0 la place du pr\u00eatre, la cat\u00e9ch\u00e8se de jeunes et des adolescents, la liturgie \u00e0 la cath\u00e9drale, la pr\u00e9paration au bapt\u00eame, les \u0153uvres caritatives, et ceci pour r\u00e9pondre \u00e0 l\u2019engagement qu\u2019Ils prennent le jour o\u00f9 ils sont intronis\u00e9s marguillers par la question suivante&nbsp;: \u00ab&nbsp;Vous engagez-vous \u00e0 promouvoir la d\u00e9votion \u00e0 saint Eloi, \u00e0 pratiquer ses vertus, en particulier la probit\u00e9, la loyaut\u00e9, la charit\u00e9, et \u00e0 maintenir les traditions&nbsp;\u00bb. (Abb\u00e9 de Mauny, archipr\u00eatre de Noyon, in<em> Messe pontificale pour le rassemblement europ\u00e9en des confr\u00e9ries de Saint Eloi, Dimanche 24 juin 1990 \u2013 Cath\u00e9drale de Noyon<\/em>).<\/p>\n\n\n\n<p>&nbsp;&nbsp;&nbsp;&nbsp;&nbsp;&nbsp;&nbsp;&nbsp;&nbsp;&nbsp;&nbsp;&nbsp;&nbsp;&nbsp;&nbsp; Il est int\u00e9ressant de se rappeler que les premiers avec les Marguilliers de Saint-Eloi de Noyon remontent \u00e0 1980 (ou 1981) quand quelques-uns d\u2019entre eux de passage en Limousin s\u2019arr\u00eat\u00e8rent \u00e0 Chaptelat pour d\u00e9couvrir le pays natal de saint Eloi et d\u00e9pos\u00e8rent \u00e0 cette occasion une rose et une carte de visite devant son reliquaire dans l\u2019\u00e9glise&nbsp;!<\/p>\n\n\n\n<p><a href=\"#_ednref8\" id=\"_edn8\"><\/a>([8])&nbsp;&nbsp;&nbsp;&nbsp;&nbsp;&nbsp;&nbsp;&nbsp;&nbsp;&nbsp; A l\u2019occasion de ce 1400\u00e8 anniversaire de Saint Eloi, une mission avec les Oblats <em>Immacul\u00e9e de Marie <\/em>de Solignac est organis\u00e9e dans les villages pour pr\u00e9parer l\u2019\u00e9v\u00e8nement.<\/p>\n\n\n\n<p><a href=\"#_ednref9\" id=\"_edn9\"><\/a>([9])&nbsp;&nbsp;&nbsp;&nbsp;&nbsp;&nbsp;&nbsp;&nbsp;&nbsp;&nbsp; En 1988, la participation des confr\u00e9ries limousines et de nombreux p\u00e8lerins venus de France et d\u2019Europe devient significative de la place que prennent peu \u00e0 peu les <em>Ostensions de saint Eloi <\/em>dans le \u00ab&nbsp;concert&nbsp;\u00bb des f\u00eates de nos saints limousins. Avec ce revers de la m\u00e9daille de voir l\u2019organisation logistique de l\u2019\u00e9v\u00e8nement passer \u00e0 une autre \u00e9chelle que pour les ostensions pr\u00e9c\u00e9dentes (160 repas \u00e0 servir cette ann\u00e9e-l\u00e0 \u00e0 la salle des f\u00eates de Chaptelat&nbsp;! Ce qui conduira peu \u00e0 peu les responsables des ostensions de saint Eloi \u00e0 envisager la cr\u00e9ation d\u2019une association.<\/p>\n\n\n\n<p><a href=\"#_ednref10\" id=\"_edn10\"><\/a>([10])&nbsp;&nbsp;&nbsp;&nbsp;&nbsp;&nbsp;&nbsp;&nbsp; A cette occasion, deux confr\u00e8res de Saint Eloi seront intronis\u00e9s marguilliers&nbsp;de Saint Eloi de Noyon ; d\u2019autres suivront au fil des ans, dont les derniers en 2016.<\/p>\n\n\n\n<p><a href=\"#_ednref11\" id=\"_edn11\"><\/a>([11])&nbsp;&nbsp;&nbsp;&nbsp;&nbsp;&nbsp;&nbsp;&nbsp; Monsieur Charruyer repr\u00e9sente Chaptelat.<\/p>\n\n\n\n<p><a href=\"#_ednref12\" id=\"_edn12\"><\/a>([12])&nbsp;&nbsp;&nbsp;&nbsp;&nbsp;&nbsp;&nbsp;&nbsp; En 1991, une exposition sur Saint Eloi se tient \u00e0 Chaptelat, \u00e0 l\u2019occasion de la parution d\u2019un fascicule \u00e9dit\u00e9 par M\u00e9moire du Canton de Nieul&nbsp;: <em>\u00ab&nbsp;Saint Eloi, Enfant de Chaptelat et splendeur de son si\u00e8cle&nbsp;\u00bb.<\/em><\/p>\n\n\n\n<p><a href=\"#_ednref13\" id=\"_edn13\"><\/a>([13])&nbsp;&nbsp;&nbsp;&nbsp;&nbsp;&nbsp;&nbsp;&nbsp; La cr\u00e9ation de la <strong>Confr\u00e9rie de saint Eloi en Limousin<\/strong> rencontre quelques r\u00e9ticences pour des raisons diverses, dont la pr\u00e9sence de femmes consoeurs. Monseigneur Souli\u00e9 l\u00e8vera ces r\u00e9ticences. La r\u00e9alisation de sa banni\u00e8re estconfi\u00e9e au Carmel du Dorat<\/p>\n\n\n\n<p><a href=\"#_ednref14\" id=\"_edn14\"><\/a>([14]) &nbsp;&nbsp;&nbsp;&nbsp;&nbsp;&nbsp;&nbsp; La \u00ab&nbsp;saint Eloi d\u2019hiver&nbsp;\u00bb &#8211; le 1<sup>er<\/sup> d\u00e9cembre &#8211; est celle du calendrier de l\u2019Eglise catholique qui c\u00e9l\u00e8bre le jour de sa mort, c\u2019est-\u00e0-dire, dans la perspective chr\u00e9tienne, le jour de sa naissance au Ciel, soit le 1<sup>er<\/sup> d\u00e9cembre 660 \u00e0 l\u2019\u00e2ge de 70 ans.<\/p>\n\n\n\n<p><a href=\"#_ednref15\" id=\"_edn15\"><\/a>([15]) &nbsp;&nbsp;&nbsp;&nbsp;&nbsp;&nbsp;&nbsp; En m\u00eame temps, la <strong>confr\u00e9rie de saint Eloi en Limousin<\/strong> participe aux f\u00eates annuelles des confr\u00e9ries du dioc\u00e8se de Limoges, f\u00eates qui sont d\u00e9sign\u00e9es sous le nom de <em>\u00ab&nbsp;Petites Ostensions&nbsp;\u00bb<\/em>.<\/p>\n\n\n\n<p><a href=\"#_ednref16\" id=\"_edn16\"><\/a>([16])&nbsp;&nbsp;&nbsp;&nbsp;&nbsp;&nbsp;&nbsp;&nbsp; En France&nbsp;: Noyon dans l\u2019Oise, Rognonas en Provence, \u2026 E &nbsp;<\/p>\n\n\n\n<p><a href=\"#_ednref17\" id=\"_edn17\"><\/a>([17])&nbsp;&nbsp;&nbsp;&nbsp;&nbsp;&nbsp;&nbsp;&nbsp; Pour Eureloy&nbsp;: Namur en Belgique, \u2026.<\/p>\n\n\n\n<p><a href=\"#_ednref18\" id=\"_edn18\"><\/a>([18])&nbsp;&nbsp;&nbsp;&nbsp;&nbsp;&nbsp;&nbsp;&nbsp; Par le biais de la <strong>F\u00e9d\u00e9ration des confr\u00e9ries limousines<\/strong> qui accueille depuis 2017 les comit\u00e9s ostensionnaires.<\/p>\n\n\n\n<p>_____________________________________________________________<\/p>\n\n\n\n<p><\/p>\n","protected":false},"excerpt":{"rendered":"<p>Origines de la Confr\u00e9rie de St Eloi en Limousin. 1\/. Le culte de Saint Eloi et ses premi\u00e8res ostensions \u00e0 Chaptelat (1880-1953)&nbsp; A Chaptelat, \u00e0 cot\u00e9 de Limoges, en son pays natal, la v\u00e9n\u00e9ration envers saint Eloi remonte \u00e0 des&#8230; <a class=\"more-link\" href=\"https:\/\/eureloy.eu\/?page_id=351\">Continue Reading &rarr;<\/a><\/p>\n","protected":false},"author":1,"featured_media":0,"parent":311,"menu_order":0,"comment_status":"closed","ping_status":"closed","template":"template-nosidebar.php","meta":{"footnotes":""},"class_list":["post-351","page","type-page","status-publish","hentry"],"_links":{"self":[{"href":"https:\/\/eureloy.eu\/index.php?rest_route=\/wp\/v2\/pages\/351","targetHints":{"allow":["GET"]}}],"collection":[{"href":"https:\/\/eureloy.eu\/index.php?rest_route=\/wp\/v2\/pages"}],"about":[{"href":"https:\/\/eureloy.eu\/index.php?rest_route=\/wp\/v2\/types\/page"}],"author":[{"embeddable":true,"href":"https:\/\/eureloy.eu\/index.php?rest_route=\/wp\/v2\/users\/1"}],"replies":[{"embeddable":true,"href":"https:\/\/eureloy.eu\/index.php?rest_route=%2Fwp%2Fv2%2Fcomments&post=351"}],"version-history":[{"count":2,"href":"https:\/\/eureloy.eu\/index.php?rest_route=\/wp\/v2\/pages\/351\/revisions"}],"predecessor-version":[{"id":368,"href":"https:\/\/eureloy.eu\/index.php?rest_route=\/wp\/v2\/pages\/351\/revisions\/368"}],"up":[{"embeddable":true,"href":"https:\/\/eureloy.eu\/index.php?rest_route=\/wp\/v2\/pages\/311"}],"wp:attachment":[{"href":"https:\/\/eureloy.eu\/index.php?rest_route=%2Fwp%2Fv2%2Fmedia&parent=351"}],"curies":[{"name":"wp","href":"https:\/\/api.w.org\/{rel}","templated":true}]}}