{"id":422,"date":"2025-09-29T17:31:47","date_gmt":"2025-09-29T15:31:47","guid":{"rendered":"https:\/\/eureloy.eu\/?page_id=422"},"modified":"2025-11-02T18:07:18","modified_gmt":"2025-11-02T17:07:18","slug":"confreries-de-st-eloi-de-provence","status":"publish","type":"page","link":"https:\/\/eureloy.eu\/?page_id=422","title":{"rendered":"Confr\u00e9ries de St Eloi de Provence"},"content":{"rendered":"\n<p>Rognonas, Noves, Chateaurenard, Boulbon, Eyragues, Maillanes, Moll\u00e9g\u00e8s, St Etienne du Gr\u00e9s, St R\u00e9my de Provence, Maussanes, Chateau Gombert&#8230;<\/p>\n\n\n\n<figure class=\"wp-block-image size-large is-resized\"><img decoding=\"async\" src=\"http:\/\/eureloy.eu\/wp-content\/uploads\/2025\/09\/ostension-chaptelat-053-1024x766.jpg\" alt=\"\" class=\"wp-image-423\" style=\"width:528px;height:auto\"\/><\/figure>\n\n\n\n<figure class=\"wp-block-image size-large is-resized\"><img decoding=\"async\" src=\"http:\/\/eureloy.eu\/wp-content\/uploads\/2025\/09\/ostension-chaptelat-055-1024x678.jpg\" alt=\"\" class=\"wp-image-430\" style=\"width:529px;height:auto\"\/><\/figure>\n\n\n\n<figure class=\"wp-block-image size-large is-resized\"><img decoding=\"async\" src=\"http:\/\/eureloy.eu\/wp-content\/uploads\/2025\/09\/E-Procession-12-6-1024x683.jpg\" alt=\"\" class=\"wp-image-431\" style=\"width:530px;height:auto\"\/><\/figure>\n","protected":false},"excerpt":{"rendered":"<p>Rognonas, Noves, Chateaurenard, Boulbon, Eyragues, Maillanes, Moll\u00e9g\u00e8s, St Etienne du Gr\u00e9s, St R\u00e9my de Provence, Maussanes, Chateau Gombert&#8230;<\/p>\n","protected":false},"author":1,"featured_media":0,"parent":297,"menu_order":0,"comment_status":"closed","ping_status":"closed","template":"template-nosidebar.php","meta":{"footnotes":""},"class_list":["post-422","page","type-page","status-publish","hentry"],"_links":{"self":[{"href":"https:\/\/eureloy.eu\/index.php?rest_route=\/wp\/v2\/pages\/422","targetHints":{"allow":["GET"]}}],"collection":[{"href":"https:\/\/eureloy.eu\/index.php?rest_route=\/wp\/v2\/pages"}],"about":[{"href":"https:\/\/eureloy.eu\/index.php?rest_route=\/wp\/v2\/types\/page"}],"author":[{"embeddable":true,"href":"https:\/\/eureloy.eu\/index.php?rest_route=\/wp\/v2\/users\/1"}],"replies":[{"embeddable":true,"href":"https:\/\/eureloy.eu\/index.php?rest_route=%2Fwp%2Fv2%2Fcomments&post=422"}],"version-history":[{"count":3,"href":"https:\/\/eureloy.eu\/index.php?rest_route=\/wp\/v2\/pages\/422\/revisions"}],"predecessor-version":[{"id":432,"href":"https:\/\/eureloy.eu\/index.php?rest_route=\/wp\/v2\/pages\/422\/revisions\/432"}],"up":[{"embeddable":true,"href":"https:\/\/eureloy.eu\/index.php?rest_route=\/wp\/v2\/pages\/297"}],"wp:attachment":[{"href":"https:\/\/eureloy.eu\/index.php?rest_route=%2Fwp%2Fv2%2Fmedia&parent=422"}],"curies":[{"name":"wp","href":"https:\/\/api.w.org\/{rel}","templated":true}]}}