{"id":426,"date":"2025-09-30T17:16:53","date_gmt":"2025-09-30T15:16:53","guid":{"rendered":"https:\/\/eureloy.eu\/?page_id=426"},"modified":"2026-02-02T11:36:21","modified_gmt":"2026-02-02T10:36:21","slug":"confreries-des-charitables-de-st-eloi","status":"publish","type":"page","link":"https:\/\/eureloy.eu\/?page_id=426","title":{"rendered":"Confr\u00e9ries des Charitables de St Eloi"},"content":{"rendered":"\n<p>B\u00e9thune, Beuvry, Festubert, Annezin, La Couture, Lestrem, Locon&#8230;<\/p>\n\n\n\n<figure class=\"wp-block-image size-large\"><img loading=\"lazy\" decoding=\"async\" width=\"1024\" height=\"636\" src=\"https:\/\/eureloy.eu\/wp-content\/uploads\/2025\/12\/20240922_101602-Copie-1024x636.jpg\" alt=\"\" class=\"wp-image-887\" srcset=\"https:\/\/eureloy.eu\/wp-content\/uploads\/2025\/12\/20240922_101602-Copie-1024x636.jpg 1024w, https:\/\/eureloy.eu\/wp-content\/uploads\/2025\/12\/20240922_101602-Copie-300x186.jpg 300w, https:\/\/eureloy.eu\/wp-content\/uploads\/2025\/12\/20240922_101602-Copie-768x477.jpg 768w, https:\/\/eureloy.eu\/wp-content\/uploads\/2025\/12\/20240922_101602-Copie-1536x954.jpg 1536w, https:\/\/eureloy.eu\/wp-content\/uploads\/2025\/12\/20240922_101602-Copie-2048x1272.jpg 2048w, https:\/\/eureloy.eu\/wp-content\/uploads\/2025\/12\/20240922_101602-Copie-600x373.jpg 600w, https:\/\/eureloy.eu\/wp-content\/uploads\/2025\/12\/20240922_101602-Copie-945x587.jpg 945w\" sizes=\"auto, (max-width: 1024px) 100vw, 1024px\" \/><\/figure>\n\n\n\n<figure class=\"wp-block-image size-large is-resized\"><img loading=\"lazy\" decoding=\"async\" width=\"1024\" height=\"768\" src=\"https:\/\/eureloy.eu\/wp-content\/uploads\/2025\/12\/Procession-a-Naviaux-LR-2000-2-1024x768.jpg\" alt=\"\" class=\"wp-image-889\" style=\"width:621px;height:auto\" srcset=\"https:\/\/eureloy.eu\/wp-content\/uploads\/2025\/12\/Procession-a-Naviaux-LR-2000-2-1024x768.jpg 1024w, https:\/\/eureloy.eu\/wp-content\/uploads\/2025\/12\/Procession-a-Naviaux-LR-2000-2-300x225.jpg 300w, https:\/\/eureloy.eu\/wp-content\/uploads\/2025\/12\/Procession-a-Naviaux-LR-2000-2-768x576.jpg 768w, https:\/\/eureloy.eu\/wp-content\/uploads\/2025\/12\/Procession-a-Naviaux-LR-2000-2-1536x1152.jpg 1536w, https:\/\/eureloy.eu\/wp-content\/uploads\/2025\/12\/Procession-a-Naviaux-LR-2000-2-600x450.jpg 600w, https:\/\/eureloy.eu\/wp-content\/uploads\/2025\/12\/Procession-a-Naviaux-LR-2000-2-945x709.jpg 945w, https:\/\/eureloy.eu\/wp-content\/uploads\/2025\/12\/Procession-a-Naviaux-LR-2000-2.jpg 2000w\" sizes=\"auto, (max-width: 1024px) 100vw, 1024px\" \/><\/figure>\n\n\n\n<figure class=\"wp-block-image size-large is-resized\"><img loading=\"lazy\" decoding=\"async\" width=\"1024\" height=\"462\" src=\"https:\/\/eureloy.eu\/wp-content\/uploads\/2025\/12\/Procession-a-Naviaux-LR-2000-6-1024x462.jpg\" alt=\"\" class=\"wp-image-890\" style=\"width:621px;height:auto\" srcset=\"https:\/\/eureloy.eu\/wp-content\/uploads\/2025\/12\/Procession-a-Naviaux-LR-2000-6-1024x462.jpg 1024w, https:\/\/eureloy.eu\/wp-content\/uploads\/2025\/12\/Procession-a-Naviaux-LR-2000-6-300x135.jpg 300w, https:\/\/eureloy.eu\/wp-content\/uploads\/2025\/12\/Procession-a-Naviaux-LR-2000-6-768x346.jpg 768w, https:\/\/eureloy.eu\/wp-content\/uploads\/2025\/12\/Procession-a-Naviaux-LR-2000-6-1536x693.jpg 1536w, https:\/\/eureloy.eu\/wp-content\/uploads\/2025\/12\/Procession-a-Naviaux-LR-2000-6-600x271.jpg 600w, https:\/\/eureloy.eu\/wp-content\/uploads\/2025\/12\/Procession-a-Naviaux-LR-2000-6-945x426.jpg 945w, https:\/\/eureloy.eu\/wp-content\/uploads\/2025\/12\/Procession-a-Naviaux-LR-2000-6.jpg 2000w\" sizes=\"auto, (max-width: 1024px) 100vw, 1024px\" \/><\/figure>\n\n\n\n<figure class=\"wp-block-image size-large is-resized\"><img loading=\"lazy\" decoding=\"async\" width=\"1024\" height=\"645\" src=\"https:\/\/eureloy.eu\/wp-content\/uploads\/2025\/12\/Rencontre-a-Quinty-2-2025-01-10-182954-1024x645.png\" alt=\"\" class=\"wp-image-891\" style=\"width:620px;height:auto\" srcset=\"https:\/\/eureloy.eu\/wp-content\/uploads\/2025\/12\/Rencontre-a-Quinty-2-2025-01-10-182954-1024x645.png 1024w, https:\/\/eureloy.eu\/wp-content\/uploads\/2025\/12\/Rencontre-a-Quinty-2-2025-01-10-182954-300x189.png 300w, https:\/\/eureloy.eu\/wp-content\/uploads\/2025\/12\/Rencontre-a-Quinty-2-2025-01-10-182954-768x484.png 768w, https:\/\/eureloy.eu\/wp-content\/uploads\/2025\/12\/Rencontre-a-Quinty-2-2025-01-10-182954-600x378.png 600w, https:\/\/eureloy.eu\/wp-content\/uploads\/2025\/12\/Rencontre-a-Quinty-2-2025-01-10-182954-945x595.png 945w, https:\/\/eureloy.eu\/wp-content\/uploads\/2025\/12\/Rencontre-a-Quinty-2-2025-01-10-182954.png 1119w\" sizes=\"auto, (max-width: 1024px) 100vw, 1024px\" \/><\/figure>\n\n\n\n<p>La rencontre au Parc de Quinty<\/p>\n\n\n\n<p><strong><u>Histoire des Charitables de St Eloi<\/u><\/strong><\/p>\n\n\n\n<p>C&rsquo;est&nbsp;<strong>en 1188,<\/strong>&nbsp;lors d&rsquo;une \u00e9pid\u00e9mie de peste particuli\u00e8rement meurtri\u00e8re qui d\u00e9vaste leur r\u00e9gion, que&nbsp;<strong>Germon de Beuvry et Gauthier de B\u00e9thune, tous deux mar\u00e9chaux-ferrants&nbsp;<\/strong>ont fond\u00e9 la Confr\u00e9rie des Charitables suite \u00e0 une apparition de saint \u00c9loi dans leurs songes, qui leur demande de fonder une \u00ab&nbsp;Karit\u00e9&nbsp;\u00bb \u2018\u2019une charit\u00e9\u2019\u2019. Les deux mar\u00e9chaux-ferrants, se rencontrent \u00e0 la source de Quinty (\u00e0 Beuvry) pour se raconter leur vision.<\/p>\n\n\n\n<p>Face \u00e0 l&rsquo;ampleur de la crise sanitaire et au nombre croissant de morts, ces deux hommes ont d\u00e9cid\u00e9 d&rsquo;unir leurs forces pour offrir une s\u00e9pulture digne \u00e0 tous les d\u00e9funts, quelle que soit leur condition sociale. Ils fondent donc la Confr\u00e9rie des Charitables de Saint-Eloi.<\/p>\n\n\n\n<p>Ainsi est n\u00e9e la mission humaniste de la Confr\u00e9rie, guid\u00e9e par la devise \u00ab\u00a0<strong>Union<\/strong>,&nbsp;<strong>Exactitude<\/strong>,&nbsp;<strong>Charit\u00e9<\/strong>\u00ab\u00a0. Ces trois mots r\u00e9sument \u00e0 eux seuls l&rsquo;engagement des Charitables : travailler ensemble dans un esprit de solidarit\u00e9, \u00eatre ponctuels et rigoureux dans l&rsquo;accomplissement de leur t\u00e2che, et faire preuve de compassion et de g\u00e9n\u00e9rosit\u00e9 envers les familles endeuill\u00e9es.<\/p>\n\n\n\n<p>Les Charitables poursuivent encore aujourd\u2019hui leur action d\u2019accompagnement et viennent en aide aupr\u00e8s des personnes en grande difficult\u00e9. Ils sont pr\u00e9sents lors des enterrements et portent le cercueil jusqu&rsquo;au cimeti\u00e8re. Seuls les hommes peuvent devenir charitables, et doivent d&rsquo;abord avoir \u00e9t\u00e9 parrain\u00e9s. Les Charitables disposent d&rsquo;un code vestimentaire tr\u00e8s stricte, dont l&rsquo;\u00e9l\u00e9ment le plus embl\u00e9matique est le chapeau bicorne noir.<\/p>\n\n\n\n<p>Bien que plac\u00e9e sous le patronage de saint Eloi, la Confr\u00e9rie des Charitables est la\u00efque depuis 1853. Il s\u2019agit aujourd\u2019hui d\u2019une association r\u00e9gie par la loi de 1901.<\/p>\n\n\n\n<p>Chaque ann\u00e9e, en septembre, le dimanche suivant la Saint-Mathieu, a lieu la traditionnelle \u00ab Procession \u00e0 Naviaux \u00bb \u00e9voquant la rencontre de Germon et de Gautier. Naviaux signifie \u00ab navets \u00bb, ces l\u00e9gumes \u00e9taient utilis\u00e9s par les Charitables pour se prot\u00e9ger des maladies.<\/p>\n\n\n\n<p>Lors de cette procession, chaque Charitable porte une baguette blanche orn\u00e9e de buis, de thym et de fleurs dont les odeurs fortes \u00e9taient cens\u00e9es \u00e9loigner le mal.<\/p>\n\n\n\n<p>Au mois de juin, les Charitables font le tour de la ville pour effectuer \u00ab la qu\u00eate des petits plombs \u00bb qui est suivit d&rsquo;une distribution gratuite de petits pains aux donateurs.<\/p>\n\n\n\n<p>Sources&nbsp;: Arch\u00e9ologie Pas de Calais, Ville de B\u00e9thune \/ Patrimoine Historique.<\/p>\n\n\n\n<p><strong>La Procession \u00e0 Naviaux<\/strong><\/p>\n\n\n\n<figure class=\"wp-block-image size-large is-resized\"><img loading=\"lazy\" decoding=\"async\" width=\"1024\" height=\"689\" src=\"https:\/\/eureloy.eu\/wp-content\/uploads\/2025\/12\/Procession-a-Naviaux-LR-2000-7-1024x689.jpg\" alt=\"\" class=\"wp-image-892\" style=\"width:617px;height:auto\" srcset=\"https:\/\/eureloy.eu\/wp-content\/uploads\/2025\/12\/Procession-a-Naviaux-LR-2000-7-1024x689.jpg 1024w, https:\/\/eureloy.eu\/wp-content\/uploads\/2025\/12\/Procession-a-Naviaux-LR-2000-7-300x202.jpg 300w, https:\/\/eureloy.eu\/wp-content\/uploads\/2025\/12\/Procession-a-Naviaux-LR-2000-7-768x516.jpg 768w, https:\/\/eureloy.eu\/wp-content\/uploads\/2025\/12\/Procession-a-Naviaux-LR-2000-7-1536x1033.jpg 1536w, https:\/\/eureloy.eu\/wp-content\/uploads\/2025\/12\/Procession-a-Naviaux-LR-2000-7-600x404.jpg 600w, https:\/\/eureloy.eu\/wp-content\/uploads\/2025\/12\/Procession-a-Naviaux-LR-2000-7-945x636.jpg 945w, https:\/\/eureloy.eu\/wp-content\/uploads\/2025\/12\/Procession-a-Naviaux-LR-2000-7.jpg 2000w\" sizes=\"auto, (max-width: 1024px) 100vw, 1024px\" \/><\/figure>\n\n\n\n<figure class=\"wp-block-image size-large is-resized\"><img loading=\"lazy\" decoding=\"async\" width=\"1024\" height=\"1001\" src=\"https:\/\/eureloy.eu\/wp-content\/uploads\/2025\/12\/20240922_110100-1024x1001.jpg\" alt=\"\" class=\"wp-image-893\" style=\"width:618px;height:auto\" srcset=\"https:\/\/eureloy.eu\/wp-content\/uploads\/2025\/12\/20240922_110100-1024x1001.jpg 1024w, https:\/\/eureloy.eu\/wp-content\/uploads\/2025\/12\/20240922_110100-300x293.jpg 300w, https:\/\/eureloy.eu\/wp-content\/uploads\/2025\/12\/20240922_110100-768x751.jpg 768w, https:\/\/eureloy.eu\/wp-content\/uploads\/2025\/12\/20240922_110100-1536x1501.jpg 1536w, https:\/\/eureloy.eu\/wp-content\/uploads\/2025\/12\/20240922_110100-600x586.jpg 600w, https:\/\/eureloy.eu\/wp-content\/uploads\/2025\/12\/20240922_110100-945x923.jpg 945w, https:\/\/eureloy.eu\/wp-content\/uploads\/2025\/12\/20240922_110100.jpg 1800w\" sizes=\"auto, (max-width: 1024px) 100vw, 1024px\" \/><\/figure>\n\n\n\n<figure class=\"wp-block-image size-large is-resized\"><img loading=\"lazy\" decoding=\"async\" width=\"1024\" height=\"461\" src=\"https:\/\/eureloy.eu\/wp-content\/uploads\/2025\/12\/20240922_110450-1024x461.jpg\" alt=\"\" class=\"wp-image-894\" style=\"width:619px;height:auto\" srcset=\"https:\/\/eureloy.eu\/wp-content\/uploads\/2025\/12\/20240922_110450-1024x461.jpg 1024w, https:\/\/eureloy.eu\/wp-content\/uploads\/2025\/12\/20240922_110450-300x135.jpg 300w, https:\/\/eureloy.eu\/wp-content\/uploads\/2025\/12\/20240922_110450-768x346.jpg 768w, https:\/\/eureloy.eu\/wp-content\/uploads\/2025\/12\/20240922_110450-1536x691.jpg 1536w, https:\/\/eureloy.eu\/wp-content\/uploads\/2025\/12\/20240922_110450-2048x922.jpg 2048w, https:\/\/eureloy.eu\/wp-content\/uploads\/2025\/12\/20240922_110450-600x270.jpg 600w, https:\/\/eureloy.eu\/wp-content\/uploads\/2025\/12\/20240922_110450-945x425.jpg 945w\" sizes=\"auto, (max-width: 1024px) 100vw, 1024px\" \/><\/figure>\n\n\n\n<figure class=\"wp-block-image size-large is-resized\"><img loading=\"lazy\" decoding=\"async\" width=\"1024\" height=\"791\" src=\"https:\/\/eureloy.eu\/wp-content\/uploads\/2025\/12\/20240922_115303-1024x791.jpg\" alt=\"\" class=\"wp-image-895\" style=\"width:620px;height:auto\" srcset=\"https:\/\/eureloy.eu\/wp-content\/uploads\/2025\/12\/20240922_115303-1024x791.jpg 1024w, https:\/\/eureloy.eu\/wp-content\/uploads\/2025\/12\/20240922_115303-300x232.jpg 300w, https:\/\/eureloy.eu\/wp-content\/uploads\/2025\/12\/20240922_115303-768x593.jpg 768w, https:\/\/eureloy.eu\/wp-content\/uploads\/2025\/12\/20240922_115303-1536x1187.jpg 1536w, https:\/\/eureloy.eu\/wp-content\/uploads\/2025\/12\/20240922_115303-600x464.jpg 600w, https:\/\/eureloy.eu\/wp-content\/uploads\/2025\/12\/20240922_115303-945x730.jpg 945w, https:\/\/eureloy.eu\/wp-content\/uploads\/2025\/12\/20240922_115303.jpg 1905w\" sizes=\"auto, (max-width: 1024px) 100vw, 1024px\" \/><\/figure>\n\n\n\n<p>La Messe.<\/p>\n\n\n\n<p><\/p>\n\n\n\n<figure class=\"wp-block-image size-large is-resized\"><img loading=\"lazy\" decoding=\"async\" width=\"1024\" height=\"461\" src=\"https:\/\/eureloy.eu\/wp-content\/uploads\/2025\/12\/20240922_143753-1-1024x461.jpg\" alt=\"\" class=\"wp-image-897\" style=\"width:625px;height:auto\" srcset=\"https:\/\/eureloy.eu\/wp-content\/uploads\/2025\/12\/20240922_143753-1-1024x461.jpg 1024w, https:\/\/eureloy.eu\/wp-content\/uploads\/2025\/12\/20240922_143753-1-300x135.jpg 300w, https:\/\/eureloy.eu\/wp-content\/uploads\/2025\/12\/20240922_143753-1-768x346.jpg 768w, https:\/\/eureloy.eu\/wp-content\/uploads\/2025\/12\/20240922_143753-1-1536x691.jpg 1536w, https:\/\/eureloy.eu\/wp-content\/uploads\/2025\/12\/20240922_143753-1-2048x922.jpg 2048w, https:\/\/eureloy.eu\/wp-content\/uploads\/2025\/12\/20240922_143753-1-600x270.jpg 600w, https:\/\/eureloy.eu\/wp-content\/uploads\/2025\/12\/20240922_143753-1-945x425.jpg 945w\" sizes=\"auto, (max-width: 1024px) 100vw, 1024px\" \/><\/figure>\n\n\n\n<figure class=\"wp-block-image size-large\"><img loading=\"lazy\" decoding=\"async\" width=\"1024\" height=\"462\" src=\"https:\/\/eureloy.eu\/wp-content\/uploads\/2025\/12\/20240922_183506-1024x462.jpg\" alt=\"\" class=\"wp-image-898\" srcset=\"https:\/\/eureloy.eu\/wp-content\/uploads\/2025\/12\/20240922_183506-1024x462.jpg 1024w, https:\/\/eureloy.eu\/wp-content\/uploads\/2025\/12\/20240922_183506-300x135.jpg 300w, https:\/\/eureloy.eu\/wp-content\/uploads\/2025\/12\/20240922_183506-768x346.jpg 768w, https:\/\/eureloy.eu\/wp-content\/uploads\/2025\/12\/20240922_183506-1536x693.jpg 1536w, https:\/\/eureloy.eu\/wp-content\/uploads\/2025\/12\/20240922_183506-2048x924.jpg 2048w, https:\/\/eureloy.eu\/wp-content\/uploads\/2025\/12\/20240922_183506-600x271.jpg 600w, https:\/\/eureloy.eu\/wp-content\/uploads\/2025\/12\/20240922_183506-945x426.jpg 945w\" sizes=\"auto, (max-width: 1024px) 100vw, 1024px\" \/><\/figure>\n\n\n\n<p>Le traditionnel repas et la non moins traditionnelle Chanson des Charitables, en cl\u00f4ture.<\/p>\n\n\n\n<p><strong>Une  partie d&rsquo;un service des Charitables.<\/strong><\/p>\n\n\n\n<figure class=\"wp-block-image size-large\"><img loading=\"lazy\" decoding=\"async\" width=\"1024\" height=\"729\" src=\"https:\/\/eureloy.eu\/wp-content\/uploads\/2025\/12\/20240923_091339-1024x729.jpg\" alt=\"\" class=\"wp-image-901\" srcset=\"https:\/\/eureloy.eu\/wp-content\/uploads\/2025\/12\/20240923_091339-1024x729.jpg 1024w, https:\/\/eureloy.eu\/wp-content\/uploads\/2025\/12\/20240923_091339-300x214.jpg 300w, https:\/\/eureloy.eu\/wp-content\/uploads\/2025\/12\/20240923_091339-768x547.jpg 768w, https:\/\/eureloy.eu\/wp-content\/uploads\/2025\/12\/20240923_091339-1536x1093.jpg 1536w, https:\/\/eureloy.eu\/wp-content\/uploads\/2025\/12\/20240923_091339-2048x1458.jpg 2048w, https:\/\/eureloy.eu\/wp-content\/uploads\/2025\/12\/20240923_091339-600x427.jpg 600w, https:\/\/eureloy.eu\/wp-content\/uploads\/2025\/12\/20240923_091339-945x673.jpg 945w\" sizes=\"auto, (max-width: 1024px) 100vw, 1024px\" \/><\/figure>\n\n\n\n<p>Pr\u00e9paration de l&rsquo;\u00e9glise.<\/p>\n\n\n\n<figure class=\"wp-block-image size-large\"><img loading=\"lazy\" decoding=\"async\" width=\"1024\" height=\"750\" src=\"https:\/\/eureloy.eu\/wp-content\/uploads\/2025\/12\/20240923_092505-1024x750.jpg\" alt=\"\" class=\"wp-image-902\" srcset=\"https:\/\/eureloy.eu\/wp-content\/uploads\/2025\/12\/20240923_092505-1024x750.jpg 1024w, https:\/\/eureloy.eu\/wp-content\/uploads\/2025\/12\/20240923_092505-300x220.jpg 300w, https:\/\/eureloy.eu\/wp-content\/uploads\/2025\/12\/20240923_092505-768x563.jpg 768w, https:\/\/eureloy.eu\/wp-content\/uploads\/2025\/12\/20240923_092505-1536x1125.jpg 1536w, https:\/\/eureloy.eu\/wp-content\/uploads\/2025\/12\/20240923_092505-600x440.jpg 600w, https:\/\/eureloy.eu\/wp-content\/uploads\/2025\/12\/20240923_092505-945x692.jpg 945w, https:\/\/eureloy.eu\/wp-content\/uploads\/2025\/12\/20240923_092505.jpg 1686w\" sizes=\"auto, (max-width: 1024px) 100vw, 1024px\" \/><\/figure>\n\n\n\n<figure class=\"wp-block-image size-large\"><img loading=\"lazy\" decoding=\"async\" width=\"1024\" height=\"718\" src=\"https:\/\/eureloy.eu\/wp-content\/uploads\/2025\/12\/20240923_092712-1024x718.jpg\" alt=\"\" class=\"wp-image-903\" srcset=\"https:\/\/eureloy.eu\/wp-content\/uploads\/2025\/12\/20240923_092712-1024x718.jpg 1024w, https:\/\/eureloy.eu\/wp-content\/uploads\/2025\/12\/20240923_092712-300x210.jpg 300w, https:\/\/eureloy.eu\/wp-content\/uploads\/2025\/12\/20240923_092712-768x538.jpg 768w, https:\/\/eureloy.eu\/wp-content\/uploads\/2025\/12\/20240923_092712-1536x1077.jpg 1536w, https:\/\/eureloy.eu\/wp-content\/uploads\/2025\/12\/20240923_092712-2048x1436.jpg 2048w, https:\/\/eureloy.eu\/wp-content\/uploads\/2025\/12\/20240923_092712-600x421.jpg 600w, https:\/\/eureloy.eu\/wp-content\/uploads\/2025\/12\/20240923_092712-945x662.jpg 945w\" sizes=\"auto, (max-width: 1024px) 100vw, 1024px\" \/><\/figure>\n\n\n\n<figure class=\"wp-block-image size-large\"><img loading=\"lazy\" decoding=\"async\" width=\"1024\" height=\"461\" src=\"https:\/\/eureloy.eu\/wp-content\/uploads\/2025\/12\/20240923_092736-1-1024x461.jpg\" alt=\"\" class=\"wp-image-906\" srcset=\"https:\/\/eureloy.eu\/wp-content\/uploads\/2025\/12\/20240923_092736-1-1024x461.jpg 1024w, https:\/\/eureloy.eu\/wp-content\/uploads\/2025\/12\/20240923_092736-1-300x135.jpg 300w, https:\/\/eureloy.eu\/wp-content\/uploads\/2025\/12\/20240923_092736-1-768x346.jpg 768w, https:\/\/eureloy.eu\/wp-content\/uploads\/2025\/12\/20240923_092736-1-1536x691.jpg 1536w, https:\/\/eureloy.eu\/wp-content\/uploads\/2025\/12\/20240923_092736-1-2048x922.jpg 2048w, https:\/\/eureloy.eu\/wp-content\/uploads\/2025\/12\/20240923_092736-1-600x270.jpg 600w, https:\/\/eureloy.eu\/wp-content\/uploads\/2025\/12\/20240923_092736-1-945x425.jpg 945w\" sizes=\"auto, (max-width: 1024px) 100vw, 1024px\" \/><\/figure>\n\n\n\n<figure class=\"wp-block-image size-large\"><img loading=\"lazy\" decoding=\"async\" width=\"1024\" height=\"600\" src=\"https:\/\/eureloy.eu\/wp-content\/uploads\/2026\/02\/carte-2026-Charitables-de-Neuve-Chapelle-Copie-1024x600.jpg\" alt=\"\" class=\"wp-image-977\" srcset=\"https:\/\/eureloy.eu\/wp-content\/uploads\/2026\/02\/carte-2026-Charitables-de-Neuve-Chapelle-Copie-1024x600.jpg 1024w, https:\/\/eureloy.eu\/wp-content\/uploads\/2026\/02\/carte-2026-Charitables-de-Neuve-Chapelle-Copie-300x176.jpg 300w, https:\/\/eureloy.eu\/wp-content\/uploads\/2026\/02\/carte-2026-Charitables-de-Neuve-Chapelle-Copie-768x450.jpg 768w, https:\/\/eureloy.eu\/wp-content\/uploads\/2026\/02\/carte-2026-Charitables-de-Neuve-Chapelle-Copie-600x352.jpg 600w, https:\/\/eureloy.eu\/wp-content\/uploads\/2026\/02\/carte-2026-Charitables-de-Neuve-Chapelle-Copie-945x554.jpg 945w, https:\/\/eureloy.eu\/wp-content\/uploads\/2026\/02\/carte-2026-Charitables-de-Neuve-Chapelle-Copie.jpg 1228w\" sizes=\"auto, (max-width: 1024px) 100vw, 1024px\" \/><\/figure>\n\n\n\n<p>23 Septembre 2024 : Inauguration du nouveau Parc Quinty&#8230;.<\/p>\n\n\n\n<p>28 Septembre 1930 : Inauguration des statues du Parc Quinty&#8230;<\/p>\n\n\n\n<p>Ce f\u00fbt \u00e9galement l&rsquo;occasion de belles agapes&#8230;.<\/p>\n\n\n\n<figure class=\"wp-block-image size-full\"><img loading=\"lazy\" decoding=\"async\" width=\"473\" height=\"864\" src=\"https:\/\/eureloy.eu\/wp-content\/uploads\/2026\/02\/PBJNr60fc0FS0nNY.png\" alt=\"\" class=\"wp-image-978\" srcset=\"https:\/\/eureloy.eu\/wp-content\/uploads\/2026\/02\/PBJNr60fc0FS0nNY.png 473w, https:\/\/eureloy.eu\/wp-content\/uploads\/2026\/02\/PBJNr60fc0FS0nNY-164x300.png 164w\" sizes=\"auto, (max-width: 473px) 100vw, 473px\" \/><\/figure>\n\n\n\n<figure class=\"wp-block-image size-full\"><img loading=\"lazy\" decoding=\"async\" width=\"389\" height=\"864\" src=\"https:\/\/eureloy.eu\/wp-content\/uploads\/2026\/02\/00A0kJqmM4CDSNDX.png\" alt=\"\" class=\"wp-image-979\" srcset=\"https:\/\/eureloy.eu\/wp-content\/uploads\/2026\/02\/00A0kJqmM4CDSNDX.png 389w, https:\/\/eureloy.eu\/wp-content\/uploads\/2026\/02\/00A0kJqmM4CDSNDX-135x300.png 135w\" sizes=\"auto, (max-width: 389px) 100vw, 389px\" \/><\/figure>\n","protected":false},"excerpt":{"rendered":"<p>B\u00e9thune, Beuvry, Festubert, Annezin, La Couture, Lestrem, Locon&#8230; La rencontre au Parc de Quinty Histoire des Charitables de St Eloi C&rsquo;est&nbsp;en 1188,&nbsp;lors d&rsquo;une \u00e9pid\u00e9mie de peste particuli\u00e8rement meurtri\u00e8re qui d\u00e9vaste leur r\u00e9gion, que&nbsp;Germon de Beuvry et Gauthier de B\u00e9thune, tous&#8230; <a class=\"more-link\" href=\"https:\/\/eureloy.eu\/?page_id=426\">Continue Reading &rarr;<\/a><\/p>\n","protected":false},"author":1,"featured_media":0,"parent":297,"menu_order":0,"comment_status":"closed","ping_status":"closed","template":"template-nosidebar.php","meta":{"footnotes":""},"class_list":["post-426","page","type-page","status-publish","hentry"],"_links":{"self":[{"href":"https:\/\/eureloy.eu\/index.php?rest_route=\/wp\/v2\/pages\/426","targetHints":{"allow":["GET"]}}],"collection":[{"href":"https:\/\/eureloy.eu\/index.php?rest_route=\/wp\/v2\/pages"}],"about":[{"href":"https:\/\/eureloy.eu\/index.php?rest_route=\/wp\/v2\/types\/page"}],"author":[{"embeddable":true,"href":"https:\/\/eureloy.eu\/index.php?rest_route=\/wp\/v2\/users\/1"}],"replies":[{"embeddable":true,"href":"https:\/\/eureloy.eu\/index.php?rest_route=%2Fwp%2Fv2%2Fcomments&post=426"}],"version-history":[{"count":16,"href":"https:\/\/eureloy.eu\/index.php?rest_route=\/wp\/v2\/pages\/426\/revisions"}],"predecessor-version":[{"id":981,"href":"https:\/\/eureloy.eu\/index.php?rest_route=\/wp\/v2\/pages\/426\/revisions\/981"}],"up":[{"embeddable":true,"href":"https:\/\/eureloy.eu\/index.php?rest_route=\/wp\/v2\/pages\/297"}],"wp:attachment":[{"href":"https:\/\/eureloy.eu\/index.php?rest_route=%2Fwp%2Fv2%2Fmedia&parent=426"}],"curies":[{"name":"wp","href":"https:\/\/api.w.org\/{rel}","templated":true}]}}