{"id":480,"date":"2025-10-01T16:57:51","date_gmt":"2025-10-01T14:57:51","guid":{"rendered":"https:\/\/eureloy.eu\/?page_id=480"},"modified":"2026-02-22T11:46:52","modified_gmt":"2026-02-22T10:46:52","slug":"confrerie-de-sant-aloi-rognonas","status":"publish","type":"page","link":"https:\/\/eureloy.eu\/?page_id=480","title":{"rendered":"Confr\u00e9rie de Sant Aloi &#8211; Rognonas"},"content":{"rendered":"\n<figure class=\"wp-block-image size-large is-resized\"><img loading=\"lazy\" decoding=\"async\" width=\"702\" height=\"1024\" src=\"https:\/\/eureloy.eu\/wp-content\/uploads\/2026\/02\/ostension-chaptelat-053-Copie-702x1024.jpg\" alt=\"\" class=\"wp-image-1014\" style=\"width:386px;height:auto\" srcset=\"https:\/\/eureloy.eu\/wp-content\/uploads\/2026\/02\/ostension-chaptelat-053-Copie-702x1024.jpg 702w, https:\/\/eureloy.eu\/wp-content\/uploads\/2026\/02\/ostension-chaptelat-053-Copie-206x300.jpg 206w, https:\/\/eureloy.eu\/wp-content\/uploads\/2026\/02\/ostension-chaptelat-053-Copie-768x1120.jpg 768w, https:\/\/eureloy.eu\/wp-content\/uploads\/2026\/02\/ostension-chaptelat-053-Copie-1053x1536.jpg 1053w, https:\/\/eureloy.eu\/wp-content\/uploads\/2026\/02\/ostension-chaptelat-053-Copie-1404x2048.jpg 1404w, https:\/\/eureloy.eu\/wp-content\/uploads\/2026\/02\/ostension-chaptelat-053-Copie-600x875.jpg 600w, https:\/\/eureloy.eu\/wp-content\/uploads\/2026\/02\/ostension-chaptelat-053-Copie-945x1378.jpg 945w, https:\/\/eureloy.eu\/wp-content\/uploads\/2026\/02\/ostension-chaptelat-053-Copie-scaled.jpg 1755w\" sizes=\"auto, (max-width: 702px) 100vw, 702px\" \/><\/figure>\n\n\n\n<figure class=\"wp-block-image size-large is-resized\"><img loading=\"lazy\" decoding=\"async\" width=\"1024\" height=\"678\" src=\"https:\/\/eureloy.eu\/wp-content\/uploads\/2026\/02\/ostension-chaptelat-055-Copie-1024x678.jpg\" alt=\"\" class=\"wp-image-1026\" style=\"width:541px;height:auto\" srcset=\"https:\/\/eureloy.eu\/wp-content\/uploads\/2026\/02\/ostension-chaptelat-055-Copie-1024x678.jpg 1024w, https:\/\/eureloy.eu\/wp-content\/uploads\/2026\/02\/ostension-chaptelat-055-Copie-300x199.jpg 300w, https:\/\/eureloy.eu\/wp-content\/uploads\/2026\/02\/ostension-chaptelat-055-Copie-768x509.jpg 768w, https:\/\/eureloy.eu\/wp-content\/uploads\/2026\/02\/ostension-chaptelat-055-Copie-1536x1017.jpg 1536w, https:\/\/eureloy.eu\/wp-content\/uploads\/2026\/02\/ostension-chaptelat-055-Copie-2048x1356.jpg 2048w, https:\/\/eureloy.eu\/wp-content\/uploads\/2026\/02\/ostension-chaptelat-055-Copie-600x397.jpg 600w, https:\/\/eureloy.eu\/wp-content\/uploads\/2026\/02\/ostension-chaptelat-055-Copie-945x626.jpg 945w\" sizes=\"auto, (max-width: 1024px) 100vw, 1024px\" \/><\/figure>\n\n\n\n<figure class=\"wp-block-image size-large is-resized\"><img loading=\"lazy\" decoding=\"async\" width=\"1024\" height=\"768\" src=\"https:\/\/eureloy.eu\/wp-content\/uploads\/2026\/02\/Rognonas-5-23-1024x768.jpg\" alt=\"\" class=\"wp-image-1027\" style=\"width:540px;height:auto\" srcset=\"https:\/\/eureloy.eu\/wp-content\/uploads\/2026\/02\/Rognonas-5-23-1024x768.jpg 1024w, https:\/\/eureloy.eu\/wp-content\/uploads\/2026\/02\/Rognonas-5-23-300x225.jpg 300w, https:\/\/eureloy.eu\/wp-content\/uploads\/2026\/02\/Rognonas-5-23-768x576.jpg 768w, https:\/\/eureloy.eu\/wp-content\/uploads\/2026\/02\/Rognonas-5-23-1536x1152.jpg 1536w, https:\/\/eureloy.eu\/wp-content\/uploads\/2026\/02\/Rognonas-5-23-2048x1536.jpg 2048w, https:\/\/eureloy.eu\/wp-content\/uploads\/2026\/02\/Rognonas-5-23-600x450.jpg 600w, https:\/\/eureloy.eu\/wp-content\/uploads\/2026\/02\/Rognonas-5-23-945x709.jpg 945w\" sizes=\"auto, (max-width: 1024px) 100vw, 1024px\" \/><\/figure>\n\n\n\n<p><strong>F\u00eate de la St Eloi<\/strong><\/p>\n\n\n\n<p>Traditionnellement, le samedi apr\u00e8s-midi : Abrivado dans les rues de Rognonas<\/p>\n\n\n\n<figure class=\"wp-block-image size-large is-resized\"><img loading=\"lazy\" decoding=\"async\" width=\"1024\" height=\"822\" src=\"https:\/\/eureloy.eu\/wp-content\/uploads\/2026\/02\/Rognonas-4-2-1024x822.jpg\" alt=\"\" class=\"wp-image-1016\" style=\"width:511px;height:auto\" srcset=\"https:\/\/eureloy.eu\/wp-content\/uploads\/2026\/02\/Rognonas-4-2-1024x822.jpg 1024w, https:\/\/eureloy.eu\/wp-content\/uploads\/2026\/02\/Rognonas-4-2-300x241.jpg 300w, https:\/\/eureloy.eu\/wp-content\/uploads\/2026\/02\/Rognonas-4-2-768x616.jpg 768w, https:\/\/eureloy.eu\/wp-content\/uploads\/2026\/02\/Rognonas-4-2-1536x1233.jpg 1536w, https:\/\/eureloy.eu\/wp-content\/uploads\/2026\/02\/Rognonas-4-2-2048x1643.jpg 2048w, https:\/\/eureloy.eu\/wp-content\/uploads\/2026\/02\/Rognonas-4-2-600x481.jpg 600w, https:\/\/eureloy.eu\/wp-content\/uploads\/2026\/02\/Rognonas-4-2-945x758.jpg 945w\" sizes=\"auto, (max-width: 1024px) 100vw, 1024px\" \/><\/figure>\n\n\n\n<figure class=\"wp-block-image size-large is-resized\"><img loading=\"lazy\" decoding=\"async\" width=\"1024\" height=\"683\" src=\"https:\/\/eureloy.eu\/wp-content\/uploads\/2026\/02\/Rognonas-4-5-1024x683.jpg\" alt=\"\" class=\"wp-image-1017\" style=\"width:513px;height:auto\" srcset=\"https:\/\/eureloy.eu\/wp-content\/uploads\/2026\/02\/Rognonas-4-5-1024x683.jpg 1024w, https:\/\/eureloy.eu\/wp-content\/uploads\/2026\/02\/Rognonas-4-5-300x200.jpg 300w, https:\/\/eureloy.eu\/wp-content\/uploads\/2026\/02\/Rognonas-4-5-768x512.jpg 768w, https:\/\/eureloy.eu\/wp-content\/uploads\/2026\/02\/Rognonas-4-5-1536x1024.jpg 1536w, https:\/\/eureloy.eu\/wp-content\/uploads\/2026\/02\/Rognonas-4-5-2048x1365.jpg 2048w, https:\/\/eureloy.eu\/wp-content\/uploads\/2026\/02\/Rognonas-4-5-600x400.jpg 600w, https:\/\/eureloy.eu\/wp-content\/uploads\/2026\/02\/Rognonas-4-5-945x630.jpg 945w\" sizes=\"auto, (max-width: 1024px) 100vw, 1024px\" \/><\/figure>\n\n\n\n<p>Puis pr\u00e9sentation de la Carreto Ramado, ou Charette Ram\u00e9e, d\u00e9cor\u00e9e de feuillages issus d&rsquo;arbre et de plantes vivri\u00e8res, en hommage \u00e0 notre Terre Nourrici\u00e8re. <\/p>\n\n\n\n<figure class=\"wp-block-image size-large is-resized\"><img loading=\"lazy\" decoding=\"async\" width=\"1024\" height=\"618\" src=\"https:\/\/eureloy.eu\/wp-content\/uploads\/2026\/02\/Capture-decran-2023-12-20-121811-1024x618.png\" alt=\"\" class=\"wp-image-1018\" style=\"width:542px;height:auto\" srcset=\"https:\/\/eureloy.eu\/wp-content\/uploads\/2026\/02\/Capture-decran-2023-12-20-121811-1024x618.png 1024w, https:\/\/eureloy.eu\/wp-content\/uploads\/2026\/02\/Capture-decran-2023-12-20-121811-300x181.png 300w, https:\/\/eureloy.eu\/wp-content\/uploads\/2026\/02\/Capture-decran-2023-12-20-121811-768x463.png 768w, https:\/\/eureloy.eu\/wp-content\/uploads\/2026\/02\/Capture-decran-2023-12-20-121811-600x362.png 600w, https:\/\/eureloy.eu\/wp-content\/uploads\/2026\/02\/Capture-decran-2023-12-20-121811-945x570.png 945w, https:\/\/eureloy.eu\/wp-content\/uploads\/2026\/02\/Capture-decran-2023-12-20-121811.png 1266w\" sizes=\"auto, (max-width: 1024px) 100vw, 1024px\" \/><\/figure>\n\n\n\n<p>Puis, le dimanche matin, course au galop dans la ville&#8230;<\/p>\n\n\n\n<figure class=\"wp-block-image size-large is-resized\"><img loading=\"lazy\" decoding=\"async\" width=\"1024\" height=\"768\" src=\"https:\/\/eureloy.eu\/wp-content\/uploads\/2026\/02\/Rognonas-4-88-2-1024x768.jpg\" alt=\"\" class=\"wp-image-1022\" style=\"width:553px;height:auto\" srcset=\"https:\/\/eureloy.eu\/wp-content\/uploads\/2026\/02\/Rognonas-4-88-2-1024x768.jpg 1024w, https:\/\/eureloy.eu\/wp-content\/uploads\/2026\/02\/Rognonas-4-88-2-300x225.jpg 300w, https:\/\/eureloy.eu\/wp-content\/uploads\/2026\/02\/Rognonas-4-88-2-768x576.jpg 768w, https:\/\/eureloy.eu\/wp-content\/uploads\/2026\/02\/Rognonas-4-88-2-1536x1152.jpg 1536w, https:\/\/eureloy.eu\/wp-content\/uploads\/2026\/02\/Rognonas-4-88-2-2048x1536.jpg 2048w, https:\/\/eureloy.eu\/wp-content\/uploads\/2026\/02\/Rognonas-4-88-2-600x450.jpg 600w, https:\/\/eureloy.eu\/wp-content\/uploads\/2026\/02\/Rognonas-4-88-2-945x709.jpg 945w\" sizes=\"auto, (max-width: 1024px) 100vw, 1024px\" \/><\/figure>\n\n\n\n<figure class=\"wp-block-image size-large is-resized\"><img loading=\"lazy\" decoding=\"async\" width=\"1024\" height=\"768\" src=\"https:\/\/eureloy.eu\/wp-content\/uploads\/2026\/02\/Rognonas-4-92-1-1024x768.jpg\" alt=\"\" class=\"wp-image-1023\" style=\"width:555px;height:auto\" srcset=\"https:\/\/eureloy.eu\/wp-content\/uploads\/2026\/02\/Rognonas-4-92-1-1024x768.jpg 1024w, https:\/\/eureloy.eu\/wp-content\/uploads\/2026\/02\/Rognonas-4-92-1-300x225.jpg 300w, https:\/\/eureloy.eu\/wp-content\/uploads\/2026\/02\/Rognonas-4-92-1-768x576.jpg 768w, https:\/\/eureloy.eu\/wp-content\/uploads\/2026\/02\/Rognonas-4-92-1-1536x1152.jpg 1536w, https:\/\/eureloy.eu\/wp-content\/uploads\/2026\/02\/Rognonas-4-92-1-2048x1536.jpg 2048w, https:\/\/eureloy.eu\/wp-content\/uploads\/2026\/02\/Rognonas-4-92-1-600x450.jpg 600w, https:\/\/eureloy.eu\/wp-content\/uploads\/2026\/02\/Rognonas-4-92-1-945x709.jpg 945w\" sizes=\"auto, (max-width: 1024px) 100vw, 1024px\" \/><\/figure>\n\n\n\n<p>Le dimanche apr\u00e8s-midi, Courses Camarguaises dans les ar\u00e8nes.<\/p>\n\n\n\n<figure class=\"wp-block-image size-large is-resized\"><img loading=\"lazy\" decoding=\"async\" width=\"1024\" height=\"683\" src=\"https:\/\/eureloy.eu\/wp-content\/uploads\/2026\/02\/Rognonas-5-29-1024x683.jpg\" alt=\"\" class=\"wp-image-1024\" style=\"width:541px;height:auto\" srcset=\"https:\/\/eureloy.eu\/wp-content\/uploads\/2026\/02\/Rognonas-5-29-1024x683.jpg 1024w, https:\/\/eureloy.eu\/wp-content\/uploads\/2026\/02\/Rognonas-5-29-300x200.jpg 300w, https:\/\/eureloy.eu\/wp-content\/uploads\/2026\/02\/Rognonas-5-29-768x512.jpg 768w, https:\/\/eureloy.eu\/wp-content\/uploads\/2026\/02\/Rognonas-5-29-1536x1024.jpg 1536w, https:\/\/eureloy.eu\/wp-content\/uploads\/2026\/02\/Rognonas-5-29-2048x1366.jpg 2048w, https:\/\/eureloy.eu\/wp-content\/uploads\/2026\/02\/Rognonas-5-29-600x400.jpg 600w, https:\/\/eureloy.eu\/wp-content\/uploads\/2026\/02\/Rognonas-5-29-945x630.jpg 945w\" sizes=\"auto, (max-width: 1024px) 100vw, 1024px\" \/><\/figure>\n\n\n\n<figure class=\"wp-block-image size-large is-resized\"><img loading=\"lazy\" decoding=\"async\" width=\"1024\" height=\"683\" src=\"https:\/\/eureloy.eu\/wp-content\/uploads\/2026\/02\/Rognonas-5-38-1024x683.jpg\" alt=\"\" class=\"wp-image-1025\" style=\"width:542px;height:auto\" srcset=\"https:\/\/eureloy.eu\/wp-content\/uploads\/2026\/02\/Rognonas-5-38-1024x683.jpg 1024w, https:\/\/eureloy.eu\/wp-content\/uploads\/2026\/02\/Rognonas-5-38-300x200.jpg 300w, https:\/\/eureloy.eu\/wp-content\/uploads\/2026\/02\/Rognonas-5-38-768x512.jpg 768w, https:\/\/eureloy.eu\/wp-content\/uploads\/2026\/02\/Rognonas-5-38-1536x1024.jpg 1536w, https:\/\/eureloy.eu\/wp-content\/uploads\/2026\/02\/Rognonas-5-38-2048x1365.jpg 2048w, https:\/\/eureloy.eu\/wp-content\/uploads\/2026\/02\/Rognonas-5-38-600x400.jpg 600w, https:\/\/eureloy.eu\/wp-content\/uploads\/2026\/02\/Rognonas-5-38-945x630.jpg 945w\" sizes=\"auto, (max-width: 1024px) 100vw, 1024px\" \/><\/figure>\n\n\n\n<p><\/p>\n","protected":false},"excerpt":{"rendered":"<p>F\u00eate de la St Eloi Traditionnellement, le samedi apr\u00e8s-midi : Abrivado dans les rues de Rognonas Puis pr\u00e9sentation de la Carreto Ramado, ou Charette Ram\u00e9e, d\u00e9cor\u00e9e de feuillages issus d&rsquo;arbre et de plantes vivri\u00e8res, en hommage \u00e0 notre Terre Nourrici\u00e8re&#8230;. <a class=\"more-link\" href=\"https:\/\/eureloy.eu\/?page_id=480\">Continue Reading &rarr;<\/a><\/p>\n","protected":false},"author":1,"featured_media":0,"parent":0,"menu_order":0,"comment_status":"closed","ping_status":"closed","template":"template-nosidebar.php","meta":{"footnotes":""},"class_list":["post-480","page","type-page","status-publish","hentry"],"_links":{"self":[{"href":"https:\/\/eureloy.eu\/index.php?rest_route=\/wp\/v2\/pages\/480","targetHints":{"allow":["GET"]}}],"collection":[{"href":"https:\/\/eureloy.eu\/index.php?rest_route=\/wp\/v2\/pages"}],"about":[{"href":"https:\/\/eureloy.eu\/index.php?rest_route=\/wp\/v2\/types\/page"}],"author":[{"embeddable":true,"href":"https:\/\/eureloy.eu\/index.php?rest_route=\/wp\/v2\/users\/1"}],"replies":[{"embeddable":true,"href":"https:\/\/eureloy.eu\/index.php?rest_route=%2Fwp%2Fv2%2Fcomments&post=480"}],"version-history":[{"count":3,"href":"https:\/\/eureloy.eu\/index.php?rest_route=\/wp\/v2\/pages\/480\/revisions"}],"predecessor-version":[{"id":1028,"href":"https:\/\/eureloy.eu\/index.php?rest_route=\/wp\/v2\/pages\/480\/revisions\/1028"}],"wp:attachment":[{"href":"https:\/\/eureloy.eu\/index.php?rest_route=%2Fwp%2Fv2%2Fmedia&parent=480"}],"curies":[{"name":"wp","href":"https:\/\/api.w.org\/{rel}","templated":true}]}}