{"id":498,"date":"2025-10-01T18:33:17","date_gmt":"2025-10-01T16:33:17","guid":{"rendered":"https:\/\/eureloy.eu\/?page_id=498"},"modified":"2026-02-10T19:02:57","modified_gmt":"2026-02-10T18:02:57","slug":"confrerie-sant-aloi-noves","status":"publish","type":"page","link":"https:\/\/eureloy.eu\/?page_id=498","title":{"rendered":"Confr\u00e9rie Sant Aloi Noves"},"content":{"rendered":"\n<figure class=\"wp-block-image size-large\"><img loading=\"lazy\" decoding=\"async\" width=\"1024\" height=\"969\" src=\"https:\/\/eureloy.eu\/wp-content\/uploads\/2026\/02\/IMG_0105-1024x969.jpg\" alt=\"\" class=\"wp-image-1001\" srcset=\"https:\/\/eureloy.eu\/wp-content\/uploads\/2026\/02\/IMG_0105-1024x969.jpg 1024w, https:\/\/eureloy.eu\/wp-content\/uploads\/2026\/02\/IMG_0105-300x284.jpg 300w, https:\/\/eureloy.eu\/wp-content\/uploads\/2026\/02\/IMG_0105-768x727.jpg 768w, https:\/\/eureloy.eu\/wp-content\/uploads\/2026\/02\/IMG_0105-1536x1454.jpg 1536w, https:\/\/eureloy.eu\/wp-content\/uploads\/2026\/02\/IMG_0105-2048x1939.jpg 2048w, https:\/\/eureloy.eu\/wp-content\/uploads\/2026\/02\/IMG_0105-600x568.jpg 600w, https:\/\/eureloy.eu\/wp-content\/uploads\/2026\/02\/IMG_0105-945x895.jpg 945w\" sizes=\"auto, (max-width: 1024px) 100vw, 1024px\" \/><\/figure>\n\n\n\n<p> C&rsquo;est la Saint Eloi&#8230;..Abrivado dans les rues de Noves<\/p>\n\n\n\n<figure class=\"wp-block-image size-large is-resized\"><img loading=\"lazy\" decoding=\"async\" width=\"1024\" height=\"697\" src=\"https:\/\/eureloy.eu\/wp-content\/uploads\/2026\/02\/IMG_9938-1024x697.jpg\" alt=\"\" class=\"wp-image-997\" style=\"width:706px;height:auto\" srcset=\"https:\/\/eureloy.eu\/wp-content\/uploads\/2026\/02\/IMG_9938-1024x697.jpg 1024w, https:\/\/eureloy.eu\/wp-content\/uploads\/2026\/02\/IMG_9938-300x204.jpg 300w, https:\/\/eureloy.eu\/wp-content\/uploads\/2026\/02\/IMG_9938-768x523.jpg 768w, https:\/\/eureloy.eu\/wp-content\/uploads\/2026\/02\/IMG_9938-1536x1046.jpg 1536w, https:\/\/eureloy.eu\/wp-content\/uploads\/2026\/02\/IMG_9938-2048x1394.jpg 2048w, https:\/\/eureloy.eu\/wp-content\/uploads\/2026\/02\/IMG_9938-600x408.jpg 600w, https:\/\/eureloy.eu\/wp-content\/uploads\/2026\/02\/IMG_9938-945x643.jpg 945w\" sizes=\"auto, (max-width: 1024px) 100vw, 1024px\" \/><\/figure>\n\n\n\n<figure class=\"wp-block-image size-large is-resized\"><img loading=\"lazy\" decoding=\"async\" width=\"1024\" height=\"495\" src=\"https:\/\/eureloy.eu\/wp-content\/uploads\/2026\/02\/IMG_9929-1024x495.jpg\" alt=\"\" class=\"wp-image-998\" style=\"width:707px;height:auto\" srcset=\"https:\/\/eureloy.eu\/wp-content\/uploads\/2026\/02\/IMG_9929-1024x495.jpg 1024w, https:\/\/eureloy.eu\/wp-content\/uploads\/2026\/02\/IMG_9929-300x145.jpg 300w, https:\/\/eureloy.eu\/wp-content\/uploads\/2026\/02\/IMG_9929-768x371.jpg 768w, https:\/\/eureloy.eu\/wp-content\/uploads\/2026\/02\/IMG_9929-1536x743.jpg 1536w, https:\/\/eureloy.eu\/wp-content\/uploads\/2026\/02\/IMG_9929-2048x990.jpg 2048w, https:\/\/eureloy.eu\/wp-content\/uploads\/2026\/02\/IMG_9929-600x290.jpg 600w, https:\/\/eureloy.eu\/wp-content\/uploads\/2026\/02\/IMG_9929-945x457.jpg 945w\" sizes=\"auto, (max-width: 1024px) 100vw, 1024px\" \/><\/figure>\n\n\n\n<figure class=\"wp-block-image size-large is-resized\"><img loading=\"lazy\" decoding=\"async\" width=\"1024\" height=\"734\" src=\"https:\/\/eureloy.eu\/wp-content\/uploads\/2026\/02\/IMG_9950-1024x734.jpg\" alt=\"\" class=\"wp-image-999\" style=\"width:706px;height:auto\" srcset=\"https:\/\/eureloy.eu\/wp-content\/uploads\/2026\/02\/IMG_9950-1024x734.jpg 1024w, https:\/\/eureloy.eu\/wp-content\/uploads\/2026\/02\/IMG_9950-300x215.jpg 300w, https:\/\/eureloy.eu\/wp-content\/uploads\/2026\/02\/IMG_9950-768x551.jpg 768w, https:\/\/eureloy.eu\/wp-content\/uploads\/2026\/02\/IMG_9950-1536x1101.jpg 1536w, https:\/\/eureloy.eu\/wp-content\/uploads\/2026\/02\/IMG_9950-2048x1468.jpg 2048w, https:\/\/eureloy.eu\/wp-content\/uploads\/2026\/02\/IMG_9950-600x430.jpg 600w, https:\/\/eureloy.eu\/wp-content\/uploads\/2026\/02\/IMG_9950-945x677.jpg 945w\" sizes=\"auto, (max-width: 1024px) 100vw, 1024px\" \/><\/figure>\n\n\n\n<p>La Carreto Ramado !<\/p>\n\n\n\n<figure class=\"wp-block-image size-large\"><img loading=\"lazy\" decoding=\"async\" width=\"1024\" height=\"671\" src=\"https:\/\/eureloy.eu\/wp-content\/uploads\/2026\/02\/IMG_0042-1024x671.jpg\" alt=\"\" class=\"wp-image-1003\" srcset=\"https:\/\/eureloy.eu\/wp-content\/uploads\/2026\/02\/IMG_0042-1024x671.jpg 1024w, https:\/\/eureloy.eu\/wp-content\/uploads\/2026\/02\/IMG_0042-300x196.jpg 300w, https:\/\/eureloy.eu\/wp-content\/uploads\/2026\/02\/IMG_0042-768x503.jpg 768w, https:\/\/eureloy.eu\/wp-content\/uploads\/2026\/02\/IMG_0042-1536x1006.jpg 1536w, https:\/\/eureloy.eu\/wp-content\/uploads\/2026\/02\/IMG_0042-2048x1341.jpg 2048w, https:\/\/eureloy.eu\/wp-content\/uploads\/2026\/02\/IMG_0042-600x393.jpg 600w, https:\/\/eureloy.eu\/wp-content\/uploads\/2026\/02\/IMG_0042-945x619.jpg 945w\" sizes=\"auto, (max-width: 1024px) 100vw, 1024px\" \/><\/figure>\n\n\n\n<p>B\u00e9n\u00e9diction des chevaux et de la Carreto Ramado.<\/p>\n\n\n\n<figure class=\"wp-block-image size-large is-resized\"><img loading=\"lazy\" decoding=\"async\" width=\"1024\" height=\"786\" src=\"https:\/\/eureloy.eu\/wp-content\/uploads\/2026\/02\/IMG_0118-1024x786.jpg\" alt=\"\" class=\"wp-image-1004\" style=\"width:669px;height:auto\" srcset=\"https:\/\/eureloy.eu\/wp-content\/uploads\/2026\/02\/IMG_0118-1024x786.jpg 1024w, https:\/\/eureloy.eu\/wp-content\/uploads\/2026\/02\/IMG_0118-300x230.jpg 300w, https:\/\/eureloy.eu\/wp-content\/uploads\/2026\/02\/IMG_0118-768x589.jpg 768w, https:\/\/eureloy.eu\/wp-content\/uploads\/2026\/02\/IMG_0118-1536x1179.jpg 1536w, https:\/\/eureloy.eu\/wp-content\/uploads\/2026\/02\/IMG_0118-2048x1572.jpg 2048w, https:\/\/eureloy.eu\/wp-content\/uploads\/2026\/02\/IMG_0118-600x460.jpg 600w, https:\/\/eureloy.eu\/wp-content\/uploads\/2026\/02\/IMG_0118-945x725.jpg 945w\" sizes=\"auto, (max-width: 1024px) 100vw, 1024px\" \/><\/figure>\n\n\n\n<p>Dimanche apr\u00e8s-midi : Courses Camarguaises aux ar\u00e8nes.<\/p>\n\n\n\n<figure class=\"wp-block-image size-large is-resized\"><img loading=\"lazy\" decoding=\"async\" width=\"1024\" height=\"768\" src=\"http:\/\/eureloy.eu\/wp-content\/uploads\/2025\/10\/Noves-LR-1-10-25-17-1024x768.jpg\" alt=\"\" class=\"wp-image-516\" style=\"width:655px;height:auto\" srcset=\"https:\/\/eureloy.eu\/wp-content\/uploads\/2025\/10\/Noves-LR-1-10-25-17-1024x768.jpg 1024w, https:\/\/eureloy.eu\/wp-content\/uploads\/2025\/10\/Noves-LR-1-10-25-17-300x225.jpg 300w, https:\/\/eureloy.eu\/wp-content\/uploads\/2025\/10\/Noves-LR-1-10-25-17-768x576.jpg 768w, https:\/\/eureloy.eu\/wp-content\/uploads\/2025\/10\/Noves-LR-1-10-25-17-1536x1152.jpg 1536w, https:\/\/eureloy.eu\/wp-content\/uploads\/2025\/10\/Noves-LR-1-10-25-17-600x450.jpg 600w, https:\/\/eureloy.eu\/wp-content\/uploads\/2025\/10\/Noves-LR-1-10-25-17-945x709.jpg 945w, https:\/\/eureloy.eu\/wp-content\/uploads\/2025\/10\/Noves-LR-1-10-25-17.jpg 2000w\" sizes=\"auto, (max-width: 1024px) 100vw, 1024px\" \/><\/figure>\n","protected":false},"excerpt":{"rendered":"<p>C&rsquo;est la Saint Eloi&#8230;..Abrivado dans les rues de Noves La Carreto Ramado ! B\u00e9n\u00e9diction des chevaux et de la Carreto Ramado. Dimanche apr\u00e8s-midi : Courses Camarguaises aux ar\u00e8nes.<\/p>\n","protected":false},"author":1,"featured_media":0,"parent":422,"menu_order":0,"comment_status":"closed","ping_status":"closed","template":"template-nosidebar.php","meta":{"footnotes":""},"class_list":["post-498","page","type-page","status-publish","hentry"],"_links":{"self":[{"href":"https:\/\/eureloy.eu\/index.php?rest_route=\/wp\/v2\/pages\/498","targetHints":{"allow":["GET"]}}],"collection":[{"href":"https:\/\/eureloy.eu\/index.php?rest_route=\/wp\/v2\/pages"}],"about":[{"href":"https:\/\/eureloy.eu\/index.php?rest_route=\/wp\/v2\/types\/page"}],"author":[{"embeddable":true,"href":"https:\/\/eureloy.eu\/index.php?rest_route=\/wp\/v2\/users\/1"}],"replies":[{"embeddable":true,"href":"https:\/\/eureloy.eu\/index.php?rest_route=%2Fwp%2Fv2%2Fcomments&post=498"}],"version-history":[{"count":7,"href":"https:\/\/eureloy.eu\/index.php?rest_route=\/wp\/v2\/pages\/498\/revisions"}],"predecessor-version":[{"id":1005,"href":"https:\/\/eureloy.eu\/index.php?rest_route=\/wp\/v2\/pages\/498\/revisions\/1005"}],"up":[{"embeddable":true,"href":"https:\/\/eureloy.eu\/index.php?rest_route=\/wp\/v2\/pages\/422"}],"wp:attachment":[{"href":"https:\/\/eureloy.eu\/index.php?rest_route=%2Fwp%2Fv2%2Fmedia&parent=498"}],"curies":[{"name":"wp","href":"https:\/\/api.w.org\/{rel}","templated":true}]}}