{"id":540,"date":"2025-10-02T11:00:44","date_gmt":"2025-10-02T09:00:44","guid":{"rendered":"https:\/\/eureloy.eu\/?page_id=540"},"modified":"2025-12-11T23:16:25","modified_gmt":"2025-12-11T22:16:25","slug":"societe-saint-eloi-bouillon","status":"publish","type":"page","link":"https:\/\/eureloy.eu\/?page_id=540","title":{"rendered":"Soci\u00e9t\u00e9 Saint Eloi &#8211; Bouillon"},"content":{"rendered":"\n<figure class=\"wp-block-image size-large\"><img loading=\"lazy\" decoding=\"async\" width=\"683\" height=\"1024\" src=\"http:\/\/eureloy.eu\/wp-content\/uploads\/2025\/12\/3D6A2841-1-683x1024.jpg\" alt=\"\" class=\"wp-image-917\" srcset=\"https:\/\/eureloy.eu\/wp-content\/uploads\/2025\/12\/3D6A2841-1-683x1024.jpg 683w, https:\/\/eureloy.eu\/wp-content\/uploads\/2025\/12\/3D6A2841-1-200x300.jpg 200w, https:\/\/eureloy.eu\/wp-content\/uploads\/2025\/12\/3D6A2841-1-768x1152.jpg 768w, https:\/\/eureloy.eu\/wp-content\/uploads\/2025\/12\/3D6A2841-1-1024x1536.jpg 1024w, https:\/\/eureloy.eu\/wp-content\/uploads\/2025\/12\/3D6A2841-1-scaled.jpg 1707w\" sizes=\"auto, (max-width: 683px) 100vw, 683px\" \/><\/figure>\n\n\n\n<p>F\u00eate de la Saint Eloi \u00e0 Bouillon :<\/p>\n\n\n\n<p>Messe avec la b\u00e9n\u00e9diction des pains.<\/p>\n\n\n\n<figure class=\"wp-block-image size-large is-resized\"><img loading=\"lazy\" decoding=\"async\" width=\"1024\" height=\"768\" src=\"http:\/\/eureloy.eu\/wp-content\/uploads\/2025\/10\/Bouillon-18-selection-28-1024x768.jpg\" alt=\"\" class=\"wp-image-635\" style=\"width:532px;height:auto\" srcset=\"https:\/\/eureloy.eu\/wp-content\/uploads\/2025\/10\/Bouillon-18-selection-28-1024x768.jpg 1024w, https:\/\/eureloy.eu\/wp-content\/uploads\/2025\/10\/Bouillon-18-selection-28-300x225.jpg 300w, https:\/\/eureloy.eu\/wp-content\/uploads\/2025\/10\/Bouillon-18-selection-28-768x576.jpg 768w, https:\/\/eureloy.eu\/wp-content\/uploads\/2025\/10\/Bouillon-18-selection-28-1536x1152.jpg 1536w, https:\/\/eureloy.eu\/wp-content\/uploads\/2025\/10\/Bouillon-18-selection-28-2048x1536.jpg 2048w, https:\/\/eureloy.eu\/wp-content\/uploads\/2025\/10\/Bouillon-18-selection-28-600x450.jpg 600w, https:\/\/eureloy.eu\/wp-content\/uploads\/2025\/10\/Bouillon-18-selection-28-945x709.jpg 945w\" sizes=\"auto, (max-width: 1024px) 100vw, 1024px\" \/><\/figure>\n\n\n\n<figure class=\"wp-block-image size-full is-resized\"><img loading=\"lazy\" decoding=\"async\" width=\"700\" height=\"525\" src=\"http:\/\/eureloy.eu\/wp-content\/uploads\/2025\/10\/Bouillon-6lrf.jpg\" alt=\"\" class=\"wp-image-650\" style=\"width:533px;height:auto\" srcset=\"https:\/\/eureloy.eu\/wp-content\/uploads\/2025\/10\/Bouillon-6lrf.jpg 700w, https:\/\/eureloy.eu\/wp-content\/uploads\/2025\/10\/Bouillon-6lrf-300x225.jpg 300w, https:\/\/eureloy.eu\/wp-content\/uploads\/2025\/10\/Bouillon-6lrf-600x450.jpg 600w\" sizes=\"auto, (max-width: 700px) 100vw, 700px\" \/><\/figure>\n\n\n\n<figure class=\"wp-block-image size-large\"><img loading=\"lazy\" decoding=\"async\" width=\"1024\" height=\"743\" src=\"https:\/\/eureloy.eu\/wp-content\/uploads\/2025\/12\/Pain-4-1024x743.jpg\" alt=\"\" class=\"wp-image-879\" srcset=\"https:\/\/eureloy.eu\/wp-content\/uploads\/2025\/12\/Pain-4-1024x743.jpg 1024w, https:\/\/eureloy.eu\/wp-content\/uploads\/2025\/12\/Pain-4-300x218.jpg 300w, https:\/\/eureloy.eu\/wp-content\/uploads\/2025\/12\/Pain-4-768x558.jpg 768w, https:\/\/eureloy.eu\/wp-content\/uploads\/2025\/12\/Pain-4-600x436.jpg 600w, https:\/\/eureloy.eu\/wp-content\/uploads\/2025\/12\/Pain-4-945x686.jpg 945w, https:\/\/eureloy.eu\/wp-content\/uploads\/2025\/12\/Pain-4.jpg 1204w\" sizes=\"auto, (max-width: 1024px) 100vw, 1024px\" \/><\/figure>\n\n\n\n<p>Procession avec les pains.<\/p>\n\n\n\n<figure class=\"wp-block-image size-large is-resized\"><img loading=\"lazy\" decoding=\"async\" width=\"846\" height=\"1024\" src=\"https:\/\/eureloy.eu\/wp-content\/uploads\/2025\/12\/Pain-6-846x1024.jpg\" alt=\"\" class=\"wp-image-877\" style=\"width:543px;height:auto\" srcset=\"https:\/\/eureloy.eu\/wp-content\/uploads\/2025\/12\/Pain-6-846x1024.jpg 846w, https:\/\/eureloy.eu\/wp-content\/uploads\/2025\/12\/Pain-6-248x300.jpg 248w, https:\/\/eureloy.eu\/wp-content\/uploads\/2025\/12\/Pain-6-768x929.jpg 768w, https:\/\/eureloy.eu\/wp-content\/uploads\/2025\/12\/Pain-6-600x726.jpg 600w, https:\/\/eureloy.eu\/wp-content\/uploads\/2025\/12\/Pain-6-945x1143.jpg 945w, https:\/\/eureloy.eu\/wp-content\/uploads\/2025\/12\/Pain-6.jpg 995w\" sizes=\"auto, (max-width: 846px) 100vw, 846px\" \/><\/figure>\n\n\n\n<figure class=\"wp-block-image size-large is-resized\"><img loading=\"lazy\" decoding=\"async\" width=\"817\" height=\"1024\" src=\"https:\/\/eureloy.eu\/wp-content\/uploads\/2025\/12\/Pain-7-817x1024.jpg\" alt=\"\" class=\"wp-image-878\" style=\"width:542px;height:auto\" srcset=\"https:\/\/eureloy.eu\/wp-content\/uploads\/2025\/12\/Pain-7-817x1024.jpg 817w, https:\/\/eureloy.eu\/wp-content\/uploads\/2025\/12\/Pain-7-239x300.jpg 239w, https:\/\/eureloy.eu\/wp-content\/uploads\/2025\/12\/Pain-7-768x962.jpg 768w, https:\/\/eureloy.eu\/wp-content\/uploads\/2025\/12\/Pain-7-600x752.jpg 600w, https:\/\/eureloy.eu\/wp-content\/uploads\/2025\/12\/Pain-7-945x1184.jpg 945w, https:\/\/eureloy.eu\/wp-content\/uploads\/2025\/12\/Pain-7.jpg 961w\" sizes=\"auto, (max-width: 817px) 100vw, 817px\" \/><\/figure>\n\n\n\n<figure class=\"wp-block-image size-large is-resized\"><img loading=\"lazy\" decoding=\"async\" width=\"586\" height=\"1024\" src=\"https:\/\/eureloy.eu\/wp-content\/uploads\/2025\/12\/Pain-1-586x1024.jpg\" alt=\"\" class=\"wp-image-880\" style=\"width:541px;height:auto\" srcset=\"https:\/\/eureloy.eu\/wp-content\/uploads\/2025\/12\/Pain-1-586x1024.jpg 586w, https:\/\/eureloy.eu\/wp-content\/uploads\/2025\/12\/Pain-1-172x300.jpg 172w, https:\/\/eureloy.eu\/wp-content\/uploads\/2025\/12\/Pain-1-600x1048.jpg 600w, https:\/\/eureloy.eu\/wp-content\/uploads\/2025\/12\/Pain-1.jpg 689w\" sizes=\"auto, (max-width: 586px) 100vw, 586px\" \/><\/figure>\n\n\n\n<figure class=\"wp-block-image size-large is-resized\"><img loading=\"lazy\" decoding=\"async\" width=\"1024\" height=\"971\" src=\"https:\/\/eureloy.eu\/wp-content\/uploads\/2025\/12\/Pain-12-1024x971.jpg\" alt=\"\" class=\"wp-image-881\" style=\"width:541px;height:auto\" srcset=\"https:\/\/eureloy.eu\/wp-content\/uploads\/2025\/12\/Pain-12-1024x971.jpg 1024w, https:\/\/eureloy.eu\/wp-content\/uploads\/2025\/12\/Pain-12-300x285.jpg 300w, https:\/\/eureloy.eu\/wp-content\/uploads\/2025\/12\/Pain-12-768x728.jpg 768w, https:\/\/eureloy.eu\/wp-content\/uploads\/2025\/12\/Pain-12-600x569.jpg 600w, https:\/\/eureloy.eu\/wp-content\/uploads\/2025\/12\/Pain-12-945x896.jpg 945w, https:\/\/eureloy.eu\/wp-content\/uploads\/2025\/12\/Pain-12.jpg 1204w\" sizes=\"auto, (max-width: 1024px) 100vw, 1024px\" \/><\/figure>\n\n\n\n<figure class=\"wp-block-image size-large is-resized\"><img decoding=\"async\" src=\"https:\/\/eureloy.eu\/wp-content\/uploads\/2025\/10\/Pain-5-902x1024.jpg\" alt=\"\" class=\"wp-image-656\" style=\"width:541px;height:auto\"\/><\/figure>\n\n\n\n<figure class=\"wp-block-image size-large is-resized\"><img decoding=\"async\" src=\"https:\/\/eureloy.eu\/wp-content\/uploads\/2025\/10\/Pain-1-586x1024.jpg\" alt=\"\" class=\"wp-image-657\" style=\"width:541px;height:auto\"\/><\/figure>\n\n\n\n<figure class=\"wp-block-image size-large is-resized\"><img decoding=\"async\" src=\"https:\/\/eureloy.eu\/wp-content\/uploads\/2025\/10\/Pain-12-1024x971.jpg\" alt=\"\" class=\"wp-image-658\" style=\"width:541px;height:auto\"\/><\/figure>\n\n\n\n<p>Apr\u00e8s la distribution des pains, chacun garde un morceau, qui doit \u00eatre mis au sommet d&rsquo;une armoire<\/p>\n\n\n\n<p>pour prot\u00e9ger la maison, notamment de l&rsquo;incendie.<\/p>\n","protected":false},"excerpt":{"rendered":"<p>F\u00eate de la Saint Eloi \u00e0 Bouillon : Messe avec la b\u00e9n\u00e9diction des pains. Procession avec les pains. Apr\u00e8s la distribution des pains, chacun garde un morceau, qui doit \u00eatre mis au sommet d&rsquo;une armoire pour prot\u00e9ger la maison, notamment&#8230; <a class=\"more-link\" href=\"https:\/\/eureloy.eu\/?page_id=540\">Continue Reading &rarr;<\/a><\/p>\n","protected":false},"author":1,"featured_media":0,"parent":0,"menu_order":0,"comment_status":"closed","ping_status":"closed","template":"template-nosidebar.php","meta":{"footnotes":""},"class_list":["post-540","page","type-page","status-publish","hentry"],"_links":{"self":[{"href":"https:\/\/eureloy.eu\/index.php?rest_route=\/wp\/v2\/pages\/540","targetHints":{"allow":["GET"]}}],"collection":[{"href":"https:\/\/eureloy.eu\/index.php?rest_route=\/wp\/v2\/pages"}],"about":[{"href":"https:\/\/eureloy.eu\/index.php?rest_route=\/wp\/v2\/types\/page"}],"author":[{"embeddable":true,"href":"https:\/\/eureloy.eu\/index.php?rest_route=\/wp\/v2\/users\/1"}],"replies":[{"embeddable":true,"href":"https:\/\/eureloy.eu\/index.php?rest_route=%2Fwp%2Fv2%2Fcomments&post=540"}],"version-history":[{"count":9,"href":"https:\/\/eureloy.eu\/index.php?rest_route=\/wp\/v2\/pages\/540\/revisions"}],"predecessor-version":[{"id":918,"href":"https:\/\/eureloy.eu\/index.php?rest_route=\/wp\/v2\/pages\/540\/revisions\/918"}],"wp:attachment":[{"href":"https:\/\/eureloy.eu\/index.php?rest_route=%2Fwp%2Fv2%2Fmedia&parent=540"}],"curies":[{"name":"wp","href":"https:\/\/api.w.org\/{rel}","templated":true}]}}