{"id":552,"date":"2025-10-02T11:10:56","date_gmt":"2025-10-02T09:10:56","guid":{"rendered":"https:\/\/eureloy.eu\/?page_id=552"},"modified":"2025-12-31T18:20:36","modified_gmt":"2025-12-31T17:20:36","slug":"confrerie-de-st-eloi-de-la-cle-dor-paris","status":"publish","type":"page","link":"https:\/\/eureloy.eu\/?page_id=552","title":{"rendered":"Confr\u00e9rie de St Eloi de La Cl\u00e9 d&rsquo;Or &#8211; Paris"},"content":{"rendered":"\n<p>Solennit\u00e9 de Saint Eloi \u00e0 Notre Dame, le 14 d\u00e9cembre 2025, voir la Newsletter.<\/p>\n\n\n\n<figure class=\"wp-block-image size-large is-resized\"><img loading=\"lazy\" decoding=\"async\" width=\"966\" height=\"1024\" src=\"https:\/\/eureloy.eu\/wp-content\/uploads\/2025\/12\/ostension-chaptelat-056-966x1024.jpg\" alt=\"\" class=\"wp-image-883\" style=\"width:618px;height:auto\" srcset=\"https:\/\/eureloy.eu\/wp-content\/uploads\/2025\/12\/ostension-chaptelat-056-966x1024.jpg 966w, https:\/\/eureloy.eu\/wp-content\/uploads\/2025\/12\/ostension-chaptelat-056-283x300.jpg 283w, https:\/\/eureloy.eu\/wp-content\/uploads\/2025\/12\/ostension-chaptelat-056-768x814.jpg 768w, https:\/\/eureloy.eu\/wp-content\/uploads\/2025\/12\/ostension-chaptelat-056-1449x1536.jpg 1449w, https:\/\/eureloy.eu\/wp-content\/uploads\/2025\/12\/ostension-chaptelat-056-1932x2048.jpg 1932w, https:\/\/eureloy.eu\/wp-content\/uploads\/2025\/12\/ostension-chaptelat-056-600x636.jpg 600w, https:\/\/eureloy.eu\/wp-content\/uploads\/2025\/12\/ostension-chaptelat-056-945x1002.jpg 945w\" sizes=\"auto, (max-width: 966px) 100vw, 966px\" \/><\/figure>\n\n\n\n<figure class=\"wp-block-image size-large is-resized\"><img loading=\"lazy\" decoding=\"async\" width=\"768\" height=\"1024\" src=\"http:\/\/eureloy.eu\/wp-content\/uploads\/2025\/10\/P1170306-768x1024.jpg\" alt=\"\" class=\"wp-image-620\" style=\"width:618px;height:auto\" srcset=\"https:\/\/eureloy.eu\/wp-content\/uploads\/2025\/10\/P1170306-768x1024.jpg 768w, https:\/\/eureloy.eu\/wp-content\/uploads\/2025\/10\/P1170306-225x300.jpg 225w, https:\/\/eureloy.eu\/wp-content\/uploads\/2025\/10\/P1170306-1152x1536.jpg 1152w, https:\/\/eureloy.eu\/wp-content\/uploads\/2025\/10\/P1170306-1536x2048.jpg 1536w, https:\/\/eureloy.eu\/wp-content\/uploads\/2025\/10\/P1170306-600x800.jpg 600w, https:\/\/eureloy.eu\/wp-content\/uploads\/2025\/10\/P1170306-945x1260.jpg 945w, https:\/\/eureloy.eu\/wp-content\/uploads\/2025\/10\/P1170306-scaled.jpg 1920w\" sizes=\"auto, (max-width: 768px) 100vw, 768px\" \/><\/figure>\n\n\n\n<p>Statue de St Eloi \u00e0 Notre Dame de Paris.<\/p>\n\n\n\n<figure class=\"wp-block-image size-large is-resized\"><img loading=\"lazy\" decoding=\"async\" width=\"705\" height=\"1024\" src=\"http:\/\/eureloy.eu\/wp-content\/uploads\/2025\/10\/P1170289-705x1024.jpg\" alt=\"\" class=\"wp-image-621\" style=\"width:523px;height:auto\" srcset=\"https:\/\/eureloy.eu\/wp-content\/uploads\/2025\/10\/P1170289-705x1024.jpg 705w, https:\/\/eureloy.eu\/wp-content\/uploads\/2025\/10\/P1170289-207x300.jpg 207w, https:\/\/eureloy.eu\/wp-content\/uploads\/2025\/10\/P1170289-768x1115.jpg 768w, https:\/\/eureloy.eu\/wp-content\/uploads\/2025\/10\/P1170289-1058x1536.jpg 1058w, https:\/\/eureloy.eu\/wp-content\/uploads\/2025\/10\/P1170289-1411x2048.jpg 1411w, https:\/\/eureloy.eu\/wp-content\/uploads\/2025\/10\/P1170289-600x871.jpg 600w, https:\/\/eureloy.eu\/wp-content\/uploads\/2025\/10\/P1170289-945x1372.jpg 945w, https:\/\/eureloy.eu\/wp-content\/uploads\/2025\/10\/P1170289-scaled.jpg 1764w\" sizes=\"auto, (max-width: 705px) 100vw, 705px\" \/><\/figure>\n\n\n\n<p>F\u00eate de la Saint Eloi \u00e0 Notre Dame de Paris.<\/p>\n\n\n\n<figure class=\"wp-block-image size-large is-resized\"><img loading=\"lazy\" decoding=\"async\" width=\"1024\" height=\"768\" src=\"http:\/\/eureloy.eu\/wp-content\/uploads\/2025\/10\/P1170293-1024x768.jpg\" alt=\"\" class=\"wp-image-622\" style=\"width:524px;height:auto\" srcset=\"https:\/\/eureloy.eu\/wp-content\/uploads\/2025\/10\/P1170293-1024x768.jpg 1024w, https:\/\/eureloy.eu\/wp-content\/uploads\/2025\/10\/P1170293-300x225.jpg 300w, https:\/\/eureloy.eu\/wp-content\/uploads\/2025\/10\/P1170293-768x576.jpg 768w, https:\/\/eureloy.eu\/wp-content\/uploads\/2025\/10\/P1170293-1536x1152.jpg 1536w, https:\/\/eureloy.eu\/wp-content\/uploads\/2025\/10\/P1170293-2048x1536.jpg 2048w, https:\/\/eureloy.eu\/wp-content\/uploads\/2025\/10\/P1170293-600x450.jpg 600w, https:\/\/eureloy.eu\/wp-content\/uploads\/2025\/10\/P1170293-945x709.jpg 945w\" sizes=\"auto, (max-width: 1024px) 100vw, 1024px\" \/><\/figure>\n\n\n\n<figure class=\"wp-block-image size-large is-resized\"><img loading=\"lazy\" decoding=\"async\" width=\"1024\" height=\"768\" src=\"http:\/\/eureloy.eu\/wp-content\/uploads\/2025\/10\/P1170292-1024x768.jpg\" alt=\"\" class=\"wp-image-623\" style=\"width:523px;height:auto\" srcset=\"https:\/\/eureloy.eu\/wp-content\/uploads\/2025\/10\/P1170292-1024x768.jpg 1024w, https:\/\/eureloy.eu\/wp-content\/uploads\/2025\/10\/P1170292-300x225.jpg 300w, https:\/\/eureloy.eu\/wp-content\/uploads\/2025\/10\/P1170292-768x576.jpg 768w, https:\/\/eureloy.eu\/wp-content\/uploads\/2025\/10\/P1170292-1536x1152.jpg 1536w, https:\/\/eureloy.eu\/wp-content\/uploads\/2025\/10\/P1170292-2048x1536.jpg 2048w, https:\/\/eureloy.eu\/wp-content\/uploads\/2025\/10\/P1170292-600x450.jpg 600w, https:\/\/eureloy.eu\/wp-content\/uploads\/2025\/10\/P1170292-945x709.jpg 945w\" sizes=\"auto, (max-width: 1024px) 100vw, 1024px\" \/><\/figure>\n","protected":false},"excerpt":{"rendered":"<p>Solennit\u00e9 de Saint Eloi \u00e0 Notre Dame, le 14 d\u00e9cembre 2025, voir la Newsletter. Statue de St Eloi \u00e0 Notre Dame de Paris. F\u00eate de la Saint Eloi \u00e0 Notre Dame de Paris.<\/p>\n","protected":false},"author":1,"featured_media":0,"parent":0,"menu_order":0,"comment_status":"closed","ping_status":"closed","template":"template-nosidebar.php","meta":{"footnotes":""},"class_list":["post-552","page","type-page","status-publish","hentry"],"_links":{"self":[{"href":"https:\/\/eureloy.eu\/index.php?rest_route=\/wp\/v2\/pages\/552","targetHints":{"allow":["GET"]}}],"collection":[{"href":"https:\/\/eureloy.eu\/index.php?rest_route=\/wp\/v2\/pages"}],"about":[{"href":"https:\/\/eureloy.eu\/index.php?rest_route=\/wp\/v2\/types\/page"}],"author":[{"embeddable":true,"href":"https:\/\/eureloy.eu\/index.php?rest_route=\/wp\/v2\/users\/1"}],"replies":[{"embeddable":true,"href":"https:\/\/eureloy.eu\/index.php?rest_route=%2Fwp%2Fv2%2Fcomments&post=552"}],"version-history":[{"count":7,"href":"https:\/\/eureloy.eu\/index.php?rest_route=\/wp\/v2\/pages\/552\/revisions"}],"predecessor-version":[{"id":958,"href":"https:\/\/eureloy.eu\/index.php?rest_route=\/wp\/v2\/pages\/552\/revisions\/958"}],"wp:attachment":[{"href":"https:\/\/eureloy.eu\/index.php?rest_route=%2Fwp%2Fv2%2Fmedia&parent=552"}],"curies":[{"name":"wp","href":"https:\/\/api.w.org\/{rel}","templated":true}]}}