{"id":556,"date":"2025-10-02T11:12:50","date_gmt":"2025-10-02T09:12:50","guid":{"rendered":"https:\/\/eureloy.eu\/?page_id=556"},"modified":"2026-02-23T12:34:57","modified_gmt":"2026-02-23T11:34:57","slug":"confrerie-des-marguilliers-de-st-eloi-noyon","status":"publish","type":"page","link":"https:\/\/eureloy.eu\/?page_id=556","title":{"rendered":"Confr\u00e9rie des Marguilliers de St Eloi &#8211; Noyon"},"content":{"rendered":"\n<figure class=\"wp-block-image size-large is-resized\"><img loading=\"lazy\" decoding=\"async\" width=\"1024\" height=\"678\" src=\"https:\/\/eureloy.eu\/wp-content\/uploads\/2026\/02\/ostension-chaptelat-058-1024x678.jpg\" alt=\"\" class=\"wp-image-1011\" style=\"width:512px;height:auto\" srcset=\"https:\/\/eureloy.eu\/wp-content\/uploads\/2026\/02\/ostension-chaptelat-058-1024x678.jpg 1024w, https:\/\/eureloy.eu\/wp-content\/uploads\/2026\/02\/ostension-chaptelat-058-300x199.jpg 300w, https:\/\/eureloy.eu\/wp-content\/uploads\/2026\/02\/ostension-chaptelat-058-768x509.jpg 768w, https:\/\/eureloy.eu\/wp-content\/uploads\/2026\/02\/ostension-chaptelat-058-1536x1017.jpg 1536w, https:\/\/eureloy.eu\/wp-content\/uploads\/2026\/02\/ostension-chaptelat-058-2048x1356.jpg 2048w, https:\/\/eureloy.eu\/wp-content\/uploads\/2026\/02\/ostension-chaptelat-058-600x397.jpg 600w, https:\/\/eureloy.eu\/wp-content\/uploads\/2026\/02\/ostension-chaptelat-058-945x626.jpg 945w\" sizes=\"auto, (max-width: 1024px) 100vw, 1024px\" \/><\/figure>\n\n\n\n<p><strong>&nbsp;&nbsp;&nbsp;&nbsp;&nbsp;&nbsp;&nbsp;&nbsp;&nbsp;&nbsp;&nbsp;&nbsp;&nbsp;&nbsp;&nbsp;&nbsp;&nbsp;&nbsp;&nbsp;&nbsp;&nbsp;&nbsp;&nbsp;&nbsp;&nbsp;&nbsp;&nbsp;&nbsp;&nbsp;&nbsp;&nbsp;&nbsp;&nbsp;&nbsp;&nbsp;&nbsp;&nbsp;&nbsp;&nbsp;&nbsp;&nbsp;&nbsp;&nbsp;&nbsp;&nbsp;&nbsp;&nbsp;&nbsp;&nbsp;&nbsp;&nbsp;&nbsp;&nbsp;&nbsp;&nbsp;&nbsp;&nbsp;&nbsp;&nbsp;&nbsp;&nbsp;&nbsp;&nbsp;&nbsp;&nbsp;&nbsp;&nbsp;&nbsp;&nbsp;&nbsp;&nbsp;&nbsp;&nbsp;&nbsp;&nbsp;&nbsp;&nbsp;&nbsp;&nbsp;&nbsp;&nbsp;&nbsp;&nbsp;&nbsp;&nbsp;&nbsp;&nbsp;&nbsp;&nbsp;&nbsp;&nbsp;&nbsp;&nbsp;&nbsp;&nbsp;&nbsp;&nbsp;&nbsp;&nbsp;&nbsp;&nbsp;&nbsp;&nbsp;&nbsp;&nbsp; 12.02.2026<\/strong><\/p>\n\n\n\n<p><strong><u>Actions de la Confr\u00e9rie des marguilliers de Saint \u00c9LOI de Noyon en 2025.<\/u><\/strong><\/p>\n\n\n\n<p>Le conseil d\u2019administration se r\u00e9unit huit \u00e0 neuf fois dans l\u2019ann\u00e9e pour pr\u00e9parer les actions de la confr\u00e9rie dans l\u2019ann\u00e9e&nbsp;:<\/p>\n\n\n\n<p>Actions permanentes &nbsp;:<\/p>\n\n\n\n<ul class=\"wp-block-list\">\n<li>l\u2019organisation des liturgies (lectures, qu\u00eates pour les messes dominicales, pour les professions de foi et confirmation entr\u2019autres, procession du 15 ao\u00fbt, participation \u00e0 la chorale)&nbsp;;<\/li>\n\n\n\n<li>le montage et d\u00e9montage de la grande cr\u00e8che de la cath\u00e9drale&nbsp;\u00e0 No\u00ebl;<\/li>\n\n\n\n<li>l\u2019accompagnement des familles en deuil (nous sommes quatre \u00e0 cinq marguilliers \u00e0 assurer ce service)&nbsp;;<\/li>\n\n\n\n<li>organisation de la visite de la salle Saint \u00c9loi (anciennement salle du tr\u00e9sor) dans la cath\u00e9drale lors des journ\u00e9es europ\u00e9ennes du patrimoine en septembre&nbsp;;<\/li>\n\n\n\n<li>organisation de la Saint \u00c9loi d\u2019\u00e9t\u00e9 d\u00e9but juin et d\u2019hiver d\u00e9but d\u00e9cembre (intronisations \u00e9ventuelles, messe, repas, v\u00eapres)&nbsp;;<\/li>\n\n\n\n<li>assembl\u00e9e g\u00e9n\u00e9rale annuelle en avril habituellement&nbsp;;<\/li>\n<\/ul>\n\n\n\n<p>Actions ponctuelles&nbsp;:<\/p>\n\n\n\n<ul class=\"wp-block-list\">\n<li>p\u00e8lerinage \u00e0 Rome dans le cadre du jubil\u00e9 des confr\u00e9ries avec le dioc\u00e8se de Limoges (deux personnes V\u00e9ronique et Bernard)&nbsp;;<\/li>\n\n\n\n<li>journ\u00e9e conviviale pour les membres de la confr\u00e9rie un dimanche d\u2019octobre avec messe, buffet partag\u00e9 et \u00e9changes sur notre engagement de marguillier&nbsp;;<\/li>\n\n\n\n<li>t\u00e9moignage de la vie de Saint \u00c9loi et de la confr\u00e9rie lors de la messe du lyc\u00e9e Schuman de Chauny (devant 2 \u00e0 300 jeunes)&nbsp;;<\/li>\n\n\n\n<li>participation de trois consoeurs et confr\u00e8re \u00e0 la Saint \u00c9loi de Paris le 14 d\u00e9cembre en la cath\u00e9drale de Paris (messe et visite de la cath\u00e9drale).<\/li>\n<\/ul>\n\n\n\n<p>&nbsp;&nbsp;&nbsp;&nbsp;&nbsp;&nbsp;&nbsp;&nbsp;&nbsp;&nbsp;&nbsp;&nbsp;&nbsp; Bernard ROGEZ<\/p>\n\n\n\n<p>St Eloi d&rsquo;\u00e9t\u00e9, le 1er juin 2025, Cath\u00e9drale Notre Dame de Noyon :<\/p>\n\n\n\n<figure class=\"wp-block-image size-full is-resized\"><img loading=\"lazy\" decoding=\"async\" width=\"600\" height=\"800\" src=\"https:\/\/eureloy.eu\/wp-content\/uploads\/2026\/02\/Devant-la-chapelle-Saint-Eloi-1-01.06.2025.jpg\" alt=\"\" class=\"wp-image-1030\" style=\"width:550px;height:auto\" srcset=\"https:\/\/eureloy.eu\/wp-content\/uploads\/2026\/02\/Devant-la-chapelle-Saint-Eloi-1-01.06.2025.jpg 600w, https:\/\/eureloy.eu\/wp-content\/uploads\/2026\/02\/Devant-la-chapelle-Saint-Eloi-1-01.06.2025-225x300.jpg 225w\" sizes=\"auto, (max-width: 600px) 100vw, 600px\" \/><\/figure>\n\n\n\n<p>Sortie des reliques de St Eloi.<\/p>\n\n\n\n<figure class=\"wp-block-image size-full is-resized\"><img loading=\"lazy\" decoding=\"async\" width=\"600\" height=\"800\" src=\"https:\/\/eureloy.eu\/wp-content\/uploads\/2026\/02\/Messe-01.06.2025.jpg\" alt=\"\" class=\"wp-image-1031\" style=\"width:538px;height:auto\" srcset=\"https:\/\/eureloy.eu\/wp-content\/uploads\/2026\/02\/Messe-01.06.2025.jpg 600w, https:\/\/eureloy.eu\/wp-content\/uploads\/2026\/02\/Messe-01.06.2025-225x300.jpg 225w\" sizes=\"auto, (max-width: 600px) 100vw, 600px\" \/><\/figure>\n\n\n\n<p>La C\u00e9l\u00e9bration du 1er juin 25.<\/p>\n\n\n\n<p>St Eloi au Lyc\u00e9e Schumann, le 27 Novembre 2025.<\/p>\n\n\n\n<figure class=\"wp-block-image size-full is-resized\"><img loading=\"lazy\" decoding=\"async\" width=\"750\" height=\"750\" src=\"https:\/\/eureloy.eu\/wp-content\/uploads\/2026\/02\/Saint-Eloi-au-Lycee-Schuman-27.11.2025.jpg\" alt=\"\" class=\"wp-image-1032\" style=\"width:536px;height:auto\" srcset=\"https:\/\/eureloy.eu\/wp-content\/uploads\/2026\/02\/Saint-Eloi-au-Lycee-Schuman-27.11.2025.jpg 750w, https:\/\/eureloy.eu\/wp-content\/uploads\/2026\/02\/Saint-Eloi-au-Lycee-Schuman-27.11.2025-300x300.jpg 300w, https:\/\/eureloy.eu\/wp-content\/uploads\/2026\/02\/Saint-Eloi-au-Lycee-Schuman-27.11.2025-150x150.jpg 150w, https:\/\/eureloy.eu\/wp-content\/uploads\/2026\/02\/Saint-Eloi-au-Lycee-Schuman-27.11.2025-600x600.jpg 600w\" sizes=\"auto, (max-width: 750px) 100vw, 750px\" \/><\/figure>\n\n\n\n<figure class=\"wp-block-image size-full is-resized\"><img loading=\"lazy\" decoding=\"async\" width=\"750\" height=\"750\" src=\"https:\/\/eureloy.eu\/wp-content\/uploads\/2026\/02\/Repas-de-la-Saint-Eloi-au-self-du-lycee-Schuman-27.11.2025.jpg\" alt=\"\" class=\"wp-image-1033\" style=\"width:541px;height:auto\" srcset=\"https:\/\/eureloy.eu\/wp-content\/uploads\/2026\/02\/Repas-de-la-Saint-Eloi-au-self-du-lycee-Schuman-27.11.2025.jpg 750w, https:\/\/eureloy.eu\/wp-content\/uploads\/2026\/02\/Repas-de-la-Saint-Eloi-au-self-du-lycee-Schuman-27.11.2025-300x300.jpg 300w, https:\/\/eureloy.eu\/wp-content\/uploads\/2026\/02\/Repas-de-la-Saint-Eloi-au-self-du-lycee-Schuman-27.11.2025-150x150.jpg 150w, https:\/\/eureloy.eu\/wp-content\/uploads\/2026\/02\/Repas-de-la-Saint-Eloi-au-self-du-lycee-Schuman-27.11.2025-600x600.jpg 600w\" sizes=\"auto, (max-width: 750px) 100vw, 750px\" \/><\/figure>\n\n\n\n<p>Le repas au self du Lyc\u00e9e Schumann.<\/p>\n\n\n\n<p>St Eloi d&rsquo;hiver, le 7 d\u00e9cembre 2025, Cath\u00e9drale Notre Dame de Noyon.<\/p>\n\n\n\n<figure class=\"wp-block-image size-full is-resized\"><img loading=\"lazy\" decoding=\"async\" width=\"750\" height=\"750\" src=\"https:\/\/eureloy.eu\/wp-content\/uploads\/2026\/02\/Messe-Saint-Eloi-dhiver-07.12.2025.jpg\" alt=\"\" class=\"wp-image-1034\" style=\"width:541px;height:auto\" srcset=\"https:\/\/eureloy.eu\/wp-content\/uploads\/2026\/02\/Messe-Saint-Eloi-dhiver-07.12.2025.jpg 750w, https:\/\/eureloy.eu\/wp-content\/uploads\/2026\/02\/Messe-Saint-Eloi-dhiver-07.12.2025-300x300.jpg 300w, https:\/\/eureloy.eu\/wp-content\/uploads\/2026\/02\/Messe-Saint-Eloi-dhiver-07.12.2025-150x150.jpg 150w, https:\/\/eureloy.eu\/wp-content\/uploads\/2026\/02\/Messe-Saint-Eloi-dhiver-07.12.2025-600x600.jpg 600w\" sizes=\"auto, (max-width: 750px) 100vw, 750px\" \/><\/figure>\n\n\n\n<figure class=\"wp-block-image size-full is-resized\"><img loading=\"lazy\" decoding=\"async\" width=\"750\" height=\"750\" src=\"https:\/\/eureloy.eu\/wp-content\/uploads\/2026\/02\/Benediction-du-pain-07.12.2025.jpg\" alt=\"\" class=\"wp-image-1035\" style=\"width:545px;height:auto\" srcset=\"https:\/\/eureloy.eu\/wp-content\/uploads\/2026\/02\/Benediction-du-pain-07.12.2025.jpg 750w, https:\/\/eureloy.eu\/wp-content\/uploads\/2026\/02\/Benediction-du-pain-07.12.2025-300x300.jpg 300w, https:\/\/eureloy.eu\/wp-content\/uploads\/2026\/02\/Benediction-du-pain-07.12.2025-150x150.jpg 150w, https:\/\/eureloy.eu\/wp-content\/uploads\/2026\/02\/Benediction-du-pain-07.12.2025-600x600.jpg 600w\" sizes=\"auto, (max-width: 750px) 100vw, 750px\" \/><\/figure>\n\n\n\n<p>La b\u00e9n\u00e9diction des pains.<\/p>\n\n\n\n<figure class=\"wp-block-image size-full is-resized\"><img loading=\"lazy\" decoding=\"async\" width=\"750\" height=\"750\" src=\"https:\/\/eureloy.eu\/wp-content\/uploads\/2026\/02\/Repas-au-Stromboli-SaintEloi-dhiver-07.12.2025.jpg\" alt=\"\" class=\"wp-image-1037\" style=\"width:555px;height:auto\" srcset=\"https:\/\/eureloy.eu\/wp-content\/uploads\/2026\/02\/Repas-au-Stromboli-SaintEloi-dhiver-07.12.2025.jpg 750w, https:\/\/eureloy.eu\/wp-content\/uploads\/2026\/02\/Repas-au-Stromboli-SaintEloi-dhiver-07.12.2025-300x300.jpg 300w, https:\/\/eureloy.eu\/wp-content\/uploads\/2026\/02\/Repas-au-Stromboli-SaintEloi-dhiver-07.12.2025-150x150.jpg 150w, https:\/\/eureloy.eu\/wp-content\/uploads\/2026\/02\/Repas-au-Stromboli-SaintEloi-dhiver-07.12.2025-600x600.jpg 600w\" sizes=\"auto, (max-width: 750px) 100vw, 750px\" \/><\/figure>\n\n\n\n<p>Le repas au Stromboli.<\/p>\n\n\n\n<p>St Eloi d&rsquo;hiver \u00e0 Notre Dame de Paris, le 14 d\u00e9cembre 2025.<\/p>\n\n\n\n<figure class=\"wp-block-image size-full is-resized\"><img loading=\"lazy\" decoding=\"async\" width=\"612\" height=\"612\" src=\"https:\/\/eureloy.eu\/wp-content\/uploads\/2026\/02\/Chapelle-Saint-Eloi-a-Notre-Dame-de-Paris-14.12.2025.jpg\" alt=\"\" class=\"wp-image-1038\" style=\"width:544px;height:auto\" srcset=\"https:\/\/eureloy.eu\/wp-content\/uploads\/2026\/02\/Chapelle-Saint-Eloi-a-Notre-Dame-de-Paris-14.12.2025.jpg 612w, https:\/\/eureloy.eu\/wp-content\/uploads\/2026\/02\/Chapelle-Saint-Eloi-a-Notre-Dame-de-Paris-14.12.2025-300x300.jpg 300w, https:\/\/eureloy.eu\/wp-content\/uploads\/2026\/02\/Chapelle-Saint-Eloi-a-Notre-Dame-de-Paris-14.12.2025-150x150.jpg 150w, https:\/\/eureloy.eu\/wp-content\/uploads\/2026\/02\/Chapelle-Saint-Eloi-a-Notre-Dame-de-Paris-14.12.2025-600x600.jpg 600w\" sizes=\"auto, (max-width: 612px) 100vw, 612px\" \/><\/figure>\n\n\n\n<p>Aupr\u00e8s de l&rsquo;autel St Eloi, \u00e0 Notre Dame, dans sa chapelle, appel\u00e9e aujourd&rsquo;hui Chapelle St Paul Chen.<\/p>\n\n\n\n<figure class=\"wp-block-image size-full is-resized\"><img loading=\"lazy\" decoding=\"async\" width=\"750\" height=\"750\" src=\"https:\/\/eureloy.eu\/wp-content\/uploads\/2026\/02\/Banniere-2-Saint-Eloi-a-Notre-Dame-de-Paris-14.12.2025.jpg\" alt=\"\" class=\"wp-image-1039\" style=\"width:561px;height:auto\" srcset=\"https:\/\/eureloy.eu\/wp-content\/uploads\/2026\/02\/Banniere-2-Saint-Eloi-a-Notre-Dame-de-Paris-14.12.2025.jpg 750w, https:\/\/eureloy.eu\/wp-content\/uploads\/2026\/02\/Banniere-2-Saint-Eloi-a-Notre-Dame-de-Paris-14.12.2025-300x300.jpg 300w, https:\/\/eureloy.eu\/wp-content\/uploads\/2026\/02\/Banniere-2-Saint-Eloi-a-Notre-Dame-de-Paris-14.12.2025-150x150.jpg 150w, https:\/\/eureloy.eu\/wp-content\/uploads\/2026\/02\/Banniere-2-Saint-Eloi-a-Notre-Dame-de-Paris-14.12.2025-600x600.jpg 600w\" sizes=\"auto, (max-width: 750px) 100vw, 750px\" \/><\/figure>\n\n\n\n<p>La banni\u00e8re d&rsquo;Eur\u00e9loy, \u00e0 Notre Dame.<\/p>\n\n\n\n<p><\/p>\n","protected":false},"excerpt":{"rendered":"<p>&nbsp;&nbsp;&nbsp;&nbsp;&nbsp;&nbsp;&nbsp;&nbsp;&nbsp;&nbsp;&nbsp;&nbsp;&nbsp;&nbsp;&nbsp;&nbsp;&nbsp;&nbsp;&nbsp;&nbsp;&nbsp;&nbsp;&nbsp;&nbsp;&nbsp;&nbsp;&nbsp;&nbsp;&nbsp;&nbsp;&nbsp;&nbsp;&nbsp;&nbsp;&nbsp;&nbsp;&nbsp;&nbsp;&nbsp;&nbsp;&nbsp;&nbsp;&nbsp;&nbsp;&nbsp;&nbsp;&nbsp;&nbsp;&nbsp;&nbsp;&nbsp;&nbsp;&nbsp;&nbsp;&nbsp;&nbsp;&nbsp;&nbsp;&nbsp;&nbsp;&nbsp;&nbsp;&nbsp;&nbsp;&nbsp;&nbsp;&nbsp;&nbsp;&nbsp;&nbsp;&nbsp;&nbsp;&nbsp;&nbsp;&nbsp;&nbsp;&nbsp;&nbsp;&nbsp;&nbsp;&nbsp;&nbsp;&nbsp;&nbsp;&nbsp;&nbsp;&nbsp;&nbsp;&nbsp;&nbsp;&nbsp;&nbsp;&nbsp;&nbsp;&nbsp;&nbsp;&nbsp;&nbsp;&nbsp;&nbsp;&nbsp;&nbsp;&nbsp;&nbsp;&nbsp; 12.02.2026 Actions de la Confr\u00e9rie des marguilliers de Saint \u00c9LOI de Noyon en 2025. Le conseil d\u2019administration se r\u00e9unit huit \u00e0 neuf fois dans l\u2019ann\u00e9e pour pr\u00e9parer les actions de la confr\u00e9rie dans l\u2019ann\u00e9e&nbsp;: Actions permanentes &nbsp;: Actions ponctuelles&nbsp;:&#8230; <a class=\"more-link\" href=\"https:\/\/eureloy.eu\/?page_id=556\">Continue Reading &rarr;<\/a><\/p>\n","protected":false},"author":1,"featured_media":0,"parent":0,"menu_order":0,"comment_status":"closed","ping_status":"closed","template":"template-nosidebar.php","meta":{"footnotes":""},"class_list":["post-556","page","type-page","status-publish","hentry"],"_links":{"self":[{"href":"https:\/\/eureloy.eu\/index.php?rest_route=\/wp\/v2\/pages\/556","targetHints":{"allow":["GET"]}}],"collection":[{"href":"https:\/\/eureloy.eu\/index.php?rest_route=\/wp\/v2\/pages"}],"about":[{"href":"https:\/\/eureloy.eu\/index.php?rest_route=\/wp\/v2\/types\/page"}],"author":[{"embeddable":true,"href":"https:\/\/eureloy.eu\/index.php?rest_route=\/wp\/v2\/users\/1"}],"replies":[{"embeddable":true,"href":"https:\/\/eureloy.eu\/index.php?rest_route=%2Fwp%2Fv2%2Fcomments&post=556"}],"version-history":[{"count":5,"href":"https:\/\/eureloy.eu\/index.php?rest_route=\/wp\/v2\/pages\/556\/revisions"}],"predecessor-version":[{"id":1040,"href":"https:\/\/eureloy.eu\/index.php?rest_route=\/wp\/v2\/pages\/556\/revisions\/1040"}],"wp:attachment":[{"href":"https:\/\/eureloy.eu\/index.php?rest_route=%2Fwp%2Fv2%2Fmedia&parent=556"}],"curies":[{"name":"wp","href":"https:\/\/api.w.org\/{rel}","templated":true}]}}