{"id":61,"date":"2025-06-18T19:16:19","date_gmt":"2025-06-18T17:16:19","guid":{"rendered":"https:\/\/eureloy.eu\/?page_id=61"},"modified":"2025-11-27T23:50:37","modified_gmt":"2025-11-27T22:50:37","slug":"nouvelles","status":"publish","type":"page","link":"https:\/\/eureloy.eu\/?page_id=61","title":{"rendered":"News of the year 2025"},"content":{"rendered":"\n<figure class=\"wp-block-image size-large is-resized\"><img loading=\"lazy\" decoding=\"async\" width=\"1024\" height=\"768\" src=\"http:\/\/eureloy.eu\/wp-content\/uploads\/2025\/09\/Photos-Rome-Site-Eureloy.eu-LR-2000-11-1024x768.jpg\" alt=\"\" class=\"wp-image-161\" style=\"width:541px;height:auto\" srcset=\"https:\/\/eureloy.eu\/wp-content\/uploads\/2025\/09\/Photos-Rome-Site-Eureloy.eu-LR-2000-11-1024x768.jpg 1024w, https:\/\/eureloy.eu\/wp-content\/uploads\/2025\/09\/Photos-Rome-Site-Eureloy.eu-LR-2000-11-300x225.jpg 300w, https:\/\/eureloy.eu\/wp-content\/uploads\/2025\/09\/Photos-Rome-Site-Eureloy.eu-LR-2000-11-768x576.jpg 768w, https:\/\/eureloy.eu\/wp-content\/uploads\/2025\/09\/Photos-Rome-Site-Eureloy.eu-LR-2000-11-1536x1152.jpg 1536w, https:\/\/eureloy.eu\/wp-content\/uploads\/2025\/09\/Photos-Rome-Site-Eureloy.eu-LR-2000-11-600x450.jpg 600w, https:\/\/eureloy.eu\/wp-content\/uploads\/2025\/09\/Photos-Rome-Site-Eureloy.eu-LR-2000-11-945x709.jpg 945w, https:\/\/eureloy.eu\/wp-content\/uploads\/2025\/09\/Photos-Rome-Site-Eureloy.eu-LR-2000-11.jpg 2000w\" sizes=\"auto, (max-width: 1024px) 100vw, 1024px\" \/><\/figure>\n\n\n\n<p><strong>Eureloy P\u00e8lerins d&rsquo;Esp\u00e9rance \u00e0 Rome 16 &#8211; 18 Mai 2025<\/strong> = <strong>Eureloy \u00e0 la Messe d&rsquo;intronisation du Pape L\u00e9on XIV<\/strong><\/p>\n\n\n\n<p><strong>P\u00e8lerins d&rsquo;Esp\u00e9rance<\/strong>  pour les Confr\u00e9ries du Monde entier, \u00e9tait pr\u00e9vu de longue date par le Pape Fran\u00e7ois dans le cadre de l&rsquo;Ann\u00e9e Jubilaire 2025, en ce mois de mai.<\/p>\n\n\n\n<p>Bien s\u00fbr, nous \u00e9tions inquiets, vu l\u2019\u00e9tat de sant\u00e9 du Saint P\u00e8re.<\/p>\n\n\n\n<p>Dans l\u2019intervalle, \u00ab&nbsp;Habemus Papam&nbsp;\u00bb<\/p>\n\n\n\n<p>Nous sommes partis du 16 au 19 mai,<\/p>\n\n\n\n<p>Le rassemblement des Confr\u00e9ries, au niveau mondial, est maintenu.<\/p>\n\n\n\n<p>Avec Bernard Rogez, pr\u00e9sident des Marguilliers de Noyon, nous avions pour mission de repr\u00e9senter nos confr\u00e9ries respectives et Eureloy, bien entendu.<\/p>\n\n\n\n<p>Le vendredi nous passons la premi\u00e8re Porte Sainte de la&nbsp; basilique Ste Marie Majeure, avec un moment de recueillement sur la tombe du Pape Fran\u00e7ois.<\/p>\n\n\n\n<p>Puis visite et recueillement \u00e0 la basilique St Pierre, o\u00f9 nous franchissons la deuxi\u00e8me Porte Sainte.<\/p>\n\n\n\n<p>Le &nbsp;rassemblement des confr\u00e9ries est pr\u00e9vu en fin d\u2019apr\u00e8s-midi \u00e0 la basilique St Jean du Latran.<\/p>\n\n\n\n<p>Nous passons la porte Sainte de cette Basilique.<\/p>\n\n\n\n<p>126 pays sont repr\u00e9sent\u00e9s.<\/p>\n\n\n\n<p>Ambiance recueillie avec une hom\u00e9lie encourageant les confr\u00e9ries dans leurs d\u00e9marches, et \u00e9galement ambiance festive, tr\u00e8s latine, avec musique et danses. Un grand moment d\u2019unit\u00e9 confraternelle.<\/p>\n\n\n\n<p>J\u2019avais pris contact avec deux Confr\u00e9ries romaines de St Eloi&nbsp;: la Confraternita de Sant\u2019Eligio degli Orefici (Bijoutiers) et l\u2019Arciconfraternite di Sant\u2019Eligio de\u2019Ferrari Roma ((Metalliers)<\/p>\n\n\n\n<p>Avec cette derni\u00e8re, il avait \u00e9t\u00e9 convenu de se retrouver lors de ce rassemblement, malheureusement, la densit\u00e9 de la foule ne nous a pas permis de nous retrouver. Mais des contacts ont \u00e9t\u00e9 \u00e9tablis. A poursuivre.<\/p>\n\n\n\n<p>La messe du dimanche, place St Pierre, pr\u00e9vue pour les Confr\u00e9ries&nbsp; a \u00e9t\u00e9 la messe d&rsquo;installation de notre nouveau Pape, L\u00e9on XIV&#8230;.<\/p>\n\n\n\n<p>Moments d\u2019intenses \u00e9motions pour notre nouveau St P\u00e8re, que nous avons pu partager avec lui.<\/p>\n\n\n\n<p>Et \u00e9galement, prier pour la paix dans le monde, suite \u00e0 son hom\u00e9lie tr\u00e8s attendue.<\/p>\n\n\n\n<p><em>\u00ab&nbsp;Fr\u00e8res et s\u0153urs, je voudrais que ce soit notre premier grand d\u00e9sir :&nbsp;une \u00c9glise unie, signe d\u2019unit\u00e9 et de communion, qui devienne ferment pour un monde r\u00e9concili\u00e9.&nbsp;\u00bb<\/em><em><\/em><\/p>\n\n\n\n<p>A nous,&nbsp;\u00ab&nbsp;P\u00e8lerins d\u2019esp\u00e9rance&nbsp;\u00bb de porter ce message.<\/p>\n\n\n\n<p>Nous avons pri\u00e9 pour vous tous, nos confr\u00e8res et cons\u0153urs d\u2019Eur\u00e9loy, et pour vos familles, aupr\u00e8s du Saint P\u00e8re.<\/p>\n\n\n\n<p>Naturellement, tout ce qui \u00e9tait pr\u00e9vu initialement, n&rsquo;a pu se faire, notamment notre participation \u00e0 la procession des Confr\u00e9ries dans Rome, o\u00f9 seules, quelques confr\u00e9ries ont pu faire cette procession.<\/p>\n\n\n\n<p>Dans l\u2019attente de nous retrouver \u00e0 Goch, les 13 \u2013 14 &amp; 15 juin, pour le rassemblement europ\u00e9en des Confr\u00e9ries de St Eloi,<\/p>\n\n\n\n<figure class=\"wp-block-image size-large is-resized\"><img decoding=\"async\" src=\"http:\/\/eureloy.eu\/wp-content\/uploads\/2025\/09\/Photos-Rome-Site-Eureloy.eu-LR-2000-9-1024x724.jpg\" alt=\"\" class=\"wp-image-166\" style=\"width:576px;height:auto\"\/><\/figure>\n\n\n\n<figure class=\"wp-block-image size-large is-resized\"><img loading=\"lazy\" decoding=\"async\" width=\"768\" height=\"1024\" src=\"http:\/\/eureloy.eu\/wp-content\/uploads\/2025\/09\/Photos-Rome-Site-Eureloy.eu-LR-2000-768x1024.jpg\" alt=\"\" class=\"wp-image-153\" style=\"width:576px;height:auto\" srcset=\"https:\/\/eureloy.eu\/wp-content\/uploads\/2025\/09\/Photos-Rome-Site-Eureloy.eu-LR-2000-768x1024.jpg 768w, https:\/\/eureloy.eu\/wp-content\/uploads\/2025\/09\/Photos-Rome-Site-Eureloy.eu-LR-2000-225x300.jpg 225w, https:\/\/eureloy.eu\/wp-content\/uploads\/2025\/09\/Photos-Rome-Site-Eureloy.eu-LR-2000-1152x1536.jpg 1152w, https:\/\/eureloy.eu\/wp-content\/uploads\/2025\/09\/Photos-Rome-Site-Eureloy.eu-LR-2000-600x800.jpg 600w, https:\/\/eureloy.eu\/wp-content\/uploads\/2025\/09\/Photos-Rome-Site-Eureloy.eu-LR-2000-945x1260.jpg 945w, https:\/\/eureloy.eu\/wp-content\/uploads\/2025\/09\/Photos-Rome-Site-Eureloy.eu-LR-2000.jpg 1500w\" sizes=\"auto, (max-width: 768px) 100vw, 768px\" \/><\/figure>\n\n\n\n<p>Ic\u00f4ne de la Vierge \u00e0 Ste Marie Majeure devant laquelle le Pape Fran\u00e7ois venait prier.<\/p>\n\n\n\n<figure class=\"wp-block-image size-large is-resized\"><img decoding=\"async\" src=\"http:\/\/eureloy.eu\/wp-content\/uploads\/2025\/09\/Photos-Rome-Site-Eureloy.eu-LR-2000-b-1024x643.jpg\" alt=\"\" class=\"wp-image-175\" style=\"width:597px;height:auto\"\/><\/figure>\n\n\n\n<figure class=\"wp-block-image size-large is-resized\"><img loading=\"lazy\" decoding=\"async\" width=\"1024\" height=\"768\" src=\"http:\/\/eureloy.eu\/wp-content\/uploads\/2025\/09\/Photos-Rome-Site-Eureloy.eu-LR-2000-2-1024x768.jpg\" alt=\"\" class=\"wp-image-154\" style=\"width:595px;height:auto\" srcset=\"https:\/\/eureloy.eu\/wp-content\/uploads\/2025\/09\/Photos-Rome-Site-Eureloy.eu-LR-2000-2-1024x768.jpg 1024w, https:\/\/eureloy.eu\/wp-content\/uploads\/2025\/09\/Photos-Rome-Site-Eureloy.eu-LR-2000-2-300x225.jpg 300w, https:\/\/eureloy.eu\/wp-content\/uploads\/2025\/09\/Photos-Rome-Site-Eureloy.eu-LR-2000-2-768x576.jpg 768w, https:\/\/eureloy.eu\/wp-content\/uploads\/2025\/09\/Photos-Rome-Site-Eureloy.eu-LR-2000-2-1536x1152.jpg 1536w, https:\/\/eureloy.eu\/wp-content\/uploads\/2025\/09\/Photos-Rome-Site-Eureloy.eu-LR-2000-2-600x450.jpg 600w, https:\/\/eureloy.eu\/wp-content\/uploads\/2025\/09\/Photos-Rome-Site-Eureloy.eu-LR-2000-2-945x709.jpg 945w, https:\/\/eureloy.eu\/wp-content\/uploads\/2025\/09\/Photos-Rome-Site-Eureloy.eu-LR-2000-2.jpg 2000w\" sizes=\"auto, (max-width: 1024px) 100vw, 1024px\" \/><\/figure>\n\n\n\n<p>Notre P\u00e8lerinage arrive \u00e0 St Pierre.<\/p>\n\n\n\n<figure class=\"wp-block-image size-large is-resized\"><img loading=\"lazy\" decoding=\"async\" width=\"768\" height=\"1024\" src=\"http:\/\/eureloy.eu\/wp-content\/uploads\/2025\/09\/Photos-Rome-Site-Eureloy.eu-LR-2000-3-768x1024.jpg\" alt=\"\" class=\"wp-image-155\" style=\"width:589px;height:auto\" srcset=\"https:\/\/eureloy.eu\/wp-content\/uploads\/2025\/09\/Photos-Rome-Site-Eureloy.eu-LR-2000-3-768x1024.jpg 768w, https:\/\/eureloy.eu\/wp-content\/uploads\/2025\/09\/Photos-Rome-Site-Eureloy.eu-LR-2000-3-225x300.jpg 225w, https:\/\/eureloy.eu\/wp-content\/uploads\/2025\/09\/Photos-Rome-Site-Eureloy.eu-LR-2000-3-1152x1536.jpg 1152w, https:\/\/eureloy.eu\/wp-content\/uploads\/2025\/09\/Photos-Rome-Site-Eureloy.eu-LR-2000-3-600x800.jpg 600w, https:\/\/eureloy.eu\/wp-content\/uploads\/2025\/09\/Photos-Rome-Site-Eureloy.eu-LR-2000-3-945x1260.jpg 945w, https:\/\/eureloy.eu\/wp-content\/uploads\/2025\/09\/Photos-Rome-Site-Eureloy.eu-LR-2000-3.jpg 1500w\" sizes=\"auto, (max-width: 768px) 100vw, 768px\" \/><\/figure>\n\n\n\n<p>Nous allons franchir la Porte Sainte de St Pierre.<\/p>\n\n\n\n<figure class=\"wp-block-image size-large is-resized\"><img loading=\"lazy\" decoding=\"async\" width=\"768\" height=\"1024\" src=\"http:\/\/eureloy.eu\/wp-content\/uploads\/2025\/09\/Photos-Rome-Site-Eureloy.eu-LR-2000-4-768x1024.jpg\" alt=\"\" class=\"wp-image-156\" style=\"width:598px;height:auto\" srcset=\"https:\/\/eureloy.eu\/wp-content\/uploads\/2025\/09\/Photos-Rome-Site-Eureloy.eu-LR-2000-4-768x1024.jpg 768w, https:\/\/eureloy.eu\/wp-content\/uploads\/2025\/09\/Photos-Rome-Site-Eureloy.eu-LR-2000-4-225x300.jpg 225w, https:\/\/eureloy.eu\/wp-content\/uploads\/2025\/09\/Photos-Rome-Site-Eureloy.eu-LR-2000-4-1152x1536.jpg 1152w, https:\/\/eureloy.eu\/wp-content\/uploads\/2025\/09\/Photos-Rome-Site-Eureloy.eu-LR-2000-4-600x800.jpg 600w, https:\/\/eureloy.eu\/wp-content\/uploads\/2025\/09\/Photos-Rome-Site-Eureloy.eu-LR-2000-4-945x1260.jpg 945w, https:\/\/eureloy.eu\/wp-content\/uploads\/2025\/09\/Photos-Rome-Site-Eureloy.eu-LR-2000-4.jpg 1500w\" sizes=\"auto, (max-width: 768px) 100vw, 768px\" \/><\/figure>\n\n\n\n<figure class=\"wp-block-image size-large is-resized\"><img loading=\"lazy\" decoding=\"async\" width=\"1024\" height=\"672\" src=\"http:\/\/eureloy.eu\/wp-content\/uploads\/2025\/09\/Photos-Rome-Site-Eureloy.eu-LR-2000-15-1024x672.jpg\" alt=\"\" class=\"wp-image-164\" style=\"width:597px;height:auto\" srcset=\"https:\/\/eureloy.eu\/wp-content\/uploads\/2025\/09\/Photos-Rome-Site-Eureloy.eu-LR-2000-15-1024x672.jpg 1024w, https:\/\/eureloy.eu\/wp-content\/uploads\/2025\/09\/Photos-Rome-Site-Eureloy.eu-LR-2000-15-300x197.jpg 300w, https:\/\/eureloy.eu\/wp-content\/uploads\/2025\/09\/Photos-Rome-Site-Eureloy.eu-LR-2000-15-768x504.jpg 768w, https:\/\/eureloy.eu\/wp-content\/uploads\/2025\/09\/Photos-Rome-Site-Eureloy.eu-LR-2000-15-1536x1008.jpg 1536w, https:\/\/eureloy.eu\/wp-content\/uploads\/2025\/09\/Photos-Rome-Site-Eureloy.eu-LR-2000-15-600x394.jpg 600w, https:\/\/eureloy.eu\/wp-content\/uploads\/2025\/09\/Photos-Rome-Site-Eureloy.eu-LR-2000-15-945x620.jpg 945w, https:\/\/eureloy.eu\/wp-content\/uploads\/2025\/09\/Photos-Rome-Site-Eureloy.eu-LR-2000-15.jpg 2000w\" sizes=\"auto, (max-width: 1024px) 100vw, 1024px\" \/><\/figure>\n\n\n\n<p>Bernard ROGEZ et son \u00e9pouse, Alain Lagane.<\/p>\n\n\n\n<figure class=\"wp-block-image size-large is-resized\"><img loading=\"lazy\" decoding=\"async\" width=\"1024\" height=\"909\" src=\"http:\/\/eureloy.eu\/wp-content\/uploads\/2025\/09\/Photos-Rome-Site-Eureloy.eu-LR-2000-5-1024x909.jpg\" alt=\"\" class=\"wp-image-157\" style=\"width:606px;height:auto\" srcset=\"https:\/\/eureloy.eu\/wp-content\/uploads\/2025\/09\/Photos-Rome-Site-Eureloy.eu-LR-2000-5-1024x909.jpg 1024w, https:\/\/eureloy.eu\/wp-content\/uploads\/2025\/09\/Photos-Rome-Site-Eureloy.eu-LR-2000-5-300x266.jpg 300w, https:\/\/eureloy.eu\/wp-content\/uploads\/2025\/09\/Photos-Rome-Site-Eureloy.eu-LR-2000-5-768x682.jpg 768w, https:\/\/eureloy.eu\/wp-content\/uploads\/2025\/09\/Photos-Rome-Site-Eureloy.eu-LR-2000-5-1536x1364.jpg 1536w, https:\/\/eureloy.eu\/wp-content\/uploads\/2025\/09\/Photos-Rome-Site-Eureloy.eu-LR-2000-5-600x533.jpg 600w, https:\/\/eureloy.eu\/wp-content\/uploads\/2025\/09\/Photos-Rome-Site-Eureloy.eu-LR-2000-5-945x839.jpg 945w, https:\/\/eureloy.eu\/wp-content\/uploads\/2025\/09\/Photos-Rome-Site-Eureloy.eu-LR-2000-5.jpg 2000w\" sizes=\"auto, (max-width: 1024px) 100vw, 1024px\" \/><\/figure>\n\n\n\n<figure class=\"wp-block-image size-large is-resized\"><img loading=\"lazy\" decoding=\"async\" width=\"1024\" height=\"768\" src=\"http:\/\/eureloy.eu\/wp-content\/uploads\/2025\/11\/Photos-Rome-Site-Eureloy.eu-LR-2000-6-1024x768.jpg\" alt=\"\" class=\"wp-image-824\" style=\"width:605px;height:auto\" srcset=\"https:\/\/eureloy.eu\/wp-content\/uploads\/2025\/11\/Photos-Rome-Site-Eureloy.eu-LR-2000-6-1024x768.jpg 1024w, https:\/\/eureloy.eu\/wp-content\/uploads\/2025\/11\/Photos-Rome-Site-Eureloy.eu-LR-2000-6-300x225.jpg 300w, https:\/\/eureloy.eu\/wp-content\/uploads\/2025\/11\/Photos-Rome-Site-Eureloy.eu-LR-2000-6-768x576.jpg 768w, https:\/\/eureloy.eu\/wp-content\/uploads\/2025\/11\/Photos-Rome-Site-Eureloy.eu-LR-2000-6-1536x1152.jpg 1536w, https:\/\/eureloy.eu\/wp-content\/uploads\/2025\/11\/Photos-Rome-Site-Eureloy.eu-LR-2000-6-600x450.jpg 600w, https:\/\/eureloy.eu\/wp-content\/uploads\/2025\/11\/Photos-Rome-Site-Eureloy.eu-LR-2000-6-945x709.jpg 945w, https:\/\/eureloy.eu\/wp-content\/uploads\/2025\/11\/Photos-Rome-Site-Eureloy.eu-LR-2000-6.jpg 2000w\" sizes=\"auto, (max-width: 1024px) 100vw, 1024px\" \/><\/figure>\n\n\n\n<p>Monument aux Migrants, par le Pape Fran\u00e7ois.<\/p>\n\n\n\n<figure class=\"wp-block-image size-large is-resized\"><img loading=\"lazy\" decoding=\"async\" width=\"837\" height=\"1024\" src=\"http:\/\/eureloy.eu\/wp-content\/uploads\/2025\/09\/Photos-Rome-Site-Eureloy.eu-LR-2000-16-837x1024.jpg\" alt=\"\" class=\"wp-image-165\" style=\"width:611px;height:auto\" srcset=\"https:\/\/eureloy.eu\/wp-content\/uploads\/2025\/09\/Photos-Rome-Site-Eureloy.eu-LR-2000-16-837x1024.jpg 837w, https:\/\/eureloy.eu\/wp-content\/uploads\/2025\/09\/Photos-Rome-Site-Eureloy.eu-LR-2000-16-245x300.jpg 245w, https:\/\/eureloy.eu\/wp-content\/uploads\/2025\/09\/Photos-Rome-Site-Eureloy.eu-LR-2000-16-768x939.jpg 768w, https:\/\/eureloy.eu\/wp-content\/uploads\/2025\/09\/Photos-Rome-Site-Eureloy.eu-LR-2000-16-1256x1536.jpg 1256w, https:\/\/eureloy.eu\/wp-content\/uploads\/2025\/09\/Photos-Rome-Site-Eureloy.eu-LR-2000-16-600x734.jpg 600w, https:\/\/eureloy.eu\/wp-content\/uploads\/2025\/09\/Photos-Rome-Site-Eureloy.eu-LR-2000-16-945x1156.jpg 945w, https:\/\/eureloy.eu\/wp-content\/uploads\/2025\/09\/Photos-Rome-Site-Eureloy.eu-LR-2000-16.jpg 1635w\" sizes=\"auto, (max-width: 837px) 100vw, 837px\" \/><\/figure>\n\n\n\n<p>Eureloy \u00e0 St Jean du Latran, pour la Rencontre Mondiale des Confr\u00e9ries.<\/p>\n\n\n\n<figure class=\"wp-block-image size-large is-resized\"><img loading=\"lazy\" decoding=\"async\" width=\"1024\" height=\"768\" src=\"http:\/\/eureloy.eu\/wp-content\/uploads\/2025\/09\/Photos-Rome-Site-Eureloy.eu-LR-2000-10-1024x768.jpg\" alt=\"\" class=\"wp-image-160\" style=\"width:607px;height:auto\" srcset=\"https:\/\/eureloy.eu\/wp-content\/uploads\/2025\/09\/Photos-Rome-Site-Eureloy.eu-LR-2000-10-1024x768.jpg 1024w, https:\/\/eureloy.eu\/wp-content\/uploads\/2025\/09\/Photos-Rome-Site-Eureloy.eu-LR-2000-10-300x225.jpg 300w, https:\/\/eureloy.eu\/wp-content\/uploads\/2025\/09\/Photos-Rome-Site-Eureloy.eu-LR-2000-10-768x576.jpg 768w, https:\/\/eureloy.eu\/wp-content\/uploads\/2025\/09\/Photos-Rome-Site-Eureloy.eu-LR-2000-10-1536x1152.jpg 1536w, https:\/\/eureloy.eu\/wp-content\/uploads\/2025\/09\/Photos-Rome-Site-Eureloy.eu-LR-2000-10-600x450.jpg 600w, https:\/\/eureloy.eu\/wp-content\/uploads\/2025\/09\/Photos-Rome-Site-Eureloy.eu-LR-2000-10-945x709.jpg 945w, https:\/\/eureloy.eu\/wp-content\/uploads\/2025\/09\/Photos-Rome-Site-Eureloy.eu-LR-2000-10.jpg 2000w\" sizes=\"auto, (max-width: 1024px) 100vw, 1024px\" \/><\/figure>\n\n\n\n<figure class=\"wp-block-image size-large is-resized\"><img loading=\"lazy\" decoding=\"async\" width=\"1024\" height=\"768\" src=\"http:\/\/eureloy.eu\/wp-content\/uploads\/2025\/09\/Photos-Rome-Site-Eureloy.eu-LR-2000-12-1024x768.jpg\" alt=\"\" class=\"wp-image-162\" style=\"width:610px;height:auto\" srcset=\"https:\/\/eureloy.eu\/wp-content\/uploads\/2025\/09\/Photos-Rome-Site-Eureloy.eu-LR-2000-12-1024x768.jpg 1024w, https:\/\/eureloy.eu\/wp-content\/uploads\/2025\/09\/Photos-Rome-Site-Eureloy.eu-LR-2000-12-300x225.jpg 300w, https:\/\/eureloy.eu\/wp-content\/uploads\/2025\/09\/Photos-Rome-Site-Eureloy.eu-LR-2000-12-768x576.jpg 768w, https:\/\/eureloy.eu\/wp-content\/uploads\/2025\/09\/Photos-Rome-Site-Eureloy.eu-LR-2000-12-1536x1152.jpg 1536w, https:\/\/eureloy.eu\/wp-content\/uploads\/2025\/09\/Photos-Rome-Site-Eureloy.eu-LR-2000-12-600x450.jpg 600w, https:\/\/eureloy.eu\/wp-content\/uploads\/2025\/09\/Photos-Rome-Site-Eureloy.eu-LR-2000-12-945x709.jpg 945w, https:\/\/eureloy.eu\/wp-content\/uploads\/2025\/09\/Photos-Rome-Site-Eureloy.eu-LR-2000-12.jpg 2000w\" sizes=\"auto, (max-width: 1024px) 100vw, 1024px\" \/><\/figure>\n\n\n\n<figure class=\"wp-block-image size-large is-resized\"><img loading=\"lazy\" decoding=\"async\" width=\"1024\" height=\"768\" src=\"http:\/\/eureloy.eu\/wp-content\/uploads\/2025\/09\/Photos-Rome-Site-Eureloy.eu-LR-2000-13-1024x768.jpg\" alt=\"\" class=\"wp-image-152\" style=\"width:611px;height:auto\" srcset=\"https:\/\/eureloy.eu\/wp-content\/uploads\/2025\/09\/Photos-Rome-Site-Eureloy.eu-LR-2000-13-1024x768.jpg 1024w, https:\/\/eureloy.eu\/wp-content\/uploads\/2025\/09\/Photos-Rome-Site-Eureloy.eu-LR-2000-13-300x225.jpg 300w, https:\/\/eureloy.eu\/wp-content\/uploads\/2025\/09\/Photos-Rome-Site-Eureloy.eu-LR-2000-13-768x576.jpg 768w, https:\/\/eureloy.eu\/wp-content\/uploads\/2025\/09\/Photos-Rome-Site-Eureloy.eu-LR-2000-13-1536x1152.jpg 1536w, https:\/\/eureloy.eu\/wp-content\/uploads\/2025\/09\/Photos-Rome-Site-Eureloy.eu-LR-2000-13-600x450.jpg 600w, https:\/\/eureloy.eu\/wp-content\/uploads\/2025\/09\/Photos-Rome-Site-Eureloy.eu-LR-2000-13-945x709.jpg 945w, https:\/\/eureloy.eu\/wp-content\/uploads\/2025\/09\/Photos-Rome-Site-Eureloy.eu-LR-2000-13.jpg 2000w\" sizes=\"auto, (max-width: 1024px) 100vw, 1024px\" \/><\/figure>\n","protected":false},"excerpt":{"rendered":"<p>Eureloy P\u00e8lerins d&rsquo;Esp\u00e9rance \u00e0 Rome 16 &#8211; 18 Mai 2025 = Eureloy \u00e0 la Messe d&rsquo;intronisation du Pape L\u00e9on XIV P\u00e8lerins d&rsquo;Esp\u00e9rance pour les Confr\u00e9ries du Monde entier, \u00e9tait pr\u00e9vu de longue date par le Pape Fran\u00e7ois dans le cadre&#8230; <a class=\"more-link\" href=\"https:\/\/eureloy.eu\/?page_id=61\">Continue Reading &rarr;<\/a><\/p>\n","protected":false},"author":1,"featured_media":0,"parent":0,"menu_order":4,"comment_status":"closed","ping_status":"closed","template":"template-nosidebar.php","meta":{"footnotes":""},"class_list":["post-61","page","type-page","status-publish","hentry"],"_links":{"self":[{"href":"https:\/\/eureloy.eu\/index.php?rest_route=\/wp\/v2\/pages\/61","targetHints":{"allow":["GET"]}}],"collection":[{"href":"https:\/\/eureloy.eu\/index.php?rest_route=\/wp\/v2\/pages"}],"about":[{"href":"https:\/\/eureloy.eu\/index.php?rest_route=\/wp\/v2\/types\/page"}],"author":[{"embeddable":true,"href":"https:\/\/eureloy.eu\/index.php?rest_route=\/wp\/v2\/users\/1"}],"replies":[{"embeddable":true,"href":"https:\/\/eureloy.eu\/index.php?rest_route=%2Fwp%2Fv2%2Fcomments&post=61"}],"version-history":[{"count":10,"href":"https:\/\/eureloy.eu\/index.php?rest_route=\/wp\/v2\/pages\/61\/revisions"}],"predecessor-version":[{"id":825,"href":"https:\/\/eureloy.eu\/index.php?rest_route=\/wp\/v2\/pages\/61\/revisions\/825"}],"wp:attachment":[{"href":"https:\/\/eureloy.eu\/index.php?rest_route=%2Fwp%2Fv2%2Fmedia&parent=61"}],"curies":[{"name":"wp","href":"https:\/\/api.w.org\/{rel}","templated":true}]}}