{"id":667,"date":"2025-10-20T18:17:48","date_gmt":"2025-10-20T16:17:48","guid":{"rendered":"https:\/\/eureloy.eu\/?page_id=667"},"modified":"2025-11-02T18:02:05","modified_gmt":"2025-11-02T17:02:05","slug":"solignac","status":"publish","type":"page","link":"https:\/\/eureloy.eu\/?page_id=667","title":{"rendered":"SOLIGNAC"},"content":{"rendered":"\n<p>Association Renaissance Solignac Le Vigen.<\/p>\n\n\n\n<p>Cette Association, membre d&rsquo;Eur\u00e9loy, a \u00e9t\u00e9 longtemps repr\u00e9sent\u00e9e par Madame No\u00eblle Gilquin,<\/p>\n\n\n\n<p>membre Fondatrice de l&rsquo;Association Eur\u00e9loy. D\u00e9c\u00e9d\u00e9e en 2025.<\/p>\n\n\n\n<p>In memoriam.<\/p>\n\n\n\n<p>L&rsquo;Abbaye de Solignac, (Haute-Vienne) a \u00e9t\u00e9 fond\u00e9e en 631 par St Eloi.<\/p>\n\n\n\n<p>Elle poss\u00e8de un reliquaire de S Eloi, et un reliquaire de St Th\u00e9au (ou St Till), ancien esclave saxon, <\/p>\n\n\n\n<p>lib\u00e9r\u00e9 par St Eloi, devenu Abb\u00e9 de l&rsquo; Abbaye de Solignac, il se retirera en ermite \u00e0 Brageac (Cantal).<\/p>\n\n\n\n<figure class=\"wp-block-image size-full is-resized\"><img loading=\"lazy\" decoding=\"async\" width=\"494\" height=\"635\" src=\"https:\/\/eureloy.eu\/wp-content\/uploads\/2025\/10\/Abbatiale-Solignac-1a-2025-10-20-181855.png\" alt=\"\" class=\"wp-image-670\" style=\"width:619px;height:auto\" srcset=\"https:\/\/eureloy.eu\/wp-content\/uploads\/2025\/10\/Abbatiale-Solignac-1a-2025-10-20-181855.png 494w, https:\/\/eureloy.eu\/wp-content\/uploads\/2025\/10\/Abbatiale-Solignac-1a-2025-10-20-181855-233x300.png 233w\" sizes=\"auto, (max-width: 494px) 100vw, 494px\" \/><\/figure>\n\n\n\n<figure class=\"wp-block-image size-full\"><img loading=\"lazy\" decoding=\"async\" width=\"930\" height=\"639\" src=\"https:\/\/eureloy.eu\/wp-content\/uploads\/2025\/10\/Solignac-2-b-2025-10-20-175757.png\" alt=\"\" class=\"wp-image-672\" srcset=\"https:\/\/eureloy.eu\/wp-content\/uploads\/2025\/10\/Solignac-2-b-2025-10-20-175757.png 930w, https:\/\/eureloy.eu\/wp-content\/uploads\/2025\/10\/Solignac-2-b-2025-10-20-175757-300x206.png 300w, https:\/\/eureloy.eu\/wp-content\/uploads\/2025\/10\/Solignac-2-b-2025-10-20-175757-768x528.png 768w, https:\/\/eureloy.eu\/wp-content\/uploads\/2025\/10\/Solignac-2-b-2025-10-20-175757-600x412.png 600w\" sizes=\"auto, (max-width: 930px) 100vw, 930px\" \/><\/figure>\n\n\n\n<figure class=\"wp-block-image size-full\"><img loading=\"lazy\" decoding=\"async\" width=\"549\" height=\"626\" src=\"https:\/\/eureloy.eu\/wp-content\/uploads\/2025\/10\/Abbatiale-Solignac-3b-2025-10-20-182235.png\" alt=\"\" class=\"wp-image-674\" srcset=\"https:\/\/eureloy.eu\/wp-content\/uploads\/2025\/10\/Abbatiale-Solignac-3b-2025-10-20-182235.png 549w, https:\/\/eureloy.eu\/wp-content\/uploads\/2025\/10\/Abbatiale-Solignac-3b-2025-10-20-182235-263x300.png 263w\" sizes=\"auto, (max-width: 549px) 100vw, 549px\" \/><\/figure>\n","protected":false},"excerpt":{"rendered":"<p>Association Renaissance Solignac Le Vigen. Cette Association, membre d&rsquo;Eur\u00e9loy, a \u00e9t\u00e9 longtemps repr\u00e9sent\u00e9e par Madame No\u00eblle Gilquin, membre Fondatrice de l&rsquo;Association Eur\u00e9loy. D\u00e9c\u00e9d\u00e9e en 2025. In memoriam. L&rsquo;Abbaye de Solignac, (Haute-Vienne) a \u00e9t\u00e9 fond\u00e9e en 631 par St Eloi. Elle&#8230; <a class=\"more-link\" href=\"https:\/\/eureloy.eu\/?page_id=667\">Continue Reading &rarr;<\/a><\/p>\n","protected":false},"author":1,"featured_media":0,"parent":297,"menu_order":0,"comment_status":"closed","ping_status":"closed","template":"template-nosidebar.php","meta":{"footnotes":""},"class_list":["post-667","page","type-page","status-publish","hentry"],"_links":{"self":[{"href":"https:\/\/eureloy.eu\/index.php?rest_route=\/wp\/v2\/pages\/667","targetHints":{"allow":["GET"]}}],"collection":[{"href":"https:\/\/eureloy.eu\/index.php?rest_route=\/wp\/v2\/pages"}],"about":[{"href":"https:\/\/eureloy.eu\/index.php?rest_route=\/wp\/v2\/types\/page"}],"author":[{"embeddable":true,"href":"https:\/\/eureloy.eu\/index.php?rest_route=\/wp\/v2\/users\/1"}],"replies":[{"embeddable":true,"href":"https:\/\/eureloy.eu\/index.php?rest_route=%2Fwp%2Fv2%2Fcomments&post=667"}],"version-history":[{"count":4,"href":"https:\/\/eureloy.eu\/index.php?rest_route=\/wp\/v2\/pages\/667\/revisions"}],"predecessor-version":[{"id":675,"href":"https:\/\/eureloy.eu\/index.php?rest_route=\/wp\/v2\/pages\/667\/revisions\/675"}],"up":[{"embeddable":true,"href":"https:\/\/eureloy.eu\/index.php?rest_route=\/wp\/v2\/pages\/297"}],"wp:attachment":[{"href":"https:\/\/eureloy.eu\/index.php?rest_route=%2Fwp%2Fv2%2Fmedia&parent=667"}],"curies":[{"name":"wp","href":"https:\/\/api.w.org\/{rel}","templated":true}]}}