{"id":784,"date":"2025-11-10T19:03:17","date_gmt":"2025-11-10T18:03:17","guid":{"rendered":"https:\/\/eureloy.eu\/?page_id=784"},"modified":"2025-11-10T19:04:31","modified_gmt":"2025-11-10T18:04:31","slug":"culte-de-st-eloi-en-europe-dans-le-monde","status":"publish","type":"page","link":"https:\/\/eureloy.eu\/?page_id=784","title":{"rendered":"Culte de St Eloi en Europe &amp; dans le Monde"},"content":{"rendered":"\n<p><\/p>\n\n\n\n<p>&nbsp;La v\u00e9n\u00e9ration pour St Eloi remonte au XI\u00e8me si\u00e8cle, lorsqu\u2019il f\u00fbt reconnu comme saint patron des forgerons et des mar\u00e9chaux ferrants, guildes tr\u00e8s influentes au Moyen \u00c2ge, puis par les bijoutiers et orf\u00e8vres.<\/p>\n\n\n\n<p>&nbsp;&nbsp;&nbsp;&nbsp;&nbsp;&nbsp;&nbsp;&nbsp;&nbsp;&nbsp;&nbsp;&nbsp;&nbsp;&nbsp;&nbsp; Le Compagnonnage a permis le d\u00e9veloppement de son culte dans toute la France et dans toute l\u2019Europe. Les migrations ont emmen\u00e9 St Eloi avec elles, les espagnols, vers le sud des Etats Unis (une ville s\u2019appelle Eloy en Arizona) et vers l\u2019Am\u00e9rique du Sud (Chili, Argentine, Bolivie&nbsp;: un monast\u00e8re de la ville de Potosi poss\u00e8de un reliquaire de Saint Eloi.), et les Fran\u00e7ais&nbsp; au Canada.<\/p>\n\n\n\n<p>&nbsp;&nbsp;&nbsp;&nbsp;&nbsp;&nbsp;&nbsp;&nbsp;&nbsp;&nbsp;&nbsp;&nbsp;&nbsp;&nbsp;&nbsp; Outre les professionnels du m\u00e9tal et du marteau, les m\u00e9tiers utilisant les chevaux, dont St Eloi est un saint protecteur, les agriculteurs, le v\u00e9n\u00e8rent \u00e9galement, notamment, en Bretagne et en Camargue et en Provence.<\/p>\n\n\n\n<p>Aujourd\u2019hui qui v\u00e9n\u00e8re encore St Eloi ?<\/p>\n\n\n\n<p>&nbsp;&nbsp;&nbsp;&nbsp;&nbsp;&nbsp;&nbsp;&nbsp;&nbsp;&nbsp;&nbsp;&nbsp;&nbsp;&nbsp;&nbsp; R\u00e9parties dans toute la France, une cinquantaine de Confr\u00e9ries se r\u00e9clament de St Eloi, sans compter les Confr\u00e9ries Belges, Hollandaises, Allemandes, Italiennes, Espagnoles, Tch\u00e8ques\u2026ce qui repr\u00e9sente un total sup\u00e9rieur \u00e0&nbsp; 100 confr\u00e9ries..<\/p>\n\n\n\n<p>&nbsp;&nbsp;&nbsp;&nbsp;&nbsp;&nbsp;&nbsp;&nbsp;&nbsp;&nbsp;&nbsp;&nbsp;&nbsp;&nbsp;&nbsp; Les plus nombreuses sont les confr\u00e9ries issues de corporations de m\u00e9talliers,<\/p>\n\n\n\n<p>&nbsp;&nbsp;&nbsp;&nbsp;&nbsp;&nbsp;&nbsp;&nbsp;&nbsp;&nbsp;&nbsp;&nbsp;&nbsp;&nbsp;&nbsp; Les forgerons sont devenus m\u00e9caniciens automobile, mais aussi m\u00e9caniciens d\u2019entretien du mat\u00e9riel dans l\u2019Arm\u00e9e et \u00e9galement des m\u00e9caniciens de l\u2019Aviation.<\/p>\n\n\n\n<p>&nbsp;&nbsp;&nbsp;&nbsp;&nbsp;&nbsp;&nbsp;&nbsp;&nbsp;&nbsp;&nbsp;&nbsp;&nbsp;&nbsp;&nbsp; La f\u00eate de St Eloi, le 1er d\u00e9cembre donne lieu \u00e0 de grandes c\u00e9l\u00e9brations dans l\u2019Arm\u00e9e.<\/p>\n\n\n\n<p>&nbsp;&nbsp;&nbsp;&nbsp;&nbsp;&nbsp;&nbsp;&nbsp;&nbsp;&nbsp;&nbsp;&nbsp;&nbsp;&nbsp;&nbsp; Les M\u00e9caniciens&nbsp; d\u2019Istres et de Salon de Provence re\u00e7oivent une m\u00e9daille de St Eloi \u00e0 cette occasion.<\/p>\n\n\n\n<p>&nbsp;&nbsp;&nbsp;&nbsp;&nbsp;&nbsp;&nbsp;&nbsp;&nbsp;&nbsp;&nbsp;&nbsp;&nbsp;&nbsp;&nbsp; Les Compagnons forgerons et mar\u00e9chaux ferrants se r\u00e9unissent et f\u00eatent St Eloi.<\/p>\n\n\n\n<p>&nbsp;Ils fabriquaient le Bouquet de St Eloi, avec des fers \u00e0 cheval difficiles \u00e0 forger, car fers orthop\u00e9diques, et ce bouquet montrait leur savoir-faire et &nbsp;leur servait d\u2019enseigne sur leur ateliers. Il n\u2019est pas rare d\u2019en voir encore aujourd\u2019hui.<\/p>\n\n\n\n<p>&nbsp;&nbsp;&nbsp;&nbsp;&nbsp;&nbsp;&nbsp;&nbsp;&nbsp;&nbsp;&nbsp;&nbsp;&nbsp;&nbsp;&nbsp; St Eloi \u00e9tait orf\u00e8vre, les bijoutiers en ont fait leur saint patron, on peut citer Perpignan, avec la Confr\u00e9rie de St Eloi du Grenat\u2026 ou une confr\u00e9rie de bijoutiers de Prague, qui re\u00e7ut en son temps une chasse dite Mitre de St Eloi, en cadeau d\u2019un roi de France.<\/p>\n\n\n\n<p>&nbsp;&nbsp;&nbsp;&nbsp;&nbsp;&nbsp;&nbsp;&nbsp;&nbsp;&nbsp;&nbsp; Saint Eloi frappait monnaie, il est aujourd\u2019hui le Saint Patron des Numismates dans le Monde Entier&nbsp;.&nbsp;&nbsp;&nbsp;&nbsp;&nbsp;&nbsp;&nbsp;&nbsp;&nbsp;&nbsp;&nbsp;&nbsp;&nbsp;&nbsp;<\/p>\n\n\n\n<p>&nbsp; Des confr\u00e9ries religieuses \u00e0 but caritatif, notamment impliqu\u00e9es dans les obs\u00e8ques, v\u00e9n\u00e8rent \u00e9galement St Eloi, voir les Charitables, dans le Nord de la France (B\u00e9thune, Beuvry\u2026) toujours tr\u00e8s actifs.<\/p>\n\n\n\n<p>&nbsp;&nbsp;&nbsp;&nbsp;&nbsp;&nbsp;&nbsp;&nbsp;&nbsp;&nbsp;&nbsp;&nbsp;&nbsp;&nbsp;&nbsp; Outre les m\u00e9tiers dont on vient de parler, St Eloi est le Saint patron d\u2019un grand nombre d\u2019autres m\u00e9tiers :<\/p>\n\n\n\n<p>&nbsp;&nbsp;&nbsp;&nbsp;&nbsp;&nbsp;&nbsp;&nbsp;&nbsp;&nbsp;&nbsp;&nbsp;&nbsp;&nbsp;&nbsp; les \u00e9mailleurs, on dit que St Eloi serait \u00e0 l\u2019origine des c\u00e9l\u00e8bres \u00e9maux de Limoges.<\/p>\n\n\n\n<p>Il est le Saint Patron de la m\u00e9tallurgie et de la sid\u00e9rurgie, des serruriers, des balanciers\u2026&nbsp;&nbsp;&nbsp;&nbsp;&nbsp;&nbsp;&nbsp;&nbsp;&nbsp;&nbsp;&nbsp;&nbsp;&nbsp;&nbsp;<\/p>\n\n\n\n<p>Les Mar\u00e9chaux Ferrants soignant les pieds des chevaux, les v\u00e9t\u00e9rinaires l\u2019ont \u00e9galement pris pour Saint Patron.<\/p>\n\n\n\n<p>&nbsp;&nbsp;&nbsp;&nbsp;&nbsp;&nbsp;&nbsp;&nbsp;&nbsp;&nbsp;&nbsp;&nbsp;&nbsp;&nbsp;&nbsp; Pour des raisons plus obscures, il est le Saint Patron des Informaticiens, des gaziers\u2026mais ceux-ci l\u2019ignorent sans doute aujourd\u2019hui.<\/p>\n\n\n\n<p><\/p>\n","protected":false},"excerpt":{"rendered":"<p>&nbsp;La v\u00e9n\u00e9ration pour St Eloi remonte au XI\u00e8me si\u00e8cle, lorsqu\u2019il f\u00fbt reconnu comme saint patron des forgerons et des mar\u00e9chaux ferrants, guildes tr\u00e8s influentes au Moyen \u00c2ge, puis par les bijoutiers et orf\u00e8vres. &nbsp;&nbsp;&nbsp;&nbsp;&nbsp;&nbsp;&nbsp;&nbsp;&nbsp;&nbsp;&nbsp;&nbsp;&nbsp;&nbsp;&nbsp; Le Compagnonnage a permis le d\u00e9veloppement&#8230; <a class=\"more-link\" href=\"https:\/\/eureloy.eu\/?page_id=784\">Continue Reading &rarr;<\/a><\/p>\n","protected":false},"author":1,"featured_media":0,"parent":0,"menu_order":0,"comment_status":"closed","ping_status":"closed","template":"template-nosidebar.php","meta":{"footnotes":""},"class_list":["post-784","page","type-page","status-publish","hentry"],"_links":{"self":[{"href":"https:\/\/eureloy.eu\/index.php?rest_route=\/wp\/v2\/pages\/784","targetHints":{"allow":["GET"]}}],"collection":[{"href":"https:\/\/eureloy.eu\/index.php?rest_route=\/wp\/v2\/pages"}],"about":[{"href":"https:\/\/eureloy.eu\/index.php?rest_route=\/wp\/v2\/types\/page"}],"author":[{"embeddable":true,"href":"https:\/\/eureloy.eu\/index.php?rest_route=\/wp\/v2\/users\/1"}],"replies":[{"embeddable":true,"href":"https:\/\/eureloy.eu\/index.php?rest_route=%2Fwp%2Fv2%2Fcomments&post=784"}],"version-history":[{"count":1,"href":"https:\/\/eureloy.eu\/index.php?rest_route=\/wp\/v2\/pages\/784\/revisions"}],"predecessor-version":[{"id":786,"href":"https:\/\/eureloy.eu\/index.php?rest_route=\/wp\/v2\/pages\/784\/revisions\/786"}],"wp:attachment":[{"href":"https:\/\/eureloy.eu\/index.php?rest_route=%2Fwp%2Fv2%2Fmedia&parent=784"}],"curies":[{"name":"wp","href":"https:\/\/api.w.org\/{rel}","templated":true}]}}